{"id":36,"date":"2023-10-12T02:36:41","date_gmt":"2023-10-12T05:36:41","guid":{"rendered":"http:\/\/blog.cancaonova.com\/evoraportugal\/?page_id=36"},"modified":"2023-11-21T13:15:39","modified_gmt":"2023-11-21T16:15:39","slug":"loja","status":"publish","type":"page","link":"https:\/\/blog.cancaonova.com\/evoraportugal\/loja\/","title":{"rendered":"Loja"},"content":{"rendered":"<p>A Livraria e Loja Can\u00e7\u00e3o Nova localizam \u00e0s Portas de Moura &#8211; Rua da Miseric\u00f3rdia, 13, de segunda a sexta das 10h as 18h.\u00a0 &#8211; S\u00e1bados das 9h30 as 13h.<br \/>\nA Comunidade Can\u00e7\u00e3o Nova\u00a0 tem a tutela cedida da ermida hist\u00f3rica da Capela de S\u00e3o Man\u00e7os &#8211; Portas de Moura bem ao lado.<br \/>\nNa loja al\u00e9m de materiais lit\u00fargicos, livros e artigos religiosos voc\u00ea encontrar\u00e1 nossos mission\u00e1rios que desenvolvem atividades diversas de agendamento de\u00a0miss\u00f5es, atendimento de ora\u00e7\u00e3o, vocacional, confiss\u00f5es dentre outros servi\u00e7os.<\/p>\n<p>Nossa miss\u00e3o \u00e9 evangelizar!<\/p>\n<p>Telefone: (351) 266 070 700<br \/>\nContato: loja.evora@cancaonova.pt<\/p>\n","protected":false},"excerpt":{"rendered":"<p>A Livraria e Loja Can\u00e7\u00e3o Nova localizam \u00e0s Portas de Moura &#8211; Rua da Miseric\u00f3rdia, 13, de segunda a sexta das 10h as 18h.\u00a0 &#8211; S\u00e1bados das 9h30 as 13h. A Comunidade Can\u00e7\u00e3o Nova\u00a0 tem a tutela cedida da ermida&#8230;<\/p>\n","protected":false},"author":4539,"featured_media":0,"parent":0,"menu_order":0,"comment_status":"closed","ping_status":"closed","template":"","meta":{"footnotes":""},"_links":{"self":[{"href":"https:\/\/blog.cancaonova.com\/evoraportugal\/wp-json\/wp\/v2\/pages\/36"}],"collection":[{"href":"https:\/\/blog.cancaonova.com\/evoraportugal\/wp-json\/wp\/v2\/pages"}],"about":[{"href":"https:\/\/blog.cancaonova.com\/evoraportugal\/wp-json\/wp\/v2\/types\/page"}],"author":[{"embeddable":true,"href":"https:\/\/blog.cancaonova.com\/evoraportugal\/wp-json\/wp\/v2\/users\/4539"}],"replies":[{"embeddable":true,"href":"https:\/\/blog.cancaonova.com\/evoraportugal\/wp-json\/wp\/v2\/comments?post=36"}],"version-history":[{"count":4,"href":"https:\/\/blog.cancaonova.com\/evoraportugal\/wp-json\/wp\/v2\/pages\/36\/revisions"}],"predecessor-version":[{"id":70,"href":"https:\/\/blog.cancaonova.com\/evoraportugal\/wp-json\/wp\/v2\/pages\/36\/revisions\/70"}],"wp:attachment":[{"href":"https:\/\/blog.cancaonova.com\/evoraportugal\/wp-json\/wp\/v2\/media?parent=36"}],"curies":[{"name":"wp","href":"https:\/\/api.w.org\/{rel}","templated":true}]}}