{"id":40,"date":"2023-12-12T02:44:22","date_gmt":"2023-12-12T05:44:22","guid":{"rendered":"http:\/\/blog.cancaonova.com\/evoraportugal\/?page_id=40"},"modified":"2024-02-06T08:25:47","modified_gmt":"2024-02-06T11:25:47","slug":"nosso-contato","status":"publish","type":"page","link":"https:\/\/blog.cancaonova.com\/evoraportugal\/nosso-contato\/","title":{"rendered":"Nosso Contato"},"content":{"rendered":"<blockquote>\n<h1 style=\"text-align: center\">Comunidade<\/h1>\n<h1 style=\"text-align: center\">Can\u00e7\u00e3o Nova \u00c9vora\u00a0 Portugal<\/h1>\n<h1 style=\"text-align: center\">Nossa miss\u00e3o \u00e9 evangelizar<\/h1>\n<\/blockquote>\n<p>&nbsp;<\/p>\n<p style=\"text-align: center\"><img loading=\"lazy\" decoding=\"async\" class=\"alignnone size-medium wp-image-86\" src=\"http:\/\/blog.cancaonova.com\/evoraportugal\/files\/2023\/12\/cropped-EVORA-PT-PREFERENCIAL-AZUL-300x300.png\" alt=\"\" width=\"300\" height=\"300\" srcset=\"https:\/\/blog.cancaonova.com\/evoraportugal\/files\/2023\/12\/cropped-EVORA-PT-PREFERENCIAL-AZUL-300x300.png 300w, https:\/\/blog.cancaonova.com\/evoraportugal\/files\/2023\/12\/cropped-EVORA-PT-PREFERENCIAL-AZUL-150x150.png 150w, https:\/\/blog.cancaonova.com\/evoraportugal\/files\/2023\/12\/cropped-EVORA-PT-PREFERENCIAL-AZUL-270x270.png 270w, https:\/\/blog.cancaonova.com\/evoraportugal\/files\/2023\/12\/cropped-EVORA-PT-PREFERENCIAL-AZUL-192x192.png 192w, https:\/\/blog.cancaonova.com\/evoraportugal\/files\/2023\/12\/cropped-EVORA-PT-PREFERENCIAL-AZUL-180x180.png 180w, https:\/\/blog.cancaonova.com\/evoraportugal\/files\/2023\/12\/cropped-EVORA-PT-PREFERENCIAL-AZUL-32x32.png 32w, https:\/\/blog.cancaonova.com\/evoraportugal\/files\/2023\/12\/cropped-EVORA-PT-PREFERENCIAL-AZUL.png 512w\" sizes=\"(max-width: 300px) 100vw, 300px\" \/><\/p>\n<p>&nbsp;<\/p>\n<p>&nbsp;<\/p>\n<h4 style=\"text-align: center\">Respons\u00e1vel local:\u00a0<a href=\"https:\/\/www.instagram.com\/padreademircn\/\">Pe, Ademir Costa &#8211; Comunidade Can\u00e7\u00e3o Nova<\/a><\/h4>\n<p style=\"text-align: center\">Email contato: evora@cancaonova.pt<br \/>\nTelefone Geral: +351 266 070\u00a0700<\/p>\n<h3><\/h3>\n<h3 style=\"text-align: center\">Forma\u00e7\u00e3o e Vocacional local: <a href=\"https:\/\/www.instagram.com\/grazzycn\/\">Grazielle Camara\u00a0&#8211; Comunidade Can\u00e7\u00e3o Nova<\/a><\/h3>\n<p style=\"text-align: center\">Email contato: vocacional.evora@cancaonova.pt<\/p>\n<p>&nbsp;<\/p>\n<h3 style=\"text-align: center\"><strong><a href=\"https:\/\/www.facebook.com\/cancaonovaevorapt\">Livraria\u00a0 &#8211; Loja &#8211; Vocacional &#8211;\u00a0Clube da Evangeliza\u00e7\u00e3o &#8211; Eventos<\/a><\/strong><br \/>\n<a href=\"https:\/\/maps.app.goo.gl\/XjTJoekExGMm2Vof6\">R. da Miseric\u00f3rdia 13, 7000-647 \u2013 \u00c9vora<\/a><\/h3>\n<p style=\"text-align: center\">\u00a0Referencia; Pra\u00e7a do Tribunal &#8211; Portas de Moura<\/p>\n<p style=\"text-align: center\">Email contato: loja.evora@cancaonova.pt<\/p>\n<p style=\"text-align: center\">Telefone Geral: +351 266 070\u00a0700<\/p>\n<p style=\"text-align: center\">De segunda a sexta das 10h as 18h &#8211; S\u00e1bado 9h30 \u00e0s 13h<\/p>\n<h2 style=\"text-align: center\"><strong>Podemos ir at\u00e9 sua cidade ou par\u00f3quia entre em contato connosco!<\/strong><\/h2>\n","protected":false},"excerpt":{"rendered":"<p>Comunidade Can\u00e7\u00e3o Nova \u00c9vora\u00a0 Portugal Nossa miss\u00e3o \u00e9 evangelizar &nbsp; &nbsp; &nbsp; Respons\u00e1vel local:\u00a0Pe, Ademir Costa &#8211; Comunidade Can\u00e7\u00e3o Nova Email contato: evora@cancaonova.pt Telefone Geral: +351 266 070\u00a0700 Forma\u00e7\u00e3o e Vocacional local: Grazielle Camara\u00a0&#8211; Comunidade Can\u00e7\u00e3o Nova Email contato: vocacional.evora@cancaonova.pt&#8230;<\/p>\n","protected":false},"author":4539,"featured_media":86,"parent":0,"menu_order":0,"comment_status":"closed","ping_status":"closed","template":"","meta":{"footnotes":""},"_links":{"self":[{"href":"https:\/\/blog.cancaonova.com\/evoraportugal\/wp-json\/wp\/v2\/pages\/40"}],"collection":[{"href":"https:\/\/blog.cancaonova.com\/evoraportugal\/wp-json\/wp\/v2\/pages"}],"about":[{"href":"https:\/\/blog.cancaonova.com\/evoraportugal\/wp-json\/wp\/v2\/types\/page"}],"author":[{"embeddable":true,"href":"https:\/\/blog.cancaonova.com\/evoraportugal\/wp-json\/wp\/v2\/users\/4539"}],"replies":[{"embeddable":true,"href":"https:\/\/blog.cancaonova.com\/evoraportugal\/wp-json\/wp\/v2\/comments?post=40"}],"version-history":[{"count":11,"href":"https:\/\/blog.cancaonova.com\/evoraportugal\/wp-json\/wp\/v2\/pages\/40\/revisions"}],"predecessor-version":[{"id":149,"href":"https:\/\/blog.cancaonova.com\/evoraportugal\/wp-json\/wp\/v2\/pages\/40\/revisions\/149"}],"wp:featuredmedia":[{"embeddable":true,"href":"https:\/\/blog.cancaonova.com\/evoraportugal\/wp-json\/wp\/v2\/media\/86"}],"wp:attachment":[{"href":"https:\/\/blog.cancaonova.com\/evoraportugal\/wp-json\/wp\/v2\/media?parent=40"}],"curies":[{"name":"wp","href":"https:\/\/api.w.org\/{rel}","templated":true}]}}