{"id":1541,"date":"2007-05-07T17:14:28","date_gmt":"2007-05-07T14:14:28","guid":{"rendered":"http:\/\/blog.cancaonova.com\/felipeaquino\/livros\/"},"modified":"2019-09-20T11:58:15","modified_gmt":"2019-09-20T14:58:15","slug":"livros","status":"publish","type":"page","link":"https:\/\/blog.cancaonova.com\/felipeaquino\/livros\/","title":{"rendered":"Livros"},"content":{"rendered":"<p>Os livros do Prof. Felipe Aquino, poder\u00e3o ser encontrados:<\/p>\n<p><strong>Lojas on-line;<\/strong><\/p>\n<p><a title=\"Shopping Editora Cl\u00e9ofas\" href=\"http:\/\/www.shoppingcleofas.com.br\/\" target=\"_blank\" rel=\"noopener\">Editora Cl\u00e9ofas<\/a><\/p>\n<p><a title=\"Shopping Can\u00e7\u00e3o Nova\" href=\"http:\/\/shopping.cancaonova.com\/\" target=\"_blank\" rel=\"noopener\">Can\u00e7\u00e3o Nova<\/a><\/p>\n<p><a title=\"Shopping livros Prof. Felipe Aquino\" href=\"https:\/\/www.livrarialoyola.com.br\/busca2.asp?secao=livros&amp;codsec=1&amp;var1=&amp;var2=&amp;var3=0&amp;var4=CL%C9OFAS&amp;var5=165&amp;var6=&amp;var7=0&amp;var8=0&amp;var9=1\" target=\"_blank\" rel=\"noopener\">Livraria Loyola<\/a><\/p>\n<p><a title=\"Shopping M\u00e3e da Igreja\" href=\"http:\/\/www.maedaigreja.com\/index.asp?departamento=4\" target=\"_blank\" rel=\"noopener\">M\u00e3e da Igreja<\/a><\/p>\n<p><strong>Lojas f\u00edsicas;<\/strong><\/p>\n<p>Livrarias da Can\u00e7\u00e3o Nova<\/p>\n<p>Distribuidora Loyola<\/p>\n<p>Distribuidora Ave-Maria<\/p>\n<p>Distribuidora M\u00e3e da Igreja<\/p>\n<p>E nas principais livrarias cat\u00f3licas.<\/p>\n<p><strong><em><a href=\"http:\/\/blog.cancaonova.com\/felipeaquino\/category\/livros-do-prof-felipe\/\">Deixe seu coment\u00e1rio sobre os livros aqui no Blog.<\/a><\/em><\/strong><\/p>\n<p><strong>Livros do Prof. Felipe Aquino;<br \/>\n<\/strong><br \/>\nAtualmente o Professor Felipe Aquino possui 73 livros publicados, <a title=\"Livros do Prof. Felipe Aquino\" href=\"http:\/\/www.shoppingcleofas.com.br\/\" target=\"_blank\" rel=\"noopener\">Clique aqui e conhe\u00e7a-os<\/a><\/p>\n<!-- AddThis Advanced Settings generic via filter on the_content --><!-- AddThis Share Buttons generic via filter on the_content -->","protected":false},"excerpt":{"rendered":"<p>Os livros do Prof. Felipe Aquino, poder\u00e3o ser encontrados: Lojas on-line; Editora Cl\u00e9ofas Can\u00e7\u00e3o Nova Livraria Loyola M\u00e3e da Igreja Lojas f\u00edsicas; Livrarias da Can\u00e7\u00e3o Nova Distribuidora Loyola Distribuidora Ave-Maria Distribuidora M\u00e3e da Igreja E nas principais livrarias cat\u00f3licas. Deixe&#8230;<!-- AddThis Advanced Settings generic via filter on get_the_excerpt --><!-- AddThis Share Buttons generic via filter on get_the_excerpt --><\/p>\n","protected":false},"author":29,"featured_media":0,"parent":0,"menu_order":3,"comment_status":"open","ping_status":"closed","template":"","meta":{"_mi_skip_tracking":false,"_monsterinsights_sitenote_active":false,"_monsterinsights_sitenote_note":"","_monsterinsights_sitenote_category":0,"footnotes":""},"_links":{"self":[{"href":"https:\/\/blog.cancaonova.com\/felipeaquino\/wp-json\/wp\/v2\/pages\/1541"}],"collection":[{"href":"https:\/\/blog.cancaonova.com\/felipeaquino\/wp-json\/wp\/v2\/pages"}],"about":[{"href":"https:\/\/blog.cancaonova.com\/felipeaquino\/wp-json\/wp\/v2\/types\/page"}],"author":[{"embeddable":true,"href":"https:\/\/blog.cancaonova.com\/felipeaquino\/wp-json\/wp\/v2\/users\/29"}],"replies":[{"embeddable":true,"href":"https:\/\/blog.cancaonova.com\/felipeaquino\/wp-json\/wp\/v2\/comments?post=1541"}],"version-history":[{"count":18,"href":"https:\/\/blog.cancaonova.com\/felipeaquino\/wp-json\/wp\/v2\/pages\/1541\/revisions"}],"predecessor-version":[{"id":20155,"href":"https:\/\/blog.cancaonova.com\/felipeaquino\/wp-json\/wp\/v2\/pages\/1541\/revisions\/20155"}],"wp:attachment":[{"href":"https:\/\/blog.cancaonova.com\/felipeaquino\/wp-json\/wp\/v2\/media?parent=1541"}],"curies":[{"name":"wp","href":"https:\/\/api.w.org\/{rel}","templated":true}]}}