{"id":2,"date":"2007-01-03T14:13:59","date_gmt":"2007-01-03T11:13:59","guid":{"rendered":""},"modified":"2019-09-20T11:57:32","modified_gmt":"2019-09-20T14:57:32","slug":"sobre","status":"publish","type":"page","link":"https:\/\/blog.cancaonova.com\/felipeaquino\/sobre\/","title":{"rendered":"Sobre o Prof. Felipe Aquino"},"content":{"rendered":"<div id=\"attachment_10044\" style=\"width: 238px\" class=\"wp-caption alignleft\"><a href=\"http:\/\/blog.cancaonova.com\/felipeaquino\/files\/2007\/01\/DSC_5306.jpg\"><img loading=\"lazy\" decoding=\"async\" aria-describedby=\"caption-attachment-10044\" class=\"size-full wp-image-10044 \" style=\"border: 1px solid black;\" src=\"http:\/\/blog.cancaonova.com\/felipeaquino\/files\/2007\/01\/DSC_5306.jpg\" alt=\"\" width=\"228\" height=\"283\"\/><\/a><p id=\"caption-attachment-10044\" class=\"wp-caption-text\">Prof. Felipe Aquino<\/p><\/div>\n<p>O Prof. Felipe Aquino \u00e9 doutor em engenharia mec\u00e2nica pela UNESP e Mestre na \u00e1rea pela UNIFEI (Universidade Federal de Itajub\u00e1), tamb\u00e9m foi Diretor da FAENQUIL, atual Escola de Engenharia de Lorena (EEL-USP) durante 20 anos. Casado h\u00e1 40 anos com Maria Zila (fundadora da Editora Cl\u00e9ofas), pai de cinco filhos e 9 netos.<\/p>\n<p>Trabalha com o Pe. Jonas Abib desde 1970; possui um programa na R\u00e1dio Can\u00e7\u00e3o Nova,\u201cNo Cora\u00e7\u00e3o da Igreja\u201d e dois programas na TV Can\u00e7\u00e3o Nova, \u201cEscola da F\u00e9\u201d e \u201c Pergunte e Responderemos\u201d. \u00c9 professor de Hist\u00f3ria da Igreja do Instituto de Teologia Bento XVI na Diocese de Lorena. Escreve artigos e publica not\u00edcias no Portal Can\u00e7\u00e3o Nova e no site da Editora Cl\u00e9ofas.<\/p>\n<p>Na WebTV Can\u00e7\u00e3o Nova, Professor Felipe comanda o programa &#8216;Palavras de F\u00e9&#8217;, um importante canal utilizado para ensinamentos e esclarecimentos sobre a Igreja Cat\u00f3lica e sua doutrina.<\/p>\n<p>O Professor Felipe Aquino construiu uma hist\u00f3ria liter\u00e1ria de sucesso, com 78 livros publicados. Sempre abordando temas baseados na doutrina cat\u00f3lica, ele sabe como poucos tratar de temas comuns ao ser humano como: espiritualidade, namoro, casamento, fam\u00edlia, entre outros. E por escrever sempre de maneira objetiva e de f\u00e1cil compreens\u00e3o, consegue conquistar cada vez mais leitores.<\/p>\n<p>Acesse tamb\u00e9m: <a href=\"http:\/\/www.cleofas.com.br\" target=\"_blank\" rel=\"noopener\">www.cleofas.com.br<\/a><\/p>\n<!-- AddThis Advanced Settings generic via filter on the_content --><!-- AddThis Share Buttons generic via filter on the_content -->","protected":false},"excerpt":{"rendered":"<p>O Prof. Felipe Aquino \u00e9 doutor em engenharia mec\u00e2nica pela UNESP e Mestre na \u00e1rea pela UNIFEI (Universidade Federal de Itajub\u00e1), tamb\u00e9m foi Diretor da FAENQUIL, atual Escola de Engenharia de Lorena (EEL-USP) durante 20 anos. Casado h\u00e1 40 anos&#8230;<!-- AddThis Advanced Settings generic via filter on get_the_excerpt --><!-- AddThis Share Buttons generic via filter on get_the_excerpt --><\/p>\n","protected":false},"author":29,"featured_media":0,"parent":0,"menu_order":1,"comment_status":"open","ping_status":"open","template":"","meta":{"_mi_skip_tracking":false,"_monsterinsights_sitenote_active":false,"_monsterinsights_sitenote_note":"","_monsterinsights_sitenote_category":0,"footnotes":""},"_links":{"self":[{"href":"https:\/\/blog.cancaonova.com\/felipeaquino\/wp-json\/wp\/v2\/pages\/2"}],"collection":[{"href":"https:\/\/blog.cancaonova.com\/felipeaquino\/wp-json\/wp\/v2\/pages"}],"about":[{"href":"https:\/\/blog.cancaonova.com\/felipeaquino\/wp-json\/wp\/v2\/types\/page"}],"author":[{"embeddable":true,"href":"https:\/\/blog.cancaonova.com\/felipeaquino\/wp-json\/wp\/v2\/users\/29"}],"replies":[{"embeddable":true,"href":"https:\/\/blog.cancaonova.com\/felipeaquino\/wp-json\/wp\/v2\/comments?post=2"}],"version-history":[{"count":10,"href":"https:\/\/blog.cancaonova.com\/felipeaquino\/wp-json\/wp\/v2\/pages\/2\/revisions"}],"predecessor-version":[{"id":20153,"href":"https:\/\/blog.cancaonova.com\/felipeaquino\/wp-json\/wp\/v2\/pages\/2\/revisions\/20153"}],"wp:attachment":[{"href":"https:\/\/blog.cancaonova.com\/felipeaquino\/wp-json\/wp\/v2\/media?parent=2"}],"curies":[{"name":"wp","href":"https:\/\/api.w.org\/{rel}","templated":true}]}}