{"id":8,"date":"2007-01-03T15:02:44","date_gmt":"2007-01-03T12:02:44","guid":{"rendered":"http:\/\/blog.cancaonova.com\/felipeaquino\/sobre-o-blog\/"},"modified":"2019-09-20T11:56:26","modified_gmt":"2019-09-20T14:56:26","slug":"sobre-o-blog","status":"publish","type":"page","link":"https:\/\/blog.cancaonova.com\/felipeaquino\/sobre-o-blog\/","title":{"rendered":"Sobre o Blog"},"content":{"rendered":"<p>Desde 2007, o Professor Felipe Aquino possui este blog dedicado a abordagens de temas ligados \u00e0 Igreja (teologia, moral, catequese, liturgia, fam\u00edlia, espiritualidade, sacramentos, hist\u00f3ria da Igreja, etc.), e que ao mesmo tempo fa\u00e7am parte do cotidiano da sociedade. \u00c9 um espa\u00e7o democr\u00e1tico, no qual os leitores podem participar com seus coment\u00e1rios, cr\u00edticas construtivas e sugest\u00f5es.<\/p>\n<p>\u201cEu penso que \u00e9 dispens\u00e1vel dizer \u00e0s pessoas que as opini\u00f5es que emito no meu blog e no site s\u00e3o minhas; mas sempre fundamentadas na doutrina da Igreja. A Autoridade \u00e9 a Igreja. A verdade est\u00e1 na Igreja. S\u00e3o Paulo disse que \u201cDeus quer que todos se salvem e cheguem ao conhecimento da verdade\u2019 (1Tm2,4); e que \u201ca Igreja \u00e9 a coluna e o fundamento da verdade\u201d (1Tm 3, 15). Logo, sem a Igreja n\u00e3o h\u00e1 a verdade que salva e liberta.<\/p>\n<p>Sempre que algu\u00e9m me apresentar uma palavra clara e fundamentada da Igreja, em oposi\u00e7\u00e3o ao que manifesto nos meus artigos, estarei sempre agradecido e pronto a acatar a posi\u00e7\u00e3o OFICIAL da Igreja, manifesta pelo seu Sagrado Magist\u00e9rio. Neste sentido, \u00e9 um aux\u00edlio me corrigir. Meu compromisso n\u00e3o \u00e9 comigo, mas com a nossa M\u00e3e Igreja, corpo M\u00edstico de Cristo; o \u201cSacramento universal da Salva\u00e7\u00e3o\u201d (LG,4).\u201d &#8211; Prof. Felipe Aquino<\/p>\n<!-- AddThis Advanced Settings generic via filter on the_content --><!-- AddThis Share Buttons generic via filter on the_content -->","protected":false},"excerpt":{"rendered":"<p>Desde 2007, o Professor Felipe Aquino possui este blog dedicado a abordagens de temas ligados \u00e0 Igreja (teologia, moral, catequese, liturgia, fam\u00edlia, espiritualidade, sacramentos, hist\u00f3ria da Igreja, etc.), e que ao mesmo tempo fa\u00e7am parte do cotidiano da sociedade. \u00c9&#8230;<!-- AddThis Advanced Settings generic via filter on get_the_excerpt --><!-- AddThis Share Buttons generic via filter on get_the_excerpt --><\/p>\n","protected":false},"author":29,"featured_media":0,"parent":0,"menu_order":2,"comment_status":"open","ping_status":"closed","template":"","meta":{"_mi_skip_tracking":false,"_monsterinsights_sitenote_active":false,"_monsterinsights_sitenote_note":"","_monsterinsights_sitenote_category":0,"footnotes":""},"_links":{"self":[{"href":"https:\/\/blog.cancaonova.com\/felipeaquino\/wp-json\/wp\/v2\/pages\/8"}],"collection":[{"href":"https:\/\/blog.cancaonova.com\/felipeaquino\/wp-json\/wp\/v2\/pages"}],"about":[{"href":"https:\/\/blog.cancaonova.com\/felipeaquino\/wp-json\/wp\/v2\/types\/page"}],"author":[{"embeddable":true,"href":"https:\/\/blog.cancaonova.com\/felipeaquino\/wp-json\/wp\/v2\/users\/29"}],"replies":[{"embeddable":true,"href":"https:\/\/blog.cancaonova.com\/felipeaquino\/wp-json\/wp\/v2\/comments?post=8"}],"version-history":[{"count":4,"href":"https:\/\/blog.cancaonova.com\/felipeaquino\/wp-json\/wp\/v2\/pages\/8\/revisions"}],"predecessor-version":[{"id":20150,"href":"https:\/\/blog.cancaonova.com\/felipeaquino\/wp-json\/wp\/v2\/pages\/8\/revisions\/20150"}],"wp:attachment":[{"href":"https:\/\/blog.cancaonova.com\/felipeaquino\/wp-json\/wp\/v2\/media?parent=8"}],"curies":[{"name":"wp","href":"https:\/\/api.w.org\/{rel}","templated":true}]}}