{"id":31,"date":"2009-10-17T17:50:20","date_gmt":"2009-10-17T20:50:20","guid":{"rendered":"http:\/\/blog.cancaonova.com\/folhaseca\/?page_id=31"},"modified":"2009-10-17T17:50:20","modified_gmt":"2009-10-17T20:50:20","slug":"sem-perder-o-foco","status":"publish","type":"page","link":"https:\/\/blog.cancaonova.com\/folhaseca\/sem-perder-o-foco\/","title":{"rendered":"Sem Perder o Foco"},"content":{"rendered":"<p>Um bom cinegrafista sabe que para captar uma boa imagem precisar estar sempre atento ao foco da c\u00e2mera. Sabe que qualquer descuido pode representar a perda de um registro hist\u00f3rico e que certamente n\u00e3o se repetir\u00e1 para que ele esteja preparado.<\/p>\n<p>Na vida estamos sempre perdendo o foco principal e mirando em cenas que nem s\u00e3o t\u00e3o importantes para n\u00f3s. Mas a hist\u00f3ria conta que nem todos perdem o foco. Conseguem manter o enquadramento perfeito naquilo que Deus propos. Seguem os passos de Jesus e aceitam enfrentar e sofrer tudo para n\u00e3o perder o foco, ou seja, n\u00e3o perder o caminho de santidade.<\/p>\n<p>Num m\u00eas onde a igreja celebra a vida de tantos santos que se tornaram conhecidos por n\u00e3o perderem o foco, decidi escolher S\u00e3o Francisco de Assis, para inaugurar esse espa\u00e7o. Transcrevo a seguir o texto postado pelo cancaonova.com no dia 04 de outubro, o dia de S\u00e3o Francisco. Boa Leitura.<\/p>\n<p>Francisco nasceu em Assis, na \u00dambria (It\u00e1lia) em 1182. Jovem orgulhoso, vaidoso e rico, que se tornou o mais italiano dos santos e o mais santo dos italianos.<\/p>\n<p>Com 24 anos, renunciou a toda riqueza para desposar a &#8220;Senhora Pobreza&#8221;. Aconteceu que Francisco foi para a guerra como cavaleiro, mas doente ouviu e obedeceu a voz do Patr\u00e3o que lhe dizia: <em>&#8220;Francisco, a quem \u00e9 melhor servir, ao amo ou ao criado?&#8221;<\/em>. Ele respondeu que ao amo. <em>&#8220;Porque, ent\u00e3o, transformas o amo em criado?&#8221;, replicou a voz.<\/em> No in\u00edcio de sua convers\u00e3o, foi como peregrino a Roma, vivendo como eremita e na solid\u00e3o, quando recebeu a ordem do Santo Cristo na igrejinha de S\u00e3o Dami\u00e3o: <em>&#8220;Vai restaurar minha igreja, que est\u00e1 em ru\u00ednas&#8221;.<\/em><\/p>\n<p>Partindo em miss\u00e3o de paz e bem, seguiu com perfeita alegria o Cristo pobre, casto e obediente. No campo de Assis havia uma ermida de Nossa Senhora chamada Porci\u00fancula. Este foi o lugar predileto de Francisco e dos seus companheiros, pois na Primavera do ano de 1200 j\u00e1 n\u00e3o estava s\u00f3; tinham-se unido a ele alguns valentes que pediam tamb\u00e9m esmola, trabalhavam no campo, pregavam, visitavam e consolavam os doentes.<\/p>\n<p>A partir da\u00ed, Francisco dedica-se a viagens mission\u00e1rias: Roma, Chipre, Egito, S\u00edria&#8230; Peregrinando at\u00e9 aos Lugares Santos. Quando voltou \u00e0 It\u00e1lia, em 1220, encontrou a Fraternidade dividida. Parte dos Frades n\u00e3o compreendia a simplicidade do Evangelho. Em 1223, foi a Roma e obteve a aprova\u00e7\u00e3o mais solene da Regra, como ato culminante da sua vida.<\/p>\n<p>Na \u00faltima etapa de sua vida, recebeu no Monte Alverne os estigmas de Cristo, em 1224. J\u00e1 enfraquecido por tanta penit\u00eancia e cego por chorar pelo amor que n\u00e3o \u00e9 amado, S\u00e3o Francisco de Assis, na igreja de S\u00e3o Dami\u00e3o, encontra-se rodeado pelos seus filhos espirituais e assim, recita ao mundo o c\u00e2ntico das criaturas.<\/p>\n<p>O ser\u00e1fico pai, S\u00e3o Francisco de Assis, retira-se ent\u00e3o para a Porci\u00fancula, onde morre deitado nas humildes cinzas a 3 de outubro de 1226. Passados dois anos incompletos, a 16 de julho de 1228, o Pobrezinho de Assis era canonizado por Greg\u00f3rio IX.<\/p>\n<p><strong>S\u00e3o Francisco de Assis, rogai por n\u00f3s!<\/strong><\/p>\n","protected":false},"excerpt":{"rendered":"<p>Um bom cinegrafista sabe que para captar uma boa imagem precisar estar sempre atento ao foco da c\u00e2mera. Sabe que qualquer descuido pode representar a perda de um registro hist\u00f3rico e que certamente n\u00e3o se repetir\u00e1 para que ele esteja&#8230;<\/p>\n","protected":false},"author":4397,"featured_media":0,"parent":0,"menu_order":0,"comment_status":"open","ping_status":"open","template":"","meta":{"_mi_skip_tracking":false,"_monsterinsights_sitenote_active":false,"_monsterinsights_sitenote_note":"","_monsterinsights_sitenote_category":0,"footnotes":""},"_links":{"self":[{"href":"https:\/\/blog.cancaonova.com\/folhaseca\/wp-json\/wp\/v2\/pages\/31"}],"collection":[{"href":"https:\/\/blog.cancaonova.com\/folhaseca\/wp-json\/wp\/v2\/pages"}],"about":[{"href":"https:\/\/blog.cancaonova.com\/folhaseca\/wp-json\/wp\/v2\/types\/page"}],"author":[{"embeddable":true,"href":"https:\/\/blog.cancaonova.com\/folhaseca\/wp-json\/wp\/v2\/users\/4397"}],"replies":[{"embeddable":true,"href":"https:\/\/blog.cancaonova.com\/folhaseca\/wp-json\/wp\/v2\/comments?post=31"}],"version-history":[{"count":2,"href":"https:\/\/blog.cancaonova.com\/folhaseca\/wp-json\/wp\/v2\/pages\/31\/revisions"}],"predecessor-version":[{"id":33,"href":"https:\/\/blog.cancaonova.com\/folhaseca\/wp-json\/wp\/v2\/pages\/31\/revisions\/33"}],"wp:attachment":[{"href":"https:\/\/blog.cancaonova.com\/folhaseca\/wp-json\/wp\/v2\/media?parent=31"}],"curies":[{"name":"wp","href":"https:\/\/api.w.org\/{rel}","templated":true}]}}