{"id":8,"date":"2009-10-17T11:24:26","date_gmt":"2009-10-17T14:24:26","guid":{"rendered":"http:\/\/blog.cancaonova.com\/folhaseca\/?page_id=8"},"modified":"2009-10-17T11:24:26","modified_gmt":"2009-10-17T14:24:26","slug":"por-que-folha-seca","status":"publish","type":"page","link":"https:\/\/blog.cancaonova.com\/folhaseca\/por-que-folha-seca\/","title":{"rendered":"Por que Folha Seca?"},"content":{"rendered":"<p style=\"text-align: justify\">O t\u00edtulo do Blog surgiu de um momento de ora\u00e7\u00e3o pessoal, onde Deus me lembrava das vezes em que nos sentimos verdadeiras &#8220;folhas secas&#8221; descartadas pela \u00e1rvore da vida. Quando achamos que n\u00e3o nos encaixamos com as coisas desse mundo e nos sentimos como folhas soltas pelo ch\u00e3o.<\/p>\n<p style=\"text-align: justify\">Ent\u00e3o Ele me mostrou a import\u00e2ncia dessa mat\u00e9ria org\u00e2nica para o solo seco no tempo de outono, quando a chuva \u00e9 rara.\u00a0 S\u00e3o as folhas secas que cobrem o solo e ret\u00e9m a umidade deixada pelo orvalho da madrugada.<\/p>\n<p style=\"text-align: justify\">Foi ent\u00e3o que me falou de Jesus. Para o mundo Ele foi como folha seca descartada numa tarde de outono.\u00a0 Sua morte de cruz foi para n\u00f3s (solo seco) a salva\u00e7\u00e3o. E mesmo me sentindo uma folha seca, vou sempre ter a certeza no cora\u00e7\u00e3o de que tenho import\u00e2ncia para Deus.<\/p>\n","protected":false},"excerpt":{"rendered":"<p>O t\u00edtulo do Blog surgiu de um momento de ora\u00e7\u00e3o pessoal, onde Deus me lembrava das vezes em que nos sentimos verdadeiras &#8220;folhas secas&#8221; descartadas pela \u00e1rvore da vida. Quando achamos que n\u00e3o nos encaixamos com as coisas desse mundo&#8230;<\/p>\n","protected":false},"author":4397,"featured_media":0,"parent":0,"menu_order":0,"comment_status":"open","ping_status":"open","template":"","meta":{"_mi_skip_tracking":false,"_monsterinsights_sitenote_active":false,"_monsterinsights_sitenote_note":"","_monsterinsights_sitenote_category":0,"footnotes":""},"_links":{"self":[{"href":"https:\/\/blog.cancaonova.com\/folhaseca\/wp-json\/wp\/v2\/pages\/8"}],"collection":[{"href":"https:\/\/blog.cancaonova.com\/folhaseca\/wp-json\/wp\/v2\/pages"}],"about":[{"href":"https:\/\/blog.cancaonova.com\/folhaseca\/wp-json\/wp\/v2\/types\/page"}],"author":[{"embeddable":true,"href":"https:\/\/blog.cancaonova.com\/folhaseca\/wp-json\/wp\/v2\/users\/4397"}],"replies":[{"embeddable":true,"href":"https:\/\/blog.cancaonova.com\/folhaseca\/wp-json\/wp\/v2\/comments?post=8"}],"version-history":[{"count":2,"href":"https:\/\/blog.cancaonova.com\/folhaseca\/wp-json\/wp\/v2\/pages\/8\/revisions"}],"predecessor-version":[{"id":10,"href":"https:\/\/blog.cancaonova.com\/folhaseca\/wp-json\/wp\/v2\/pages\/8\/revisions\/10"}],"wp:attachment":[{"href":"https:\/\/blog.cancaonova.com\/folhaseca\/wp-json\/wp\/v2\/media?parent=8"}],"curies":[{"name":"wp","href":"https:\/\/api.w.org\/{rel}","templated":true}]}}