{"id":10819,"date":"2013-08-08T18:17:26","date_gmt":"2013-08-08T15:17:26","guid":{"rendered":"http:\/\/blog.cancaonova.com\/fortaleza\/"},"modified":"2022-02-14T11:01:58","modified_gmt":"2022-02-14T14:01:58","slug":"consagrados","status":"publish","type":"page","link":"https:\/\/blog.cancaonova.com\/fortaleza\/casa-de-missao-sao-jose\/consagrados\/","title":{"rendered":"Mission\u00e1rios"},"content":{"rendered":"<h1>Mission\u00e1rios &#8211; N\u00facleo<\/h1>\n<p>&nbsp;<\/p>\n<p>&nbsp;<\/p>\n<h1>Mission\u00e1rios &#8211; Segundo Elo<\/h1>\n<p>&nbsp;<\/p>\n","protected":false},"excerpt":{"rendered":"<p>Mission\u00e1rios &#8211; N\u00facleo &nbsp; &nbsp; Mission\u00e1rios &#8211; Segundo Elo &nbsp;<\/p>\n","protected":false},"author":26,"featured_media":0,"parent":7018,"menu_order":2,"comment_status":"open","ping_status":"open","template":"","meta":{"_mi_skip_tracking":false,"_monsterinsights_sitenote_active":false,"_monsterinsights_sitenote_note":"","_monsterinsights_sitenote_category":0,"footnotes":""},"_links":{"self":[{"href":"https:\/\/blog.cancaonova.com\/fortaleza\/wp-json\/wp\/v2\/pages\/10819"}],"collection":[{"href":"https:\/\/blog.cancaonova.com\/fortaleza\/wp-json\/wp\/v2\/pages"}],"about":[{"href":"https:\/\/blog.cancaonova.com\/fortaleza\/wp-json\/wp\/v2\/types\/page"}],"author":[{"embeddable":true,"href":"https:\/\/blog.cancaonova.com\/fortaleza\/wp-json\/wp\/v2\/users\/26"}],"replies":[{"embeddable":true,"href":"https:\/\/blog.cancaonova.com\/fortaleza\/wp-json\/wp\/v2\/comments?post=10819"}],"version-history":[{"count":12,"href":"https:\/\/blog.cancaonova.com\/fortaleza\/wp-json\/wp\/v2\/pages\/10819\/revisions"}],"predecessor-version":[{"id":14006,"href":"https:\/\/blog.cancaonova.com\/fortaleza\/wp-json\/wp\/v2\/pages\/10819\/revisions\/14006"}],"up":[{"embeddable":true,"href":"https:\/\/blog.cancaonova.com\/fortaleza\/wp-json\/wp\/v2\/pages\/7018"}],"wp:attachment":[{"href":"https:\/\/blog.cancaonova.com\/fortaleza\/wp-json\/wp\/v2\/media?parent=10819"}],"curies":[{"name":"wp","href":"https:\/\/api.w.org\/{rel}","templated":true}]}}