{"id":13261,"date":"2019-01-24T12:34:05","date_gmt":"2019-01-24T14:34:05","guid":{"rendered":"http:\/\/blog.cancaonova.com\/fortaleza\/?page_id=13261"},"modified":"2024-05-08T22:44:49","modified_gmt":"2024-05-09T01:44:49","slug":"eventos-externos","status":"publish","type":"page","link":"https:\/\/blog.cancaonova.com\/fortaleza\/eventos-externos\/","title":{"rendered":"Eventos externos"},"content":{"rendered":"<p>Quer levar um mission\u00e1rio\u00a0Can\u00e7\u00e3o Nova\u00a0para a sua Par\u00f3quia, grupo de ora\u00e7\u00e3o, cidade?<\/p>\n<p>1\u00ba &#8211; Envie um e-mail para:\u00a0fortaleza@cancaonova.com<\/p>\n<p>&nbsp;<\/p>\n<p>2\u00b0 -Fa\u00e7a seu pedido por este link:\u00a0https:\/\/docs.google.com\/forms\/d\/10HlAyltiVZGEh5IVeNU4qyKcPFbO6u4rhQa8RfnCel8\/edit<\/p>\n<p>3\u00b0 &#8211; Pelo telefone:\u00a0(85) 3393-4192<\/p>\n<p>Can\u00e7\u00e3o Nova Fortaleza-CE &#8211; Rua General Tertuliano Potigura, 452 &#8211; Aldeota Fortaleza-CE<\/p>\n<p>@cancaonovafortaleza<\/p>\n","protected":false},"excerpt":{"rendered":"<p>Quer levar um mission\u00e1rio\u00a0Can\u00e7\u00e3o Nova\u00a0para a sua Par\u00f3quia, grupo de ora\u00e7\u00e3o, cidade? 1\u00ba &#8211; Envie um e-mail para:\u00a0fortaleza@cancaonova.com &nbsp; 2\u00b0 -Fa\u00e7a seu pedido por este link:\u00a0https:\/\/docs.google.com\/forms\/d\/10HlAyltiVZGEh5IVeNU4qyKcPFbO6u4rhQa8RfnCel8\/edit 3\u00b0 &#8211; Pelo telefone:\u00a0(85) 3393-4192 Can\u00e7\u00e3o Nova Fortaleza-CE &#8211; Rua General Tertuliano Potigura, 452&#8230;<\/p>\n","protected":false},"author":26,"featured_media":0,"parent":0,"menu_order":0,"comment_status":"closed","ping_status":"closed","template":"","meta":{"_mi_skip_tracking":false,"_monsterinsights_sitenote_active":false,"_monsterinsights_sitenote_note":"","_monsterinsights_sitenote_category":0,"footnotes":""},"_links":{"self":[{"href":"https:\/\/blog.cancaonova.com\/fortaleza\/wp-json\/wp\/v2\/pages\/13261"}],"collection":[{"href":"https:\/\/blog.cancaonova.com\/fortaleza\/wp-json\/wp\/v2\/pages"}],"about":[{"href":"https:\/\/blog.cancaonova.com\/fortaleza\/wp-json\/wp\/v2\/types\/page"}],"author":[{"embeddable":true,"href":"https:\/\/blog.cancaonova.com\/fortaleza\/wp-json\/wp\/v2\/users\/26"}],"replies":[{"embeddable":true,"href":"https:\/\/blog.cancaonova.com\/fortaleza\/wp-json\/wp\/v2\/comments?post=13261"}],"version-history":[{"count":12,"href":"https:\/\/blog.cancaonova.com\/fortaleza\/wp-json\/wp\/v2\/pages\/13261\/revisions"}],"predecessor-version":[{"id":14063,"href":"https:\/\/blog.cancaonova.com\/fortaleza\/wp-json\/wp\/v2\/pages\/13261\/revisions\/14063"}],"wp:attachment":[{"href":"https:\/\/blog.cancaonova.com\/fortaleza\/wp-json\/wp\/v2\/media?parent=13261"}],"curies":[{"name":"wp","href":"https:\/\/api.w.org\/{rel}","templated":true}]}}