{"id":13271,"date":"2019-01-24T12:34:58","date_gmt":"2019-01-24T14:34:58","guid":{"rendered":"http:\/\/blog.cancaonova.com\/fortaleza\/?page_id=13271"},"modified":"2024-05-08T22:38:15","modified_gmt":"2024-05-09T01:38:15","slug":"agenda-semanal","status":"publish","type":"page","link":"https:\/\/blog.cancaonova.com\/fortaleza\/agenda\/agenda-semanal\/","title":{"rendered":"Agenda semanal"},"content":{"rendered":"<h3><span style=\"color: #000000\"><strong>Programa\u00e7\u00e3o Semanal da Can\u00e7\u00e3o Nova em Fortaleza 2024<\/strong><\/span><\/h3>\n<h3><span style=\"color: #333399\"><strong>Santa Missa<\/strong><\/span><\/h3>\n<p><strong>Segunda a Sexta<\/strong>\u00a0\u2013 18:30<\/p>\n<p><strong>S\u00e1bado e Domingo <\/strong>\u2013 s\u00f3 quando temos eventos na casa de miss\u00e3o<\/p>\n<h3><span style=\"color: #333399\"><strong>Confiss\u00f5es<\/strong><\/span><\/h3>\n<ul>\n<li><strong>Segunda-feira:\u00a0<\/strong>9h30<\/li>\n<li><strong>Quarta-Feira: <\/strong>9h30<\/li>\n<li><strong>Sexta-feira:<\/strong>\u00a009h30<\/li>\n<\/ul>\n<p>Obs: S\u00e3o atendidas somente 25 pessoas em cada per\u00edodo, por ordem de chegada.<\/p>\n<h3><span style=\"color: #333399\"><strong>Grupo de Ora\u00e7\u00e3o<\/strong><\/span><\/h3>\n<p><strong>Grupo Combatentes \u2013<\/strong>\u00a0Ter\u00e7a-feira \u00e0s 19h30<\/p>\n<p><strong>Grupo de Jovens CN \u2013<\/strong>\u00a0Primeira e Terceira quarta de cada m\u00eas \u00e0s 19h30<\/p>\n<p><strong>Grupo das m\u00e3es \u2013<\/strong>\u00a0Quarta \u00e0s 16h<\/p>\n<p><strong>Na Escola de Nazar\u00e9 \u2013<\/strong>\u00a0GRUPO DA FAM\u00cdLIA &#8211; Sexta \u00e0s 19h30 (este ano de 2024 estarmos em miss\u00e3o e voc\u00ea pode levar o Grupo para sua casa, Paroquia, Comunidade,&#8230;<\/p>\n<p><strong>Grupo das Mulheres <\/strong>\u2013\u00a04\u00b0 Sexta de cada m\u00eas as 19:30<\/p>\n<h3><span style=\"color: #333399\"><strong>Bazar, Clube da evangeliza\u00e7\u00e3o e lanchonete<\/strong><\/span><\/h3>\n<p><strong>Segunda a sexta<\/strong> &#8211; 9h \u00e0s 19h<\/p>\n<h3><span style=\"color: #333399\">Loja Can\u00e7\u00e3o Nova<\/span><\/h3>\n<p><strong>Segunda a sexta<\/strong> &#8211; 08h \u00e0s 18h<\/p>\n<p><strong><span style=\"color: #000000\"><em>Endere\u00e7o:<\/em><\/span><\/strong><\/p>\n<p><em>R: General Tertuliano Potiguara, 452, Aldeota\u00a0 Tel:\u00a0<\/em><em>(85)3393-4192<\/em><\/p>\n","protected":false},"excerpt":{"rendered":"<p>Programa\u00e7\u00e3o Semanal da Can\u00e7\u00e3o Nova em Fortaleza 2024 Santa Missa Segunda a Sexta\u00a0\u2013 18:30 S\u00e1bado e Domingo \u2013 s\u00f3 quando temos eventos na casa de miss\u00e3o Confiss\u00f5es Segunda-feira:\u00a09h30 Quarta-Feira: 9h30 Sexta-feira:\u00a009h30 Obs: S\u00e3o atendidas somente 25 pessoas em cada per\u00edodo,&#8230;<\/p>\n","protected":false},"author":26,"featured_media":0,"parent":13233,"menu_order":0,"comment_status":"open","ping_status":"closed","template":"","meta":{"_mi_skip_tracking":false,"_monsterinsights_sitenote_active":false,"_monsterinsights_sitenote_note":"","_monsterinsights_sitenote_category":0,"footnotes":""},"_links":{"self":[{"href":"https:\/\/blog.cancaonova.com\/fortaleza\/wp-json\/wp\/v2\/pages\/13271"}],"collection":[{"href":"https:\/\/blog.cancaonova.com\/fortaleza\/wp-json\/wp\/v2\/pages"}],"about":[{"href":"https:\/\/blog.cancaonova.com\/fortaleza\/wp-json\/wp\/v2\/types\/page"}],"author":[{"embeddable":true,"href":"https:\/\/blog.cancaonova.com\/fortaleza\/wp-json\/wp\/v2\/users\/26"}],"replies":[{"embeddable":true,"href":"https:\/\/blog.cancaonova.com\/fortaleza\/wp-json\/wp\/v2\/comments?post=13271"}],"version-history":[{"count":15,"href":"https:\/\/blog.cancaonova.com\/fortaleza\/wp-json\/wp\/v2\/pages\/13271\/revisions"}],"predecessor-version":[{"id":14060,"href":"https:\/\/blog.cancaonova.com\/fortaleza\/wp-json\/wp\/v2\/pages\/13271\/revisions\/14060"}],"up":[{"embeddable":true,"href":"https:\/\/blog.cancaonova.com\/fortaleza\/wp-json\/wp\/v2\/pages\/13233"}],"wp:attachment":[{"href":"https:\/\/blog.cancaonova.com\/fortaleza\/wp-json\/wp\/v2\/media?parent=13271"}],"curies":[{"name":"wp","href":"https:\/\/api.w.org\/{rel}","templated":true}]}}