{"id":2251,"date":"2008-09-03T17:56:01","date_gmt":"2008-09-03T14:56:01","guid":{"rendered":"http:\/\/blog.cancaonova.com\/fortaleza\/historico-da-casa-de-missao-fortaleza\/"},"modified":"2021-07-29T21:59:53","modified_gmt":"2021-07-30T00:59:53","slug":"historico-da-casa-de-missao-fortaleza","status":"publish","type":"page","link":"https:\/\/blog.cancaonova.com\/fortaleza\/casa-de-missao-sao-jose\/historico-da-casa-de-missao-fortaleza\/","title":{"rendered":"Nossa hist\u00f3ria"},"content":{"rendered":"<p style=\"text-align: justify\">\n<p class=\"western\" lang=\"pt-BR\" align=\"center\"><b>Hist\u00f3rico da Comunidade Can\u00e7\u00e3o Nova em Fortaleza (CE)<\/b><\/p>\n<p class=\"western\" lang=\"pt-BR\" align=\"justify\">A primeira experi\u00eancia da Comunidade Can\u00e7\u00e3o Nova em Fortaleza ocorreu em 1982, com a vinda do Pe. Jonas Abib e alguns membros da Comunidade para a realiza\u00e7\u00e3o de retiros com o povo cearense a pedido da RCC. A partir de ent\u00e3o, o Pe. Jonas voltou anualmente a Fortaleza at\u00e9 por volta de 1990. Ap\u00f3s essa data, ficou 10 anos sem vir a Fortaleza e o povo ficou na expectativa da abertura de uma Frente de Miss\u00e3o no estado do Cear\u00e1.<\/p>\n<div id=\"attachment_12516\" style=\"width: 650px\" class=\"wp-caption aligncenter\"><img loading=\"lazy\" decoding=\"async\" aria-describedby=\"caption-attachment-12516\" class=\"wp-image-12516 size-full\" src=\"http:\/\/blog.cancaonova.com\/fortaleza\/files\/2008\/09\/can\u00e7\u00e3o-novva-071.jpg\" alt=\"Queremos Deus 2005\" width=\"640\" height=\"480\" srcset=\"https:\/\/blog.cancaonova.com\/fortaleza\/files\/2008\/09\/can\u00e7\u00e3o-novva-071.jpg 640w, https:\/\/blog.cancaonova.com\/fortaleza\/files\/2008\/09\/can\u00e7\u00e3o-novva-071-300x225.jpg 300w\" sizes=\"(max-width: 640px) 100vw, 640px\" \/><p id=\"caption-attachment-12516\" class=\"wp-caption-text\">Mons. Jonas no Queremos Deus 2005<\/p><\/div>\n<p>A frente de miss\u00e3o de Fortaleza foi criada em 15 de agosto de 2001, com as b\u00ean\u00e7\u00e3os do Arcebispo Dom Jos\u00e9 Ant\u00f4nio Aparecido Tosi Marques. Na ocasi\u00e3o, aconteceu a inaugura\u00e7\u00e3o da TV Can\u00e7\u00e3o Nova, que esteve em pleno funcionamento at\u00e9 agosto de 2003. Atualmente a frente de miss\u00e3o evangeliza atrav\u00e9s de encontros espirituais e produtos de evangeliza\u00e7\u00e3o.<\/p>\n<div id=\"attachment_12509\" style=\"width: 610px\" class=\"wp-caption aligncenter\"><img loading=\"lazy\" decoding=\"async\" aria-describedby=\"caption-attachment-12509\" class=\"wp-image-12509 size-large\" src=\"http:\/\/blog.cancaonova.com\/fortaleza\/files\/2008\/09\/DSC00114-600x300.jpg\" alt=\"Monsenhor Jonas na Loja\" width=\"600\" height=\"300\" srcset=\"https:\/\/blog.cancaonova.com\/fortaleza\/files\/2008\/09\/DSC00114-600x300.jpg 600w, https:\/\/blog.cancaonova.com\/fortaleza\/files\/2008\/09\/DSC00114-300x150.jpg 300w, https:\/\/blog.cancaonova.com\/fortaleza\/files\/2008\/09\/DSC00114-150x75.jpg 150w\" sizes=\"(max-width: 600px) 100vw, 600px\" \/><p id=\"caption-attachment-12509\" class=\"wp-caption-text\">Mons. Jonas na Loja Can\u00e7\u00e3o Nova da Aldeota.<\/p><\/div>\n<p class=\"western\" lang=\"pt-BR\" align=\"justify\"><span style=\"color: #000000\">Abaixo um breve hist\u00f3rico da miss\u00e3o: \u00a0<\/span><\/p>\n<p class=\"western\" lang=\"pt-BR\" align=\"justify\"><b><span style=\"color: #000000\">2001 <\/span><\/b><span style=\"color: #000000\">\u2013<\/span><span style=\"color: #000000\">\u00a0Inaugura\u00e7\u00e3o da TV Can\u00e7\u00e3o Nova e da primeira Casa de Evangeliza\u00e7\u00e3o. O grupo de ora\u00e7\u00e3o acontecia no Centro Paroquial da Igreja S\u00e3o Vicente de Paula. Tamb\u00e9m neste ano a Can\u00e7\u00e3o Nova passou a fazer parte do Condom\u00ednio Espiritual Uirapuru. Padre Jonas \u00e9 membro fundador do CEU desde 2000.<\/span><\/p>\n<p class=\"western\" lang=\"pt-BR\" align=\"justify\"><b><span style=\"color: #000000\">2003<\/span><\/b><span style=\"color: #000000\"> \u2013<\/span><span style=\"color: #000000\">\u00a0A TV encerrou suas atividades como geradora. Os membros do N\u00facleo foram remanejados permanecendo somente os membros do Segundo Elo. O grupo de ora\u00e7\u00e3o passou a ser no audit\u00f3rio do col\u00e9gio Salesiano, no bairro Joaquim T\u00e1vora. <\/span><\/p>\n<p class=\"western\" lang=\"pt-BR\" align=\"justify\"><b><span style=\"color: #000000\">2004 \u2013<\/span><\/b><span style=\"color: #000000\">\u00a0Chega a Fortaleza um casal membro do n\u00facleo para assumir a casa de miss\u00e3o, localizada no bairro Benfica. Neste ano a Can\u00e7\u00e3o Nova assume a R\u00e1dio 102.9 FM.<\/span><\/p>\n<p class=\"western\" lang=\"pt-BR\" align=\"justify\"><b><span style=\"color: #000000\">2005 \u2013<\/span><\/b><span style=\"color: #000000\">\u00a0Mudan\u00e7a da frente de miss\u00e3o para o bairro Aldeota.<\/span><\/p>\n<p class=\"western\" lang=\"pt-BR\" align=\"justify\"><b><span style=\"color: #000000\">2006 \u2013<\/span><\/b><span style=\"color: #000000\">\u00a0Encerram-se os trabalhos da R\u00e1dio Can\u00e7\u00e3o Nova 102.9 FM<\/span><\/p>\n<p class=\"western\" lang=\"pt-BR\" align=\"justify\"><b><span style=\"color: #000000\">2007 \u2013<\/span><\/b><span style=\"color: #000000\">\u00a0Can\u00e7\u00e3o Nova sai do Condom\u00ednio Espiritual Uirapuru por quest\u00f5es administrativas.<\/span><\/p>\n<p class=\"western\" lang=\"pt-BR\" align=\"justify\"><b><span style=\"color: #000000\">2010 \u2013<\/span><\/b><span style=\"color: #000000\">\u00a0Abertura loja can\u00e7\u00e3o nova no centro da cidade de Fortaleza.<\/span><\/p>\n<p class=\"western\" lang=\"pt-BR\" align=\"justify\"><b><span style=\"color: #000000\">2015 \u2013<\/span><\/b><span style=\"color: #000000\">\u00a0Fechamento da loja do Centro.<\/span><\/p>\n<p class=\"western\" lang=\"pt-BR\" align=\"justify\"><b><span style=\"color: #000000\">2018 \u2013<\/span><\/b><span style=\"color: #000000\">\u00a0Can\u00e7\u00e3o Nova retorna ao CEU somando em unidade com mais 22 institui\u00e7\u00f5es e passando a fazer parte das assembleias.<\/span><\/p>\n<p class=\"western\" lang=\"pt-BR\" align=\"justify\"><span style=\"color: #000000\"><b>2019 \u2013<\/b><\/span><span style=\"color: #000000\"> A frente de miss\u00e3o assume o compromisso de divulgar no Sistema Can\u00e7\u00e3o Nova de Comunica\u00e7\u00e3o os eventos da arquidiocese de Fortaleza, entre eles a Caminhada com Maria.<\/span><\/p>\n<p class=\"western\" lang=\"pt-BR\" align=\"justify\"><span style=\"color: #000000\"><b>2020 \u2013<\/b><\/span><span style=\"color: #000000\"> A partir do dia 19 de mar\u00e7o a casa de miss\u00e3o \u00e9 fechada devido ao decreto de isolamento, do governador Camilo Santana, por conta da pandemia do corona v\u00edrus. <\/span><\/p>\n<p class=\"western\" lang=\"pt-BR\" align=\"justify\">Ao final de julho de 2020, em comunh\u00e3o com a Arquidiocese de Fortaleza, a frente de miss\u00e3o retoma aos poucos suas atividades entre elas o Sacramento da penit\u00eancia.<\/p>\n<p class=\"western\" lang=\"pt-BR\" align=\"justify\"><span style=\"color: #000000\"><b>202<\/b><\/span><span style=\"color: #000000\"><b>1<\/b><\/span><span style=\"color: #000000\"><b> \u2013<\/b><\/span> <span style=\"color: #000000\"><span lang=\"pt-BR\">No in\u00edcio<\/span><\/span><span style=\"color: #000000\"> de mar\u00e7o, a casa de miss\u00e3o \u00e9 fechada <\/span><span style=\"color: #000000\">novamente<\/span><span style=\"color: #000000\"> devido ao decreto de isolamento, do governador Camilo Santana, por conta da pandemia do corona v\u00edrus. <\/span><\/p>\n<p class=\"western\" lang=\"pt-BR\" align=\"justify\"><span style=\"color: #000000\"><span lang=\"pt-BR\">Em abril em comunh\u00e3o com a Arquidiocese de Fortaleza, a frente de miss\u00e3o retoma aos poucos suas atividades entre elas o Sacramento da penit\u00eancia.<\/span><\/span><\/p>\n<p class=\"western\" lang=\"pt-BR\" align=\"justify\"><b>Nossa hist\u00f3ria<\/b><\/p>\n<p class=\"western\" lang=\"pt-BR\" align=\"justify\">Fortaleza sempre foi e continua sendo uma cidade rica em comunidades cat\u00f3licas, mas faltava um carisma que, segundo Padre Jonas, viria para ser como \u201ccreme de leite na salada de frutas\u201d, ou seja, trabalhar em unidade com todas essas comunidade presentes.<\/p>\n<p class=\"western\" lang=\"pt-BR\" align=\"justify\">At\u00e9 que em 2001, Dom Jos\u00e9 Ant\u00f4nio Aparecido Tosi Marques convidou a Can\u00e7\u00e3o Nova a integrar a Arquidiocese de Fortaleza junto a RCC. Em 3 de agosto desse mesmo ano, a TV Can\u00e7\u00e3o Nova foi inaugurada e esteve em pleno funcionamento at\u00e9 agosto de 2003. A emissora localizava-se na Rua Ant\u00f4nio Augusto, no bairro Virg\u00edlio T\u00e1vora, pr\u00f3ximo a Par\u00f3quia Nossa Senhora da Piedade, administrada pelos padres Salesianos de Dom Bosco.<\/p>\n<p class=\"western\" lang=\"pt-BR\" align=\"justify\">Para o trabalho com a Televis\u00e3o vieram os mission\u00e1rios: Isabelle, Cristiano, Lilian Maria, Alba, Simone, Alex e Lenice; posteriormente passaram por esta miss\u00e3o: Laercinho, Micheline, L\u00facio Dom\u00edcio, Gisele, Cristiano Assun\u00e7\u00e3o, M\u00e1rcio, Alexandre, Roseni, Ti\u00e3ozinho, Antonieta e Sara Flausino.<\/p>\n<p class=\"western\" lang=\"pt-BR\" align=\"justify\">Com o fechamento da TV Can\u00e7\u00e3o Nova, em 2003, a mission\u00e1ria Marluci Magalh\u00e3es Barbosa de Morais, natural da Bahia e membro do 2\u00ba Elo da comunidade, foi enviada a Fortaleza pelo Monsenhor Jonas Abib, com objetivo de perpetuar o Carisma.<\/p>\n<p class=\"western\" lang=\"pt-BR\" align=\"justify\">Marluce juntamente Catarina e os amigos da Can\u00e7\u00e3o Nova, assumiram a miss\u00e3o na capital cearense. Enquanto n\u00e3o tinham um local definido, Padre Orsini \u2013 SDB disponibilizou o audit\u00f3rio no Col\u00e9gio Salesiano de Dom Bosco, onde aconteciam os grupos de ora\u00e7\u00f5es e as reuni\u00f5es.<\/p>\n<p class=\"western\" lang=\"pt-BR\" align=\"justify\">No in\u00edcio de 2004 com o aluguel de uma casa no bairro Benfica, a Can\u00e7\u00e3o Nova recome\u00e7ava com a casa de miss\u00e3o, onde funcionavam: Clube do Ouvinte, atendimentos, grupos de ora\u00e7\u00e3o e bazar. Al\u00e9m disso, toda 5\u00aa feira promoviam um dia especial de Adora\u00e7\u00e3o ao Sant\u00edssimo, com almo\u00e7o ao meio dia e vendiam tamb\u00e9m material do DAVI. Foi neste tempo que a Can\u00e7\u00e3o Nova alugou uma R\u00e1dio, permanecendo e difundindo a presen\u00e7a da Can\u00e7\u00e3o Nova nesta Arquidiocese.<\/p>\n<p class=\"western\" lang=\"pt-BR\" align=\"justify\">N\u00e3o demorou muito e ainda em 2004 chegavam em Fortaleza o casal de mission\u00e1rios, C\u00e9sar Gabatel e Gon\u00e7alina Lara, para coordenar a miss\u00e3o e administrar a R\u00e1dio Can\u00e7\u00e3o Nova. Em agosto desse mesmo ano, aconteceu a mudan\u00e7a de endere\u00e7o da R\u00e1dio e Casa de Miss\u00e3o para um novo e amplo local, no bairro Aldeota, onde permanece at\u00e9 hoje.<\/p>\n<p class=\"western\" lang=\"pt-BR\" align=\"justify\">Posteriormente os mission\u00e1rios, Jo\u00e3o Marques, Ana Celma, Ana Paula, Rosemar vieram somar \u00e0 miss\u00e3o e com eles os colaboradores: Juscelino, Glauber, Paulinho, Hernandes e Ediline.<\/p>\n<p class=\"western\" lang=\"pt-BR\" align=\"justify\">Em 2010, a Can\u00e7\u00e3o Nova foi presentada por Deus com uma loja no Centro de Fortaleza. L\u00e1 as pessoas, na correria do cotidiano, podiam parar e adquirir produtos de evangeliza\u00e7\u00e3o. Em 2015 devido \u00e0 crise financeira, a loja precisou ser fechada.<\/p>\n<p class=\"western\" lang=\"pt-BR\" align=\"justify\">Hoje casa de miss\u00e3o e loja ocupam um s\u00f3 espa\u00e7o, na Rua General Tertuliano Potiguara, 452, Aldeota e funcionam com os seguintes servi\u00e7os de evangeliza\u00e7\u00e3o:<\/p>\n<ul>\n<li class=\"western\">Lanchonete (atendimento aos amigos e freq\u00fcentadores);<\/li>\n<li class=\"western\">Bazar da Provid\u00eancia;<\/li>\n<li class=\"western\">Capela para Adora\u00e7\u00e3o di\u00e1ria;<\/li>\n<li class=\"western\">Grupos de ora\u00e7\u00e3o;<\/li>\n<li class=\"western\">Santa Missa diariamente;<\/li>\n<li class=\"western\">Atendimento de ora\u00e7\u00e3o;<\/li>\n<li class=\"western\">Confiss\u00e3o;<\/li>\n<li class=\"western\">Eventos.<\/li>\n<\/ul>\n<p class=\"western\" lang=\"pt-BR\" align=\"justify\"><a href=\"https:\/\/blog.cancaonova.com\/fortaleza\/agenda\/agenda-semanal\/\" target=\"_blank\" rel=\"noopener\">Confira nossa programa\u00e7\u00e3o semanal.<\/a><\/p>\n<p class=\"western\" lang=\"pt-BR\" align=\"justify\"><a href=\"https:\/\/blog.cancaonova.com\/fortaleza\/agenda\/eventos-na-casa-de-missao\/\" target=\"_blank\" rel=\"noopener\">Confira nossa programa\u00e7\u00e3o anual de eventos.<\/a><\/p>\n","protected":false},"excerpt":{"rendered":"<p>Hist\u00f3rico da Comunidade Can\u00e7\u00e3o Nova em Fortaleza (CE) A primeira experi\u00eancia da Comunidade Can\u00e7\u00e3o Nova em Fortaleza ocorreu em 1982, com a vinda do Pe. Jonas Abib e alguns membros da Comunidade para a realiza\u00e7\u00e3o de retiros com o povo&#8230;<\/p>\n","protected":false},"author":26,"featured_media":0,"parent":7018,"menu_order":1,"comment_status":"open","ping_status":"open","template":"","meta":{"_mi_skip_tracking":false,"_monsterinsights_sitenote_active":false,"_monsterinsights_sitenote_note":"","_monsterinsights_sitenote_category":0,"footnotes":""},"_links":{"self":[{"href":"https:\/\/blog.cancaonova.com\/fortaleza\/wp-json\/wp\/v2\/pages\/2251"}],"collection":[{"href":"https:\/\/blog.cancaonova.com\/fortaleza\/wp-json\/wp\/v2\/pages"}],"about":[{"href":"https:\/\/blog.cancaonova.com\/fortaleza\/wp-json\/wp\/v2\/types\/page"}],"author":[{"embeddable":true,"href":"https:\/\/blog.cancaonova.com\/fortaleza\/wp-json\/wp\/v2\/users\/26"}],"replies":[{"embeddable":true,"href":"https:\/\/blog.cancaonova.com\/fortaleza\/wp-json\/wp\/v2\/comments?post=2251"}],"version-history":[{"count":26,"href":"https:\/\/blog.cancaonova.com\/fortaleza\/wp-json\/wp\/v2\/pages\/2251\/revisions"}],"predecessor-version":[{"id":13995,"href":"https:\/\/blog.cancaonova.com\/fortaleza\/wp-json\/wp\/v2\/pages\/2251\/revisions\/13995"}],"up":[{"embeddable":true,"href":"https:\/\/blog.cancaonova.com\/fortaleza\/wp-json\/wp\/v2\/pages\/7018"}],"wp:attachment":[{"href":"https:\/\/blog.cancaonova.com\/fortaleza\/wp-json\/wp\/v2\/media?parent=2251"}],"curies":[{"name":"wp","href":"https:\/\/api.w.org\/{rel}","templated":true}]}}