{"id":7018,"date":"2011-07-26T21:04:55","date_gmt":"2011-07-26T18:04:55","guid":{"rendered":"http:\/\/blog.cancaonova.com\/fortaleza\/"},"modified":"2024-05-08T22:24:29","modified_gmt":"2024-05-09T01:24:29","slug":"casa-de-missao-sao-jose","status":"publish","type":"page","link":"https:\/\/blog.cancaonova.com\/fortaleza\/casa-de-missao-sao-jose\/","title":{"rendered":"Casa de Miss\u00e3o"},"content":{"rendered":"<p style=\"text-align: center\">Confira a programa\u00e7\u00e3o da Casa Miss\u00e3o da Can\u00e7\u00e3o Nova em Fortaleza em 2024. Venha nos visitar!<\/p>\n<p style=\"text-align: center\"><a href=\"http:\/\/blog.cancaonova.com\/fortaleza\/files\/2007\/12\/programa\u00e7\u00e3o-panfleto_0.png\"><\/a><a href=\"http:\/\/blog.cancaonova.com\/fortaleza\/files\/2011\/07\/2-Copia.png\"><img loading=\"lazy\" decoding=\"async\" class=\"alignnone  wp-image-14056\" src=\"http:\/\/blog.cancaonova.com\/fortaleza\/files\/2011\/07\/2-Copia-300x267.png\" alt=\"\" width=\"414\" height=\"368\" srcset=\"https:\/\/blog.cancaonova.com\/fortaleza\/files\/2011\/07\/2-Copia-300x267.png 300w, https:\/\/blog.cancaonova.com\/fortaleza\/files\/2011\/07\/2-Copia-768x683.png 768w, https:\/\/blog.cancaonova.com\/fortaleza\/files\/2011\/07\/2-Copia.png 1414w\" sizes=\"(max-width: 414px) 100vw, 414px\" \/><\/a><a href=\"http:\/\/blog.cancaonova.com\/fortaleza\/files\/2007\/12\/programa\u00e7\u00e3o-panfleto_0.png\"><br \/>\n<\/a><\/p>\n<p style=\"text-align: center\">Endere\u00e7o: Rua General Tertuliano Potiguara, 452 \u2013 Aldeota \u2013 Fortaleza \u2013 CE<\/p>\n<p style=\"text-align: center\">(85)\u00a0<strong>3391-4065<br \/>\n<\/strong><a href=\"http:\/\/maps.google.com.br\/maps?q=-3.743218,-38.500074&amp;sugexp=chrome,mod%3D13&amp;um=1&amp;hl=pt-BR&amp;ie=UTF-8&amp;sa=N&amp;tab=wl\" target=\"_blank\" rel=\"noopener\">Veja o mapa aqui.<\/a><\/p>\n","protected":false},"excerpt":{"rendered":"<p>Confira a programa\u00e7\u00e3o da Casa Miss\u00e3o da Can\u00e7\u00e3o Nova em Fortaleza em 2024. Venha nos visitar! Endere\u00e7o: Rua General Tertuliano Potiguara, 452 \u2013 Aldeota \u2013 Fortaleza \u2013 CE (85)\u00a03391-4065 Veja o mapa aqui.<\/p>\n","protected":false},"author":26,"featured_media":0,"parent":0,"menu_order":0,"comment_status":"open","ping_status":"open","template":"","meta":{"_mi_skip_tracking":false,"_monsterinsights_sitenote_active":false,"_monsterinsights_sitenote_note":"","_monsterinsights_sitenote_category":0,"footnotes":""},"_links":{"self":[{"href":"https:\/\/blog.cancaonova.com\/fortaleza\/wp-json\/wp\/v2\/pages\/7018"}],"collection":[{"href":"https:\/\/blog.cancaonova.com\/fortaleza\/wp-json\/wp\/v2\/pages"}],"about":[{"href":"https:\/\/blog.cancaonova.com\/fortaleza\/wp-json\/wp\/v2\/types\/page"}],"author":[{"embeddable":true,"href":"https:\/\/blog.cancaonova.com\/fortaleza\/wp-json\/wp\/v2\/users\/26"}],"replies":[{"embeddable":true,"href":"https:\/\/blog.cancaonova.com\/fortaleza\/wp-json\/wp\/v2\/comments?post=7018"}],"version-history":[{"count":49,"href":"https:\/\/blog.cancaonova.com\/fortaleza\/wp-json\/wp\/v2\/pages\/7018\/revisions"}],"predecessor-version":[{"id":14055,"href":"https:\/\/blog.cancaonova.com\/fortaleza\/wp-json\/wp\/v2\/pages\/7018\/revisions\/14055"}],"wp:attachment":[{"href":"https:\/\/blog.cancaonova.com\/fortaleza\/wp-json\/wp\/v2\/media?parent=7018"}],"curies":[{"name":"wp","href":"https:\/\/api.w.org\/{rel}","templated":true}]}}