{"id":11027,"date":"2021-09-02T10:00:17","date_gmt":"2021-09-02T13:00:17","guid":{"rendered":"http:\/\/blog.cancaonova.com\/gravata\/"},"modified":"2024-10-02T11:15:56","modified_gmt":"2024-10-02T14:15:56","slug":"agenda2024","status":"publish","type":"page","link":"https:\/\/blog.cancaonova.com\/gravata\/agenda2024\/","title":{"rendered":"AGENDA 2024"},"content":{"rendered":"<h4><span style=\"color: #3366ff\"><img loading=\"lazy\" decoding=\"async\" class=\" wp-image-13777 aligncenter\" src=\"http:\/\/blog.cancaonova.com\/gravata\/files\/2021\/09\/2-120x68.png\" alt=\"\" width=\"420\" height=\"238\" srcset=\"https:\/\/blog.cancaonova.com\/gravata\/files\/2021\/09\/2-120x68.png 120w, https:\/\/blog.cancaonova.com\/gravata\/files\/2021\/09\/2-768x433.png 768w, https:\/\/blog.cancaonova.com\/gravata\/files\/2021\/09\/2.png 1640w\" sizes=\"(max-width: 420px) 100vw, 420px\" \/><\/span><\/h4>\n<h2><\/h2>\n<h2 style=\"text-align: left\"><strong><span style=\"color: #000000\">AGENDA DE EVENTOS &#8211; 2024<\/span><\/strong><\/h2>\n<p>&nbsp;<\/p>\n<h4 style=\"text-align: left\"><strong>RETIRO DE CARNAVAL<\/strong><\/h4>\n<h4 style=\"text-align: left\">9 a 14 de Fevereiro<\/h4>\n<h4 style=\"text-align: left\"><strong>ACAMPAMENTO PARA MULHERES<\/strong><\/h4>\n<h4 style=\"text-align: left\">8 a 10 de Mar\u00e7o<\/h4>\n<h4 style=\"text-align: left\"><strong>ANIVERS\u00c1RIO DA MISS\u00c3O<\/strong><\/h4>\n<h4 style=\"text-align: left\">\u00a030 de Abril a 1 de Maio<\/h4>\n<h4 style=\"text-align: left\"><strong>CERCO DE JERIC\u00d3 &#8211; CAN\u00c7\u00c3O NOVA GRAVAT\u00c1-PE<\/strong><\/h4>\n<h4 style=\"text-align: left\">\u00a03 a 9 de Junho<\/h4>\n<h4 style=\"text-align: left\"><strong>CONGRESSO M\u00c3ES QUE ORAM PELOS FILHOS<\/strong><\/h4>\n<h4 style=\"text-align: left\">\u00a05 e 6 de Julho<\/h4>\n<h4 style=\"text-align: left\"><strong>KAIR\u00d3S MARIANO &#8211; &#8220;CONSOLADOS POR MARIA&#8221;<\/strong><\/h4>\n<h4 style=\"text-align: left\">\u00a07 de Julho<\/h4>\n<h4 style=\"text-align: left\"><strong>CONGRESSO LIVRAI-NOS DO MAL<\/strong><\/h4>\n<h4 style=\"text-align: left\">2 a 4 de Agosto<\/h4>\n<h4 style=\"text-align: left\"><strong>CONFER\u00caNCIA JOVEM<\/strong><\/h4>\n<h4 style=\"text-align: left\">20 a 22 de Setembro<\/h4>\n<h4 style=\"text-align: left\"><strong>PROFECIA DO AVIVAMENTO<\/strong><\/h4>\n<h4 style=\"text-align: left\">\u00a011 a 13 de Outubro<\/h4>\n<h4 style=\"text-align: left\"><strong>HOSANA PERNAMBUCO<\/strong><\/h4>\n<h4 style=\"text-align: left\">\u00a06 a 8 de Dezembro<\/h4>\n<p>&nbsp;<\/p>\n<p style=\"text-align: left\">*OS EVENTOS EST\u00c3O SUJEITOS A MUDAN\u00c7AS*<\/p>\n<p style=\"text-align: left\">Esses encontros acontecem na casa de miss\u00e3o da Can\u00e7\u00e3o Nova em Pernambuco, onde os peregrinos vivem momentos de encontro com Deus pela ora\u00e7\u00e3o, santa missa, adora\u00e7\u00e3o, medita\u00e7\u00e3o da Palavra e shows.<\/p>\n<h3 style=\"text-align: left\">Nossos encontros s\u00e3o gratuitos, s\u00f3 pedimos a doa\u00e7\u00e3o de 1k de alimento para participar.<\/h3>\n<h3 style=\"text-align: left\"><\/h3>\n<h4 style=\"text-align: left\">Organize sua caravana, convide seus amigos e familiares e venha participar!<\/h4>\n<h4 style=\"text-align: left\"><strong>Siga-nos nas Redes Sociais:<\/strong><br \/>\nSiga o nosso Instagram: @cancaonovagravata @radiocngravata<br \/>\nFacebook: Can\u00e7\u00e3o Nova Gravat\u00e1<br \/>\nGravat\u00e1 \u2013 R\u00e1dio Can\u00e7\u00e3o Nova (cancaonova.com)<\/h4>\n<p>&nbsp;<\/p>\n<p>&nbsp;<\/p>\n<p>&nbsp;<\/p>\n<p>&nbsp;<\/p>\n","protected":false},"excerpt":{"rendered":"<p>AGENDA DE EVENTOS &#8211; 2024 &nbsp; RETIRO DE CARNAVAL 9 a 14 de Fevereiro ACAMPAMENTO PARA MULHERES 8 a 10 de Mar\u00e7o ANIVERS\u00c1RIO DA MISS\u00c3O \u00a030 de Abril a 1 de Maio CERCO DE JERIC\u00d3 &#8211; CAN\u00c7\u00c3O NOVA GRAVAT\u00c1-PE \u00a03&#8230;<\/p>\n","protected":false},"author":4539,"featured_media":13615,"parent":0,"menu_order":0,"comment_status":"closed","ping_status":"closed","template":"","meta":{"_mi_skip_tracking":false,"_monsterinsights_sitenote_active":false,"_monsterinsights_sitenote_note":"","_monsterinsights_sitenote_category":0,"footnotes":""},"_links":{"self":[{"href":"https:\/\/blog.cancaonova.com\/gravata\/wp-json\/wp\/v2\/pages\/11027"}],"collection":[{"href":"https:\/\/blog.cancaonova.com\/gravata\/wp-json\/wp\/v2\/pages"}],"about":[{"href":"https:\/\/blog.cancaonova.com\/gravata\/wp-json\/wp\/v2\/types\/page"}],"author":[{"embeddable":true,"href":"https:\/\/blog.cancaonova.com\/gravata\/wp-json\/wp\/v2\/users\/4539"}],"replies":[{"embeddable":true,"href":"https:\/\/blog.cancaonova.com\/gravata\/wp-json\/wp\/v2\/comments?post=11027"}],"version-history":[{"count":116,"href":"https:\/\/blog.cancaonova.com\/gravata\/wp-json\/wp\/v2\/pages\/11027\/revisions"}],"predecessor-version":[{"id":13909,"href":"https:\/\/blog.cancaonova.com\/gravata\/wp-json\/wp\/v2\/pages\/11027\/revisions\/13909"}],"wp:featuredmedia":[{"embeddable":true,"href":"https:\/\/blog.cancaonova.com\/gravata\/wp-json\/wp\/v2\/media\/13615"}],"wp:attachment":[{"href":"https:\/\/blog.cancaonova.com\/gravata\/wp-json\/wp\/v2\/media?parent=11027"}],"curies":[{"name":"wp","href":"https:\/\/api.w.org\/{rel}","templated":true}]}}