{"id":11933,"date":"2014-03-24T15:52:02","date_gmt":"2014-03-24T17:52:02","guid":{"rendered":"http:\/\/blog.cancaonova.com\/gravata\/?page_id=11933"},"modified":"2016-10-18T15:13:46","modified_gmt":"2016-10-18T17:13:46","slug":"nossa-historia","status":"publish","type":"page","link":"https:\/\/blog.cancaonova.com\/gravata\/quem-somos\/nossa-historia\/","title":{"rendered":"Nossa hist\u00f3ria em Gravat\u00e1"},"content":{"rendered":"<h1 style=\"text-align: left;\">Can\u00e7\u00e3o Nova em Gravat\u00e1<\/h1>\n<p style=\"text-align: left;\">A chegada da Can\u00e7\u00e3o Nova ao Estado de Pernambuco, em 1995, foi uma marco na evangeliza\u00e7\u00e3o atrav\u00e9s dos meios de comunica\u00e7\u00e3o por causa da aquisi\u00e7\u00e3o da segunda emissora de r\u00e1dio da Can\u00e7\u00e3o Nova.<br \/>\nA a\u00e7\u00e3o evangelizadora em Gravat\u00e1 (PE) tem o apoio do bispo de Caruaru (PE), Dom Bernadino Marchi\u00f3. Entre as atividades realizadas, destacam-se a evangeliza\u00e7\u00e3o no r\u00e1dio e os Acampamentos de Ora\u00e7\u00e3o que atingem fi\u00e9is de toda regi\u00e3o. A popula\u00e7\u00e3o local testemunha que o trabalho dos mission\u00e1rios contribui fortemente para a convers\u00e3o das pessoas.<\/p>\n<p style=\"text-align: left;\">Al\u00e9m de infraestrutura que inclui um espa\u00e7o de eventos com capacidade para oito mil pessoas, capelas, confession\u00e1rio, lanchonete, banheiros, alojamentos, livraria, bazar, Clube da Evangeliza\u00e7\u00e3o, a Can\u00e7\u00e3o Nova em Gravat\u00e1 oferece ainda atividades como missas di\u00e1rias, programas de r\u00e1dio, relacionamento com s\u00f3cios do Clube da Evangeliza\u00e7\u00e3o, grupos de ora\u00e7\u00e3o, miss\u00f5es em outras cidades, transmiss\u00f5es de eventos promovidos pela Igreja Cat\u00f3lica, acampamentos, encontros vocacionais, etc.<\/p>\n<p style=\"text-align: left;\">Venha nos conhecer!<\/p>\n<p style=\"text-align: left;\"><strong>Endere\u00e7o: Rodovia Luis Gonzaga, BR 232, Km 81, s\/n \u00a0Gravat\u00e1 (PE)\u00a0<\/strong><a href=\"http:\/\/blog.cancaonova.com\/gravata\/como-chegar\/\">ver no mapa<\/a><\/p>\n<h2><\/h2>\n","protected":false},"excerpt":{"rendered":"<p>Can\u00e7\u00e3o Nova em Gravat\u00e1 A chegada da Can\u00e7\u00e3o Nova ao Estado de Pernambuco, em 1995, foi uma marco na evangeliza\u00e7\u00e3o atrav\u00e9s dos meios de comunica\u00e7\u00e3o por causa da aquisi\u00e7\u00e3o da segunda emissora de r\u00e1dio da Can\u00e7\u00e3o Nova. A a\u00e7\u00e3o evangelizadora&#8230;<\/p>\n","protected":false},"author":3411,"featured_media":0,"parent":12514,"menu_order":0,"comment_status":"open","ping_status":"open","template":"","meta":{"_mi_skip_tracking":false,"_monsterinsights_sitenote_active":false,"_monsterinsights_sitenote_note":"","_monsterinsights_sitenote_category":0,"footnotes":""},"_links":{"self":[{"href":"https:\/\/blog.cancaonova.com\/gravata\/wp-json\/wp\/v2\/pages\/11933"}],"collection":[{"href":"https:\/\/blog.cancaonova.com\/gravata\/wp-json\/wp\/v2\/pages"}],"about":[{"href":"https:\/\/blog.cancaonova.com\/gravata\/wp-json\/wp\/v2\/types\/page"}],"author":[{"embeddable":true,"href":"https:\/\/blog.cancaonova.com\/gravata\/wp-json\/wp\/v2\/users\/3411"}],"replies":[{"embeddable":true,"href":"https:\/\/blog.cancaonova.com\/gravata\/wp-json\/wp\/v2\/comments?post=11933"}],"version-history":[{"count":4,"href":"https:\/\/blog.cancaonova.com\/gravata\/wp-json\/wp\/v2\/pages\/11933\/revisions"}],"predecessor-version":[{"id":12679,"href":"https:\/\/blog.cancaonova.com\/gravata\/wp-json\/wp\/v2\/pages\/11933\/revisions\/12679"}],"up":[{"embeddable":true,"href":"https:\/\/blog.cancaonova.com\/gravata\/wp-json\/wp\/v2\/pages\/12514"}],"wp:attachment":[{"href":"https:\/\/blog.cancaonova.com\/gravata\/wp-json\/wp\/v2\/media?parent=11933"}],"curies":[{"name":"wp","href":"https:\/\/api.w.org\/{rel}","templated":true}]}}