{"id":11966,"date":"2014-03-24T16:03:30","date_gmt":"2014-03-24T18:03:30","guid":{"rendered":"http:\/\/blog.cancaonova.com\/gravata\/?page_id=11966"},"modified":"2019-02-08T12:00:15","modified_gmt":"2019-02-08T14:00:15","slug":"vocacional-cn","status":"publish","type":"page","link":"https:\/\/blog.cancaonova.com\/gravata\/vocacional-cn\/","title":{"rendered":"Vocacional"},"content":{"rendered":"<p><strong><a href=\"http:\/\/blog.cancaonova.com\/gravata\/files\/2014\/03\/cropped-vocacional.jpg\"><img loading=\"lazy\" decoding=\"async\" class=\"aligncenter size-full wp-image-11967\" src=\"http:\/\/blog.cancaonova.com\/gravata\/files\/2014\/03\/cropped-vocacional.jpg\" alt=\"cropped-vocacional\" width=\"1000\" height=\"288\" srcset=\"https:\/\/blog.cancaonova.com\/gravata\/files\/2014\/03\/cropped-vocacional.jpg 1000w, https:\/\/blog.cancaonova.com\/gravata\/files\/2014\/03\/cropped-vocacional-500x144.jpg 500w\" sizes=\"(max-width: 1000px) 100vw, 1000px\" \/><\/a><\/strong><\/p>\n<p>&nbsp;<\/p>\n<p class=\"western\" style=\"text-align: center\"><strong>Todos os crist\u00e3os possuem uma voca\u00e7\u00e3o. Ela \u00e9 o chamado do Pai, <\/strong><\/p>\n<p class=\"western\" style=\"text-align: center\"><strong>cuja finalidade \u00e9 a realiza\u00e7\u00e3o plena da pessoa humana.<\/strong>&nbsp;<\/p>\n<p class=\"western\" style=\"text-align: left\">\u00c9 um gesto gracioso do Senhor que visa a plena humaniza\u00e7\u00e3o do homem. \u00c9 dom, gra\u00e7a, elei\u00e7\u00e3o cuidadosa, visando a constru\u00e7\u00e3o do Reino dos C\u00e9us. Em 1978, a Comunidade Can\u00e7\u00e3o Nova nasceu quando Padre&nbsp;Jonas Abib, juntamente com outras pessoas, responderam&nbsp;generosamente ao&nbsp;chamado que Deus lhes fez. Hoje, para voc\u00ea, qual \u00e9 a sua voca\u00e7\u00e3o?<\/p>\n<p>&nbsp;<\/p>\n<p class=\"western\" style=\"text-align: center\"><strong><em>A gra\u00e7a da voca\u00e7\u00e3o \u00e9 uma iniciativa amorosa de Deus: <\/em><\/strong><\/p>\n<p class=\"western\" style=\"text-align: center\"><strong><em>\u201cN\u00e3o fostes v\u00f3s que me escolhestes, mas eu vos escolhi\u201d (Jo\u00e3o 15,16)<\/em><\/strong><\/p>\n<p><iframe loading=\"lazy\" title=\"Convite Monsenhor Jonas\" width=\"600\" height=\"450\" src=\"https:\/\/www.youtube.com\/embed\/6lF2noCX3Dk?feature=oembed&amp;rel=0\" frameborder=\"0\" allow=\"accelerometer; autoplay; clipboard-write; encrypted-media; gyroscope; picture-in-picture; web-share\" referrerpolicy=\"strict-origin-when-cross-origin\" allowfullscreen><\/iframe><\/p>\n<h4 style=\"text-align: left\"><strong>&nbsp; &nbsp; &nbsp; &nbsp; &nbsp; &nbsp; &nbsp;Ver tamb\u00e9m:<\/strong><\/h4>\n<ul>\n<li style=\"text-align: left\"><a href=\"http:\/\/comunidade.cancaonova.com\/vocacional\/procedimentos\/\">Como realizar o discernimento vocacional com Comunidade Can\u00e7\u00e3o Nova<\/a><\/li>\n<li style=\"text-align: left\"><a href=\"http:\/\/comunidade.cancaonova.com\/vocacional\/discernimento-vocacional\/\">Procedimentos necess\u00e1rios<\/a><\/li>\n<li style=\"text-align: left\"><a href=\"http:\/\/comunidade.cancaonova.com\/vocacional\/discernimento-vocacional\/equipe-vocacional\/\">Entre em contato como a Equipe Vocacional<\/a><\/li>\n<\/ul>\n<p>&nbsp;<\/p>\n<p>&nbsp;<\/p>\n<p>&nbsp;<\/p>\n","protected":false},"excerpt":{"rendered":"<p>&nbsp; Todos os crist\u00e3os possuem uma voca\u00e7\u00e3o. Ela \u00e9 o chamado do Pai, cuja finalidade \u00e9 a realiza\u00e7\u00e3o plena da pessoa humana.&nbsp; \u00c9 um gesto gracioso do Senhor que visa a plena humaniza\u00e7\u00e3o do homem. \u00c9 dom, gra\u00e7a, elei\u00e7\u00e3o cuidadosa,&#8230;<\/p>\n","protected":false},"author":3411,"featured_media":0,"parent":0,"menu_order":0,"comment_status":"open","ping_status":"open","template":"","meta":{"_mi_skip_tracking":false,"_monsterinsights_sitenote_active":false,"_monsterinsights_sitenote_note":"","_monsterinsights_sitenote_category":0,"footnotes":""},"_links":{"self":[{"href":"https:\/\/blog.cancaonova.com\/gravata\/wp-json\/wp\/v2\/pages\/11966"}],"collection":[{"href":"https:\/\/blog.cancaonova.com\/gravata\/wp-json\/wp\/v2\/pages"}],"about":[{"href":"https:\/\/blog.cancaonova.com\/gravata\/wp-json\/wp\/v2\/types\/page"}],"author":[{"embeddable":true,"href":"https:\/\/blog.cancaonova.com\/gravata\/wp-json\/wp\/v2\/users\/3411"}],"replies":[{"embeddable":true,"href":"https:\/\/blog.cancaonova.com\/gravata\/wp-json\/wp\/v2\/comments?post=11966"}],"version-history":[{"count":5,"href":"https:\/\/blog.cancaonova.com\/gravata\/wp-json\/wp\/v2\/pages\/11966\/revisions"}],"predecessor-version":[{"id":13001,"href":"https:\/\/blog.cancaonova.com\/gravata\/wp-json\/wp\/v2\/pages\/11966\/revisions\/13001"}],"wp:attachment":[{"href":"https:\/\/blog.cancaonova.com\/gravata\/wp-json\/wp\/v2\/media?parent=11966"}],"curies":[{"name":"wp","href":"https:\/\/api.w.org\/{rel}","templated":true}]}}