{"id":12514,"date":"2016-05-06T17:10:39","date_gmt":"2016-05-06T19:10:39","guid":{"rendered":"http:\/\/blog.cancaonova.com\/gravata\/?page_id=12514"},"modified":"2024-04-04T07:59:33","modified_gmt":"2024-04-04T10:59:33","slug":"quem-somos","status":"publish","type":"page","link":"https:\/\/blog.cancaonova.com\/gravata\/quem-somos\/","title":{"rendered":"Quem somos"},"content":{"rendered":"<p>A <strong>Comunidade Can\u00e7\u00e3o Nova<\/strong> \u00e9 uma comunidade carism\u00e1tica cat\u00f3lica, fundada por <strong>padre Jonas Abib<\/strong> e reconhecida pelo<strong> Pontif\u00edcio Conselho para os Leigos<\/strong> como associa\u00e7\u00e3o internacional privada de fi\u00e9is, dotada de personalidade jur\u00eddica (cfr. CIC, c\u00e2n. 298-311; 321-329) e tem sua sede na cidade de Cachoeira Paulista \u00a0(SP), Diocese de Lorena, S\u00e3o Paulo \u2013 Brasil.<\/p>\n<p>O termo <strong>\u201cCan\u00e7\u00e3o Nova\u201d<\/strong> corresponde ao C\u00e2ntico Novo, tema que perpassa toda a hist\u00f3ria da salva\u00e7\u00e3o: \u00e9 o c\u00e2ntico dos remidos, o c\u00e2ntico das mulheres e homens novos para um mundo novo. A Comunidade Can\u00e7\u00e3o Nova assume o compromisso de ser este c\u00e2ntico para a Igreja e para o mundo. A Comunidade Can\u00e7\u00e3o Nova pretende ser na Igreja, a \u201cCasa de Maria\u201d, entendendo tal express\u00e3o no sentido b\u00edblico: da descend\u00eancia de Maria, da ra\u00e7a de Maria, sua M\u00e3e e educadora.<\/p>\n<p><strong>A Comunidade Can\u00e7\u00e3o Nova \u00e9 um corpo associativo de fi\u00e9is crist\u00e3os formado de\u00a0mulheres e homens; jovens e adultos; solteiros, casados e celibat\u00e1rios, sacerdotes e di\u00e1conos,\u00a0que assumem a viv\u00eancia mais radical da consagra\u00e7\u00e3o a Deus feita no Batismo e na Crisma, em fun\u00e7\u00e3o do apostolado, numa vida em comunidade, conforme o estado de cada um.<\/strong> Tal viv\u00eancia inspira-se na pr\u00e1tica dos conselhos evang\u00e9licos, adaptada \u00e0 vida secular.<\/p>\n<p>O fundamento da Comunidade Can\u00e7\u00e3o Nova \u00e9 o Evangelho: viver e comunic\u00e1-lo de\u00a0maneira integral, na efic\u00e1cia do Esp\u00edrito Santo, enquanto esperam e apressam a vinda gloriosa do Senhor (cf. 2Pd 3,12), deve ser o empenho de todos os membros.<\/p>\n<p>\u25ba<strong> Para mais informa\u00e7\u00f5es\u00a0<a href=\"http:\/\/comunidade.cancaonova.com\/quem-somos\/\">acesse aqui<\/a>\u00a0ou <a href=\"http:\/\/blog.cancaonova.com\/gravata\/como-chegar\/\">entre em contato conosco<\/a>.<\/strong><\/p>\n<p>&nbsp;<\/p>\n","protected":false},"excerpt":{"rendered":"<p>A Comunidade Can\u00e7\u00e3o Nova \u00e9 uma comunidade carism\u00e1tica cat\u00f3lica, fundada por padre Jonas Abib e reconhecida pelo Pontif\u00edcio Conselho para os Leigos como associa\u00e7\u00e3o internacional privada de fi\u00e9is, dotada de personalidade jur\u00eddica (cfr. CIC, c\u00e2n. 298-311; 321-329) e tem sua&#8230;<\/p>\n","protected":false},"author":4539,"featured_media":0,"parent":0,"menu_order":0,"comment_status":"closed","ping_status":"closed","template":"","meta":{"_mi_skip_tracking":false,"_monsterinsights_sitenote_active":false,"_monsterinsights_sitenote_note":"","_monsterinsights_sitenote_category":0,"footnotes":""},"_links":{"self":[{"href":"https:\/\/blog.cancaonova.com\/gravata\/wp-json\/wp\/v2\/pages\/12514"}],"collection":[{"href":"https:\/\/blog.cancaonova.com\/gravata\/wp-json\/wp\/v2\/pages"}],"about":[{"href":"https:\/\/blog.cancaonova.com\/gravata\/wp-json\/wp\/v2\/types\/page"}],"author":[{"embeddable":true,"href":"https:\/\/blog.cancaonova.com\/gravata\/wp-json\/wp\/v2\/users\/4539"}],"replies":[{"embeddable":true,"href":"https:\/\/blog.cancaonova.com\/gravata\/wp-json\/wp\/v2\/comments?post=12514"}],"version-history":[{"count":5,"href":"https:\/\/blog.cancaonova.com\/gravata\/wp-json\/wp\/v2\/pages\/12514\/revisions"}],"predecessor-version":[{"id":12676,"href":"https:\/\/blog.cancaonova.com\/gravata\/wp-json\/wp\/v2\/pages\/12514\/revisions\/12676"}],"wp:attachment":[{"href":"https:\/\/blog.cancaonova.com\/gravata\/wp-json\/wp\/v2\/media?parent=12514"}],"curies":[{"name":"wp","href":"https:\/\/api.w.org\/{rel}","templated":true}]}}