{"id":12558,"date":"2016-06-30T16:34:05","date_gmt":"2016-06-30T18:34:05","guid":{"rendered":"http:\/\/blog.cancaonova.com\/gravata\/?page_id=12558"},"modified":"2019-09-18T17:08:42","modified_gmt":"2019-09-18T19:08:42","slug":"nossa-infra-estrutura","status":"publish","type":"page","link":"https:\/\/blog.cancaonova.com\/gravata\/nossa-infra-estrutura\/","title":{"rendered":"Infra-estrutura"},"content":{"rendered":"<h2>Na Comunidade Can\u00e7\u00e3o Nova, em&nbsp;Gravat\u00e1 voc\u00ea encontra:<\/h2>\n<p><strong>Capela Nossa Senhora das Vit\u00f3rias:&nbsp;<\/strong> Onde Jesus \u00e9 adorado e voc\u00ea \u00e9 convidado a ter o seu momento pessoal com o Ele.<\/p>\n<p><strong>Rinc\u00e3o do Meu Senhor:<\/strong>&nbsp;\u00c9 o espa\u00e7o coberto para reuni\u00e3o de fi\u00e9is,&nbsp;um local totalmente prop\u00edcio para uma experi\u00eancia pessoal com Jesus.<\/p>\n<p><strong>&nbsp;Lanchonete:<\/strong> com as variedades de salgados, refrigerantes, sucos , refei\u00e7\u00f5es&nbsp; e mais os pratos t\u00edpicos da Regi\u00e3o. (Funcionamento somente nos Acampamentos ou Kair\u00f3s)<\/p>\n<p><strong>Banheiros Femininos e Masculinos:<\/strong> Com v\u00e1rios chuveiros<\/p>\n<p><strong>Alojamentos:<\/strong>&nbsp; feminino e masculino com vagas limitadas, sendo as vagas por ordem de chegada.(Por favor verifique o regulamento do alojamento).<\/p>\n<p><strong>Camping feminino, masculino e familiar:<\/strong> Temos uma taxa de R$30,00 por pessoa para a manuten\u00e7\u00e3o do local. (Por favor verifique o regulamento do camping).<\/p>\n<ul>\n<li>Para o alojamento colch\u00e3o ou colchonete, roupa de cama e seus objetos pessoais.<\/li>\n<li>Para o camping traga sua barraca, colchonete e objetos pessoais.<\/li>\n<\/ul>\n<p>Na op\u00e7\u00e3o de participar somente do encontro e retornar para a sua casa, traga sua b\u00edblia, seu ter\u00e7o, alegria e o cora\u00e7\u00e3o aberto para o encontro com Nosso Senhor.<\/p>\n<h2>&nbsp;Acampamentos na Can\u00e7\u00e3o Nova Gravat\u00e1 -PE<\/h2>\n<p>Fazemos o que nos ensinou nosso pai Fundador Monsenhor Jonas Abib, anunciamos o evangelho com ousadia e com o jeito Can\u00e7\u00e3o Nova de ser, na&nbsp; alegria de quem espera a vinda do seu Senhor.&nbsp; Buscando proporcionar o encontro pessoal com Jesus e a experi\u00eancia do batismo no Espirito Santo.<\/p>\n<h2 style=\"text-align: justify\"><a href=\"http:\/\/blog.cancaonova.com\/gravata\/files\/2010\/10\/gedc1313.jpg\"><img loading=\"lazy\" decoding=\"async\" class=\"alignnone size-thumbnail wp-image-9016\" src=\"http:\/\/blog.cancaonova.com\/gravata\/files\/2010\/10\/gedc1313-150x150.jpg\" alt=\"\" width=\"150\" height=\"150\"\/><\/a> <a href=\"http:\/\/blog.cancaonova.com\/gravata\/files\/2010\/10\/gedc1147.jpg\"><img loading=\"lazy\" decoding=\"async\" class=\"alignnone size-thumbnail wp-image-9018\" src=\"http:\/\/blog.cancaonova.com\/gravata\/files\/2010\/10\/gedc1147-150x150.jpg\" alt=\"\" width=\"150\" height=\"150\"\/><\/a><a href=\"http:\/\/blog.cancaonova.com\/gravata\/files\/2010\/10\/gedc14641.jpg\"><img loading=\"lazy\" decoding=\"async\" class=\"alignnone size-thumbnail wp-image-9019\" src=\"http:\/\/blog.cancaonova.com\/gravata\/files\/2010\/10\/gedc14641-150x150.jpg\" alt=\"\" width=\"150\" height=\"150\"\/><img loading=\"lazy\" decoding=\"async\" class=\" wp-image-13296 alignleft\" src=\"http:\/\/blog.cancaonova.com\/gravata\/files\/2016\/06\/57273ffa-eb98-4013-a36f-c5b162d73ad5-120x58.jpg\" alt=\"\" width=\"217\" height=\"105\" srcset=\"https:\/\/blog.cancaonova.com\/gravata\/files\/2016\/06\/57273ffa-eb98-4013-a36f-c5b162d73ad5-120x58.jpg 120w, https:\/\/blog.cancaonova.com\/gravata\/files\/2016\/06\/57273ffa-eb98-4013-a36f-c5b162d73ad5-768x373.jpg 768w, https:\/\/blog.cancaonova.com\/gravata\/files\/2016\/06\/57273ffa-eb98-4013-a36f-c5b162d73ad5.jpg 1152w\" sizes=\"(max-width: 217px) 100vw, 217px\" \/> <img loading=\"lazy\" decoding=\"async\" class=\" wp-image-13295 alignleft\" src=\"http:\/\/blog.cancaonova.com\/gravata\/files\/2016\/06\/8cd89561-1ca2-4f6d-b0fb-9c1b5861c4d8-120x58.jpg\" alt=\"\" width=\"211\" height=\"102\" srcset=\"https:\/\/blog.cancaonova.com\/gravata\/files\/2016\/06\/8cd89561-1ca2-4f6d-b0fb-9c1b5861c4d8-120x58.jpg 120w, https:\/\/blog.cancaonova.com\/gravata\/files\/2016\/06\/8cd89561-1ca2-4f6d-b0fb-9c1b5861c4d8-768x373.jpg 768w, https:\/\/blog.cancaonova.com\/gravata\/files\/2016\/06\/8cd89561-1ca2-4f6d-b0fb-9c1b5861c4d8.jpg 1152w\" sizes=\"(max-width: 211px) 100vw, 211px\" \/> <img loading=\"lazy\" decoding=\"async\" class=\" wp-image-13294 alignleft\" src=\"http:\/\/blog.cancaonova.com\/gravata\/files\/2016\/06\/efb033ab-09f2-433a-b80d-fd28e83e78d1-120x58.jpg\" alt=\"\" width=\"225\" height=\"109\" srcset=\"https:\/\/blog.cancaonova.com\/gravata\/files\/2016\/06\/efb033ab-09f2-433a-b80d-fd28e83e78d1-120x58.jpg 120w, https:\/\/blog.cancaonova.com\/gravata\/files\/2016\/06\/efb033ab-09f2-433a-b80d-fd28e83e78d1-768x373.jpg 768w, https:\/\/blog.cancaonova.com\/gravata\/files\/2016\/06\/efb033ab-09f2-433a-b80d-fd28e83e78d1.jpg 1152w\" sizes=\"(max-width: 225px) 100vw, 225px\" \/><\/a><\/h2>\n<h2>&nbsp;<\/h2>\n<h2>&nbsp;<\/h2>\n<h2 style=\"text-align: justify\">Esperamos por voc\u00ea! Consulte nossa agenda!<\/h2>\n","protected":false},"excerpt":{"rendered":"<p>Na Comunidade Can\u00e7\u00e3o Nova, em&nbsp;Gravat\u00e1 voc\u00ea encontra: Capela Nossa Senhora das Vit\u00f3rias:&nbsp; Onde Jesus \u00e9 adorado e voc\u00ea \u00e9 convidado a ter o seu momento pessoal com o Ele. Rinc\u00e3o do Meu Senhor:&nbsp;\u00c9 o espa\u00e7o coberto para reuni\u00e3o de fi\u00e9is,&nbsp;um&#8230;<\/p>\n","protected":false},"author":3411,"featured_media":0,"parent":0,"menu_order":0,"comment_status":"closed","ping_status":"closed","template":"","meta":{"_mi_skip_tracking":false,"_monsterinsights_sitenote_active":false,"_monsterinsights_sitenote_note":"","_monsterinsights_sitenote_category":0,"footnotes":""},"_links":{"self":[{"href":"https:\/\/blog.cancaonova.com\/gravata\/wp-json\/wp\/v2\/pages\/12558"}],"collection":[{"href":"https:\/\/blog.cancaonova.com\/gravata\/wp-json\/wp\/v2\/pages"}],"about":[{"href":"https:\/\/blog.cancaonova.com\/gravata\/wp-json\/wp\/v2\/types\/page"}],"author":[{"embeddable":true,"href":"https:\/\/blog.cancaonova.com\/gravata\/wp-json\/wp\/v2\/users\/3411"}],"replies":[{"embeddable":true,"href":"https:\/\/blog.cancaonova.com\/gravata\/wp-json\/wp\/v2\/comments?post=12558"}],"version-history":[{"count":7,"href":"https:\/\/blog.cancaonova.com\/gravata\/wp-json\/wp\/v2\/pages\/12558\/revisions"}],"predecessor-version":[{"id":13297,"href":"https:\/\/blog.cancaonova.com\/gravata\/wp-json\/wp\/v2\/pages\/12558\/revisions\/13297"}],"wp:attachment":[{"href":"https:\/\/blog.cancaonova.com\/gravata\/wp-json\/wp\/v2\/media?parent=12558"}],"curies":[{"name":"wp","href":"https:\/\/api.w.org\/{rel}","templated":true}]}}