{"id":12673,"date":"2016-10-18T14:55:00","date_gmt":"2016-10-18T16:55:00","guid":{"rendered":"http:\/\/blog.cancaonova.com\/gravata\/?page_id=12673"},"modified":"2024-02-17T21:47:34","modified_gmt":"2024-02-18T00:47:34","slug":"cancao-nova-em-missao","status":"publish","type":"page","link":"https:\/\/blog.cancaonova.com\/gravata\/cancao-nova-em-missao\/","title":{"rendered":"PEDIDO DE MISS\u00c3O"},"content":{"rendered":"<p><img loading=\"lazy\" decoding=\"async\" class=\" wp-image-13785 aligncenter\" src=\"http:\/\/blog.cancaonova.com\/gravata\/files\/2016\/10\/C\u00f3pia-de-FEIR\u00c3O-DA-PROVID\u00caNCIA-1-120x68.png\" alt=\"\" width=\"461\" height=\"261\" srcset=\"https:\/\/blog.cancaonova.com\/gravata\/files\/2016\/10\/C\u00f3pia-de-FEIR\u00c3O-DA-PROVID\u00caNCIA-1-120x68.png 120w, https:\/\/blog.cancaonova.com\/gravata\/files\/2016\/10\/C\u00f3pia-de-FEIR\u00c3O-DA-PROVID\u00caNCIA-1-768x433.png 768w, https:\/\/blog.cancaonova.com\/gravata\/files\/2016\/10\/C\u00f3pia-de-FEIR\u00c3O-DA-PROVID\u00caNCIA-1-384x216.png 384w, https:\/\/blog.cancaonova.com\/gravata\/files\/2016\/10\/C\u00f3pia-de-FEIR\u00c3O-DA-PROVID\u00caNCIA-1.png 1640w\" sizes=\"(max-width: 461px) 100vw, 461px\" \/><\/p>\n<p>&nbsp;<\/p>\n<h2 style=\"text-align: center\"><strong>PEDIDO DE MISS\u00c3O<\/strong><\/h2>\n<h4 style=\"text-align: left\">Leve os Mission\u00e1rios da Comunidade Can\u00e7\u00e3o Nova Gravat\u00e1 para seu evento,\u00a0 encontros, grupo de ora\u00e7\u00e3o, forma\u00e7\u00f5es, cursos, aprofundamentos, retiros.<\/h4>\n<h4 style=\"text-align: left\">Somos uma Comunidade Cat\u00f3lica de Amor e Adora\u00e7\u00e3o que comunica a Boa Nova de Jesus no poder do Espirito Santo.<\/h4>\n<h3 style=\"text-align: left\"><\/h3>\n<h2 style=\"text-align: left\"><strong>Para levar os mission\u00e1rios da Comunidade Can\u00e7\u00e3o Nova, sejam eles padres, leigos, casal, \u00e9 preciso fazer um pedido formal por meio do seguinte link:<\/strong><\/h2>\n<p style=\"text-align: left\"><strong><a href=\"https:\/\/docs.google.com\/forms\/d\/e\/1FAIpQLSdKvlFzx0CAcshm74AWVsP-7BsOX2D5nUYg_YcsstfmUskfvQ\/viewform\">https:\/\/docs.google.com\/forms\/d\/e\/1FAIpQLSdKvlFzx0CAcshm74AWVsP-7BsOX2D5nUYg_YcsstfmUskfvQ\/viewform<\/a><\/strong><\/p>\n<h2 style=\"text-align: left\"><\/h2>\n<p>&nbsp;<\/p>\n<h2 style=\"text-align: left\"><strong>Mais informa\u00e7\u00f5es:<\/strong><\/h2>\n<h4 style=\"text-align: left\">WhatsApp\u00a0 (81) 3533-4764 \/\/ eventosgravata@cancaonova.com<\/h4>\n<h4 style=\"text-align: left\">Endere\u00e7o: Can\u00e7\u00e3o Nova Gravat\u00e1, Ch\u00e1cara de S\u00e3o Jos\u00e9, Rodovia 232, km 81, s\/n, Gravat\u00e1- PE<\/h4>\n<p>&nbsp;<\/p>\n<p>&nbsp;<\/p>\n<h4 style=\"text-align: left\"><strong>Siga-nos nas Redes Sociais:<\/strong><br \/>\nSiga o nosso Instagram: @cancaonovagravata @radiocngravata<br \/>\nFacebook: Can\u00e7\u00e3o Nova Gravat\u00e1<br \/>\nGravat\u00e1 \u2013 R\u00e1dio Can\u00e7\u00e3o Nova (cancaonova.com)<\/h4>\n","protected":false},"excerpt":{"rendered":"<p>&nbsp; PEDIDO DE MISS\u00c3O Leve os Mission\u00e1rios da Comunidade Can\u00e7\u00e3o Nova Gravat\u00e1 para seu evento,\u00a0 encontros, grupo de ora\u00e7\u00e3o, forma\u00e7\u00f5es, cursos, aprofundamentos, retiros. Somos uma Comunidade Cat\u00f3lica de Amor e Adora\u00e7\u00e3o que comunica a Boa Nova de Jesus no poder&#8230;<\/p>\n","protected":false},"author":4539,"featured_media":0,"parent":0,"menu_order":0,"comment_status":"closed","ping_status":"closed","template":"","meta":{"_mi_skip_tracking":false,"_monsterinsights_sitenote_active":false,"_monsterinsights_sitenote_note":"","_monsterinsights_sitenote_category":0,"footnotes":""},"_links":{"self":[{"href":"https:\/\/blog.cancaonova.com\/gravata\/wp-json\/wp\/v2\/pages\/12673"}],"collection":[{"href":"https:\/\/blog.cancaonova.com\/gravata\/wp-json\/wp\/v2\/pages"}],"about":[{"href":"https:\/\/blog.cancaonova.com\/gravata\/wp-json\/wp\/v2\/types\/page"}],"author":[{"embeddable":true,"href":"https:\/\/blog.cancaonova.com\/gravata\/wp-json\/wp\/v2\/users\/4539"}],"replies":[{"embeddable":true,"href":"https:\/\/blog.cancaonova.com\/gravata\/wp-json\/wp\/v2\/comments?post=12673"}],"version-history":[{"count":12,"href":"https:\/\/blog.cancaonova.com\/gravata\/wp-json\/wp\/v2\/pages\/12673\/revisions"}],"predecessor-version":[{"id":13791,"href":"https:\/\/blog.cancaonova.com\/gravata\/wp-json\/wp\/v2\/pages\/12673\/revisions\/13791"}],"wp:attachment":[{"href":"https:\/\/blog.cancaonova.com\/gravata\/wp-json\/wp\/v2\/media?parent=12673"}],"curies":[{"name":"wp","href":"https:\/\/api.w.org\/{rel}","templated":true}]}}