{"id":12680,"date":"2016-10-18T15:17:44","date_gmt":"2016-10-18T17:17:44","guid":{"rendered":"http:\/\/blog.cancaonova.com\/gravata\/?page_id=12680"},"modified":"2016-10-18T16:02:28","modified_gmt":"2016-10-18T18:02:28","slug":"radio","status":"publish","type":"page","link":"https:\/\/blog.cancaonova.com\/gravata\/radio\/","title":{"rendered":"R\u00e1dio Can\u00e7\u00e3o Nova"},"content":{"rendered":"<p><strong>Hist\u00f3rico da R\u00e1dio Can\u00e7\u00e3o Nova de Gravat\u00e1 AM 1480<\/strong><\/p>\n<p>A R\u00e1dio Can\u00e7\u00e3o Nova de Gravat\u00e1, Antiga R\u00e1dio Vale do Ipojuca, entrou ao ar no dia 1\u00ba de maio de 1995, gra\u00e7as a intercess\u00e3o e empenho do Padre Miguel Angelo e do Mons. Cremildo (In Mem\u00f3ria), que conhecendo o Monsenhor Jonas Abib e a Can\u00e7\u00e3o Nova, percebendo a import\u00e2ncia da mesma estar nesta cidade, fizeram o contato e foram intermedi\u00e1rios, na compra desta R\u00e1dio, e desde ent\u00e3o, a R\u00e1dio Can\u00e7\u00e3o Nova de Gravat\u00e1 AM 1480 est\u00e1 no ar, sendo a segunda R\u00e1dio adquirida pela Can\u00e7\u00e3o Nova.<\/p>\n<p>Essa data, 01\u00ba de Maio, se tornou uma festa tradicional, onde as pessoas comemoraram mais um ano da R\u00e1dio e da Miss\u00e3o Can\u00e7\u00e3o Nova em Gravat\u00e1, t\u00e3o tradicional, inclusive muitos fazem promessas para pagarem.<\/p>\n<p>Vivemos muitos desafios, para permanecermos no ar, aqui na Cidade de Gravat\u00e1, Como o Monsenhor Jonas disse numa prega\u00e7\u00e3o aqui, a Hist\u00f3ria da R\u00e1dio Can\u00e7\u00e3o Nova de Gravat\u00e1 \u00e9 Uma Hist\u00f3ria de F\u00e9, isso se comprova a cada dia, a cada ano.<\/p>\n<p>Adquirimos a R\u00e1dio com aparelhagem sucateadas, com muitas d\u00edvidas, com apenas 1 Kilowatt de pot\u00eancia, mais a divina provid\u00eancia foi sempre regendo todas as coisas.<br \/>\nTendo uma programa\u00e7\u00e3o de Evangeliza\u00e7\u00e3o bem diversificada.<br \/>\nUm marco na Hist\u00f3ria da R\u00e1dio, \u00e9 a M\u00fasica Deus \u00e9 mais do Di\u00e1cono Nelsinho Correa, a mais pedida na R\u00e1dio, e os Programas Can\u00e7\u00e3o Nova e voc\u00ea, apresentado pelo Rub\u00e3o, e o Cantinho da Crian\u00e7a com Doralice.<\/p>\n<p>N\u00e3o podemos esquecer uma pessoa muito amanda desta Miss\u00e3o o Sr. Ronaldo, que foi Operador de Transmissor, mission\u00e1rio da Can\u00e7\u00e3o Nova no Segundo Elo, e Faleceu se Gastando pela Can\u00e7\u00e3o Nova, ele criou a campanhas do Tijolo, onde toda Cidade levava cada um , um tijolinho para construir esta Casa de Miss\u00e3o.<\/p>\n<p><a href=\"http:\/\/radio.cancaonova.com\/gravata\/?autoplay=true\" target=\"_blank\"><img loading=\"lazy\" decoding=\"async\" class=\"size-full wp-image-12681 aligncenter\" src=\"http:\/\/blog.cancaonova.com\/gravata\/files\/2016\/10\/banner_radio-cancao-nova_ao-vivo.png\" alt=\"banner_radio-cancao-nova_ao vivo\" width=\"254\" height=\"160\" \/><\/a><\/p>\n<p>Em 2010, teve uma grande enchente no Rio Ipojuca e uma \u00e1rvore, derrubou nossa antena.<br \/>\nMais uma luta, ficamos fora do ar por uma semana, voltando ao ar, provisoriamente com 2 Kilowatts de pot\u00eancia, atingindo somente a Cidade de Gravat\u00e1, o Povo sentiu muito essa fragilidade, a Evangeliza\u00e7\u00e3o da Can\u00e7\u00e3o Nova fez muita falta, e muitos ligavam, pra saber quando voltar\u00edamos, e pra dizer que estavam rezando, e at\u00e9 oferecendo algum tipo de ajuda.<\/p>\n<p>Em 2014 Adquirimos uma antena nova, e a instalamos as v\u00e9speras do 1\u00ba de maio, mais no dia 02 de Maio , o nosso Transmissor n\u00e3o comportou a nova antena e queimou, ficamos 3 meses fora do ar, n\u00e3o pod\u00edamos negar a influ\u00eancia espiritual, e em Junho de 2014, n\u00f3s fomos ao Transmissor fazer um momento de ora\u00e7\u00e3o,Com a Santa Missa, e o Padre Erasmo Deodato, passeou por Toda a \u00e1rea do Transmissor Com Jesus Eucar\u00edstico , por que O Lugar onde Jesus passa nunca mais \u00e9 o Mesmo .<\/p>\n<p>E na Can\u00e7\u00e3o Nova \u00e9 assim, Ela quem tudo fez ela quem tudo faz\u2026. contamos sempre com a intercess\u00e3o de Nossa Senhora, e ela sempre nos d\u00e1 Sinais da sua presen\u00e7a, no dia 27\/11\/14 dia de nossa Senhora das Gra\u00e7as chegou nosso Transmissor, e no dia 12\/12\/14 dia de Nossa Senhora de Guadalupe, come\u00e7ou a reforma do nosso Est\u00fadio.<\/p>\n<p>E com antena Nova e transmissor novo n\u00f3s voltamos a transmitir nossa programa\u00e7\u00e3o, com 5Kilowatts de pot\u00eancia. Transmitindo a programa\u00e7\u00e3o e acampamentos de Cachoeira Paulista SP e tamb\u00e9m nossa programa\u00e7\u00e3o local e Nossos Acampamentos, abrangendo a Cidade de Gravat\u00e1, e Regi\u00e3o circunvizinha , podendo chegar, a algumas Cidades da Capital, Recife PE.<\/p>\n","protected":false},"excerpt":{"rendered":"<p>Hist\u00f3rico da R\u00e1dio Can\u00e7\u00e3o Nova de Gravat\u00e1 AM 1480 A R\u00e1dio Can\u00e7\u00e3o Nova de Gravat\u00e1, Antiga R\u00e1dio Vale do Ipojuca, entrou ao ar no dia 1\u00ba de maio de 1995, gra\u00e7as a intercess\u00e3o e empenho do Padre Miguel Angelo e&#8230;<\/p>\n","protected":false},"author":4645,"featured_media":0,"parent":0,"menu_order":0,"comment_status":"closed","ping_status":"closed","template":"","meta":{"_mi_skip_tracking":false,"_monsterinsights_sitenote_active":false,"_monsterinsights_sitenote_note":"","_monsterinsights_sitenote_category":0,"footnotes":""},"_links":{"self":[{"href":"https:\/\/blog.cancaonova.com\/gravata\/wp-json\/wp\/v2\/pages\/12680"}],"collection":[{"href":"https:\/\/blog.cancaonova.com\/gravata\/wp-json\/wp\/v2\/pages"}],"about":[{"href":"https:\/\/blog.cancaonova.com\/gravata\/wp-json\/wp\/v2\/types\/page"}],"author":[{"embeddable":true,"href":"https:\/\/blog.cancaonova.com\/gravata\/wp-json\/wp\/v2\/users\/4645"}],"replies":[{"embeddable":true,"href":"https:\/\/blog.cancaonova.com\/gravata\/wp-json\/wp\/v2\/comments?post=12680"}],"version-history":[{"count":2,"href":"https:\/\/blog.cancaonova.com\/gravata\/wp-json\/wp\/v2\/pages\/12680\/revisions"}],"predecessor-version":[{"id":12698,"href":"https:\/\/blog.cancaonova.com\/gravata\/wp-json\/wp\/v2\/pages\/12680\/revisions\/12698"}],"wp:attachment":[{"href":"https:\/\/blog.cancaonova.com\/gravata\/wp-json\/wp\/v2\/media?parent=12680"}],"curies":[{"name":"wp","href":"https:\/\/api.w.org\/{rel}","templated":true}]}}