{"id":12726,"date":"2016-10-21T15:09:35","date_gmt":"2016-10-21T17:09:35","guid":{"rendered":"http:\/\/blog.cancaonova.com\/gravata\/?page_id=12726"},"modified":"2024-02-17T22:22:54","modified_gmt":"2024-02-18T01:22:54","slug":"pedido-de-oracao","status":"publish","type":"page","link":"https:\/\/blog.cancaonova.com\/gravata\/pedido-de-oracao\/","title":{"rendered":"DOA\u00c7\u00c3O"},"content":{"rendered":"<p><img loading=\"lazy\" decoding=\"async\" class=\" wp-image-13793 aligncenter\" src=\"http:\/\/blog.cancaonova.com\/gravata\/files\/2016\/10\/C\u00f3pia-de-FEIR\u00c3O-DA-PROVID\u00caNCIA-2-120x68.png\" alt=\"\" width=\"470\" height=\"266\" srcset=\"https:\/\/blog.cancaonova.com\/gravata\/files\/2016\/10\/C\u00f3pia-de-FEIR\u00c3O-DA-PROVID\u00caNCIA-2-120x68.png 120w, https:\/\/blog.cancaonova.com\/gravata\/files\/2016\/10\/C\u00f3pia-de-FEIR\u00c3O-DA-PROVID\u00caNCIA-2-768x433.png 768w, https:\/\/blog.cancaonova.com\/gravata\/files\/2016\/10\/C\u00f3pia-de-FEIR\u00c3O-DA-PROVID\u00caNCIA-2-384x216.png 384w, https:\/\/blog.cancaonova.com\/gravata\/files\/2016\/10\/C\u00f3pia-de-FEIR\u00c3O-DA-PROVID\u00caNCIA-2.png 1640w\" sizes=\"(max-width: 470px) 100vw, 470px\" \/><\/p>\n<h2 style=\"text-align: center\"><strong>SAIBA COMO AJUDAR A CAN\u00c7\u00c3O NOVA<\/strong><\/h2>\n<p>&nbsp;<\/p>\n<div id=\"content-post\" class=\"container-content\">\n<article id=\"post-27432\" class=\"post-27432 page type-page status-publish hentry\">\n<div class=\"entry-content\">\n<h4 style=\"text-align: left\">A Can\u00e7\u00e3o Nova se mant\u00e9m, mensalmente, por meio de doa\u00e7\u00f5es das pessoas que partilham da mesma miss\u00e3o de evangelizar, e as contribui\u00e7\u00f5es acontecem de forma direta ou\u00a0indireta.<\/h4>\n<h4 style=\"text-align: left\">De forma concreta na miss\u00e3o da Can\u00e7\u00e3o Nova em Gravat\u00e1-PE sua doa\u00e7\u00e3o \u00e9 direcionada a manuten\u00e7\u00e3o da Ch\u00e1cara de S\u00e3o Jos\u00e9, nos projetos de melhoria da infraestrutura para melhor te receber nos eventos, retiros e acampamentos.<\/h4>\n<p>&nbsp;<\/p>\n<h2 style=\"text-align: left\"><strong>JUNTE-SE VOC\u00ca TAMB\u00c9M \u00c0 MISS\u00c3O DE EVANGELIZAR!<\/strong><\/h2>\n<h4 style=\"text-align: left\">A forma direta de contribui\u00e7\u00e3o \u00e9 por meio da chave Pix:<\/h4>\n<h4 style=\"text-align: left\">euajudocngravata@cancaonova.com<\/h4>\n<\/div>\n<\/article>\n<\/div>\n<p><img loading=\"lazy\" decoding=\"async\" class=\" wp-image-13798 aligncenter\" src=\"http:\/\/blog.cancaonova.com\/gravata\/files\/2016\/10\/C\u00f3pia-de-FEIR\u00c3O-DA-PROVID\u00caNCIA-3-120x68.png\" alt=\"\" width=\"426\" height=\"241\" srcset=\"https:\/\/blog.cancaonova.com\/gravata\/files\/2016\/10\/C\u00f3pia-de-FEIR\u00c3O-DA-PROVID\u00caNCIA-3-120x68.png 120w, https:\/\/blog.cancaonova.com\/gravata\/files\/2016\/10\/C\u00f3pia-de-FEIR\u00c3O-DA-PROVID\u00caNCIA-3-768x432.png 768w, https:\/\/blog.cancaonova.com\/gravata\/files\/2016\/10\/C\u00f3pia-de-FEIR\u00c3O-DA-PROVID\u00caNCIA-3-384x216.png 384w, https:\/\/blog.cancaonova.com\/gravata\/files\/2016\/10\/C\u00f3pia-de-FEIR\u00c3O-DA-PROVID\u00caNCIA-3-512x288.png 512w, https:\/\/blog.cancaonova.com\/gravata\/files\/2016\/10\/C\u00f3pia-de-FEIR\u00c3O-DA-PROVID\u00caNCIA-3-1024x576.png 1024w, https:\/\/blog.cancaonova.com\/gravata\/files\/2016\/10\/C\u00f3pia-de-FEIR\u00c3O-DA-PROVID\u00caNCIA-3-1536x864.png 1536w, https:\/\/blog.cancaonova.com\/gravata\/files\/2016\/10\/C\u00f3pia-de-FEIR\u00c3O-DA-PROVID\u00caNCIA-3.png 1640w\" sizes=\"(max-width: 426px) 100vw, 426px\" \/><\/p>\n<p>&nbsp;<\/p>\n<div id=\"content-post\" class=\"container-content\">\n<article id=\"post-27432\" class=\"post-27432 page type-page status-publish hentry\">\n<h2 style=\"text-align: left\"><strong>Mais informa\u00e7\u00f5es:<\/strong><\/h2>\n<h4 style=\"text-align: left\">WhatsApp\u00a0 (81) 3533-4764 \/\/ eventosgravata@cancaonova.com<\/h4>\n<h4 style=\"text-align: left\">Endere\u00e7o: Can\u00e7\u00e3o Nova Gravat\u00e1, Ch\u00e1cara de S\u00e3o Jos\u00e9, Rodovia 232, km 81, s\/n, Gravat\u00e1- PE<\/h4>\n<h4 class=\"entry-content\" style=\"text-align: left\"><strong>Siga-nos nas Redes Sociais:<\/strong><br \/>\nSiga o nosso Instagram: @cancaonovagravata @radiocngravata<br \/>\nFacebook: Can\u00e7\u00e3o Nova Gravat\u00e1<br \/>\nGravat\u00e1 \u2013 R\u00e1dio Can\u00e7\u00e3o Nova (cancaonova.com)<\/h4>\n<\/article>\n<\/div>\n","protected":false},"excerpt":{"rendered":"<p>SAIBA COMO AJUDAR A CAN\u00c7\u00c3O NOVA &nbsp; A Can\u00e7\u00e3o Nova se mant\u00e9m, mensalmente, por meio de doa\u00e7\u00f5es das pessoas que partilham da mesma miss\u00e3o de evangelizar, e as contribui\u00e7\u00f5es acontecem de forma direta ou\u00a0indireta. De forma concreta na miss\u00e3o da&#8230;<\/p>\n","protected":false},"author":4539,"featured_media":0,"parent":0,"menu_order":0,"comment_status":"closed","ping_status":"closed","template":"","meta":{"_mi_skip_tracking":false,"_monsterinsights_sitenote_active":false,"_monsterinsights_sitenote_note":"","_monsterinsights_sitenote_category":0,"footnotes":""},"_links":{"self":[{"href":"https:\/\/blog.cancaonova.com\/gravata\/wp-json\/wp\/v2\/pages\/12726"}],"collection":[{"href":"https:\/\/blog.cancaonova.com\/gravata\/wp-json\/wp\/v2\/pages"}],"about":[{"href":"https:\/\/blog.cancaonova.com\/gravata\/wp-json\/wp\/v2\/types\/page"}],"author":[{"embeddable":true,"href":"https:\/\/blog.cancaonova.com\/gravata\/wp-json\/wp\/v2\/users\/4539"}],"replies":[{"embeddable":true,"href":"https:\/\/blog.cancaonova.com\/gravata\/wp-json\/wp\/v2\/comments?post=12726"}],"version-history":[{"count":10,"href":"https:\/\/blog.cancaonova.com\/gravata\/wp-json\/wp\/v2\/pages\/12726\/revisions"}],"predecessor-version":[{"id":13801,"href":"https:\/\/blog.cancaonova.com\/gravata\/wp-json\/wp\/v2\/pages\/12726\/revisions\/13801"}],"wp:attachment":[{"href":"https:\/\/blog.cancaonova.com\/gravata\/wp-json\/wp\/v2\/media?parent=12726"}],"curies":[{"name":"wp","href":"https:\/\/api.w.org\/{rel}","templated":true}]}}