{"id":110,"date":"2011-07-27T16:20:37","date_gmt":"2011-07-27T16:20:37","guid":{"rendered":"http:\/\/blog.cancaonova.com\/imaculadocoracaodemaria\/"},"modified":"2015-04-20T14:10:31","modified_gmt":"2015-04-20T14:10:31","slug":"como-missionarios-vivendo-em-fatima-alguns-poucos-anos-foi-impossivel-nao-contactar-e-conhecer-a-mensagem-de-fatima-uma-preciosidade-imensuravel-para-os-fies-catolicos-conhecer-somente-a-mensagem-na","status":"publish","type":"page","link":"https:\/\/blog.cancaonova.com\/imaculadocoracaodemaria\/como-missionarios-vivendo-em-fatima-alguns-poucos-anos-foi-impossivel-nao-contactar-e-conhecer-a-mensagem-de-fatima-uma-preciosidade-imensuravel-para-os-fies-catolicos-conhecer-somente-a-mensagem-na\/","title":{"rendered":"Nossa Devo\u00e7\u00e3o"},"content":{"rendered":"<p>&nbsp;<\/p>\n<p><span style=\"color: #000000\"><span style=\"font-family: Tahoma, sans-serif\"><span style=\"font-size: small\"><a style=\"color: #000000\" href=\"http:\/\/blog.cancaonova.com\/imaculadocoracaodemaria\/files\/2011\/07\/Nilza-e-Giba.jpg\"><img loading=\"lazy\" decoding=\"async\" class=\"alignleft size-thumbnail wp-image-154\" src=\"http:\/\/blog.cancaonova.com\/imaculadocoracaodemaria\/files\/2011\/07\/Nilza-e-Giba-150x150.jpg\" alt=\"\" width=\"150\" height=\"150\" \/><\/a>Como mission\u00e1rios vivendo em F\u00e1tima alguns poucos anos foi imposs\u00edvel n\u00e3o contactar e conhecer a <a style=\"color: #000000\" href=\"http:\/\/www.santuario-fatima.pt\" target=\"_blank\">Mensagem de F\u00e1tima<\/a>, uma preciosidade imensur\u00e1vel para os fies cat\u00f3licos. Conhecer somente a mensagem n\u00e3o basta, fomos impelidos por Deus a dar uma resposta aos <a style=\"color: #000000\" href=\"http:\/\/www.pastorinhos.com\" target=\"_blank\">Apelos<\/a> que a Virgem nos deixou nesse lugar Santo, Apelo esse para todos os crentes.<\/span><\/span><\/span><\/p>\n<p><span style=\"color: #000000\"><span style=\"font-family: Tahoma, sans-serif\"><span style=\"font-size: small\">Tivemos a gra\u00e7a de nesse tempo trabalharmos diretamente com o nosso querido e estimado P. Lu\u00eds Kondor que tanto nos falou, nos instruiu e continua com um entusiasmo incans\u00e1vel a falar da Mensagem e a trabalhar para faze-la conhecida. A cada encontro que com ele que se dava, atrav\u00e9s das grava\u00e7\u00f5es do programa F\u00e1tima Hoje, ascendia uma fagulha ardente em nossos cora\u00e7\u00f5es e crescia o desejo em atender os Apelos da Mensagem. Nesse tempo percebemos o desejos crescente de corresponder os Apelos da Virgem de F\u00e1tima, por\u00e9m, \u00e9 de reconhecer que \u00e9 um caminho longo, de renuncia, de sacrifico, de ora\u00e7\u00e3o\u2026 mas \u00e9 um caminho poss\u00edvel com a gra\u00e7a de Deus e o auxilio da M\u00e3e. Foi assim, de maneira simples que nasceu a nossa devo\u00e7\u00e3o ao Imaculado Cora\u00e7\u00e3o de Maria.<\/span><\/span><\/span><\/p>\n<p><span style=\"color: #000000\"><span style=\"font-family: Tahoma, sans-serif\"><span style=\"font-size: small\">Deus concedeu-nos a gra\u00e7a de estarmos por duas vezes com Mem\u00f3ria Viva das Apari\u00e7\u00f5es em F\u00e1tima, a <a style=\"color: #000000\" href=\"http:\/\/http:\/\/coimbra.carmelitas.pt\/lucia\/lucia.php\" target=\"_blank\">Irm\u00e3 L\u00facia<\/a>, no Carmelo de Santa Teresa em Coimbra, onde guardamos para sempre na nossa lembran\u00e7a a sua boa disposi\u00e7\u00e3o, aten\u00e7\u00e3o e o prazer que transmitia em estar com as pessoas, a sua alegria e bom humor que apreciamos nas suas brincadeiras, e tamb\u00e9m um rosto marcado pelos anos que vivera para dar a conhecer a Devo\u00e7\u00e3o ao Imaculado Cora\u00e7\u00e3o de Maria. <\/span><\/span><\/span><\/p>\n<p><span style=\"color: #ff9900\"><em><span style=\"font-family: Tahoma, sans-serif\"><span style=\"font-size: small\">\u00ab\u2026tu ficas mais um tempo. Jesus quer servir-Se de ti para Me fazer conhecer e amar. Ele quer estabelecer no mundo a devo\u00e7\u00e3o a Meu Imaculado Cora\u00e7\u00e3o\u00bb<\/span><\/span><\/em><em> \u2026 <\/em><em><span style=\"font-family: Tahoma, sans-serif\"><span style=\"font-size: small\">(Memorias Ir L\u00facia &#8211; pag 175)<\/span><\/span><\/em><\/span><\/p>\n<p><span style=\"color: #000000\"><span style=\"font-family: Tahoma, sans-serif\"><span style=\"font-size: small\">Creio que Deus nos preparava para vivermos essa devo\u00e7\u00e3o. Ao recebermos a noticia da aprova\u00e7\u00e3o do nosso namoro pelo Conselho da nossa Comunidade, n\u00e3o tivemos d\u00favida, fomos a <a style=\"color: #000000\" href=\"http:\/\/www.santuario-fatima.pt\" target=\"_blank\">Capelinha das Apari\u00e7\u00f5es <\/a>e oferecemos e consagramos o nosso namoro ao Imaculado Cora\u00e7\u00e3o de Maria, em repara\u00e7\u00e3o por todos os namoros que desagradaram o Cora\u00e7\u00e3o de Deus e pela convers\u00e3o dos pecadores\u2026, a partir de ent\u00e3o nos comprometemos em viver a Devo\u00e7\u00e3o ao Imaculado Cora\u00e7\u00e3o. Percebemos nesse tempo que n\u00e3o precisamos fazer grande s sacrif\u00edcios, pois o dia a dia nos proporciona os pequeninos sacrif\u00edcios para oferecermos a Deus por meio do Cora\u00e7\u00e3o Imaculado, mas tamb\u00e9m descobrimos uma dimens\u00e3o nova para oferecermos e reparamos, brotou-nos o desejo de n\u00e3o oferecer somente as dificuldades, mas tamb\u00e9m as vitorias e os momentos de alegria para consolar e alegrar o Cora\u00e7\u00e3o da M\u00e3e. E o mesmo aconteceu com a aprova\u00e7\u00e3o do nosso noivado. No dia do nosso casamento n\u00e3o poderia ser diferente, a Consagra\u00e7\u00e3o da nossa fam\u00edlia ao Imaculado Cora\u00e7\u00e3o iria acontecer, mas sentimos que todos que estavam presentes na Igreja, particularmente ou com suas fam\u00edlias seriam convidados a tamb\u00e9m faze-lo, participando ent\u00e3o da gra\u00e7a especial no dia do nosso matrimonio.<\/span><\/span><\/span><\/p>\n<p><span style=\"color: #ff9900\"><strong><span style=\"font-family: Tahoma, sans-serif\"><span style=\"font-size: small\">\u00ab<\/span><\/span><\/strong><em>\u2026 <\/em><em><span style=\"font-family: Tahoma, sans-serif\"><span style=\"font-size: small\">Estabelecer no mundo a devo\u00e7\u00e3o ao Cora\u00e7\u00e3o Imaculado de Maria. Isso significa levar as pessoas a uma plena consagra\u00e7\u00e3o de convers\u00e3o, doa\u00e7\u00e3o, intima estima, venera\u00e7\u00e3o e amor. \u00c9, pois, nesse esp\u00edrito de consagra\u00e7\u00e3o e convers\u00e3o que Deus quer estabelecer no mundo a devo\u00e7\u00e3o ao Cora\u00e7\u00e3o Imaculado de Maria. <\/span><\/span><\/em><\/span><\/p>\n<p><em><span style=\"color: #ff950e\"><span style=\"font-family: Tahoma, sans-serif\"><span style=\"font-size: small\"><span style=\"color: #000000\"><span style=\"color: #ff9900\">Todos sabemos o que representa, numa fam\u00edlia, o cora\u00e7\u00e3o da m\u00e3e: \u00e9 o amor! Na verdade, \u00e9 o amor que leva a m\u00e3e a desvelar-se junto ao ber\u00e7o do filho. A sacrificar-se, a dar-se, a correr em defesa do filho. Todos os filhos confiam no cora\u00e7\u00e3o da m\u00e3e, e todos sabem que t\u00eam nele um lugar de intima predile\u00e7\u00e3o. O mesmo se passa com a Virgem Maria. <\/span><span style=\"color: #ff9900\">(Apelos pg 1359)<\/span><\/span><\/span><\/span><\/span><\/em><\/p>\n<p><span style=\"color: #000000\"><span style=\"font-family: Tahoma, sans-serif\"><span style=\"font-size: small\">\u00c9 nesse Cora\u00e7\u00e3o que temos encontrado ref\u00fagio e somos conduzidos para Deus, e nEle queremos continuar. Este refugio, e esse caminho \u00e9 para toda a humanidade, todos podem encontra-lo no Cora\u00e7\u00e3o da M\u00e3e, por isso somos convidados a conhecer essa devo\u00e7\u00e3o para vive-la. Temos a certeza que a nossa vida no Cora\u00e7\u00e3o de Maria Triunfar\u00e1.<\/span><\/span><\/span><\/p>\n","protected":false},"excerpt":{"rendered":"<p>&nbsp; Como mission\u00e1rios vivendo em F\u00e1tima alguns poucos anos foi imposs\u00edvel n\u00e3o contactar e conhecer a Mensagem de F\u00e1tima, uma preciosidade imensur\u00e1vel para os fies cat\u00f3licos. Conhecer somente a mensagem n\u00e3o basta, fomos impelidos por Deus a dar uma resposta&#8230;<\/p>\n","protected":false},"author":4549,"featured_media":0,"parent":0,"menu_order":0,"comment_status":"open","ping_status":"closed","template":"","meta":{"footnotes":""},"_links":{"self":[{"href":"https:\/\/blog.cancaonova.com\/imaculadocoracaodemaria\/wp-json\/wp\/v2\/pages\/110"}],"collection":[{"href":"https:\/\/blog.cancaonova.com\/imaculadocoracaodemaria\/wp-json\/wp\/v2\/pages"}],"about":[{"href":"https:\/\/blog.cancaonova.com\/imaculadocoracaodemaria\/wp-json\/wp\/v2\/types\/page"}],"author":[{"embeddable":true,"href":"https:\/\/blog.cancaonova.com\/imaculadocoracaodemaria\/wp-json\/wp\/v2\/users\/4549"}],"replies":[{"embeddable":true,"href":"https:\/\/blog.cancaonova.com\/imaculadocoracaodemaria\/wp-json\/wp\/v2\/comments?post=110"}],"version-history":[{"count":10,"href":"https:\/\/blog.cancaonova.com\/imaculadocoracaodemaria\/wp-json\/wp\/v2\/pages\/110\/revisions"}],"predecessor-version":[{"id":157,"href":"https:\/\/blog.cancaonova.com\/imaculadocoracaodemaria\/wp-json\/wp\/v2\/pages\/110\/revisions\/157"}],"wp:attachment":[{"href":"https:\/\/blog.cancaonova.com\/imaculadocoracaodemaria\/wp-json\/wp\/v2\/media?parent=110"}],"curies":[{"name":"wp","href":"https:\/\/api.w.org\/{rel}","templated":true}]}}