{"id":114,"date":"2011-07-27T19:57:58","date_gmt":"2011-07-27T19:57:58","guid":{"rendered":"http:\/\/blog.cancaonova.com\/imaculadocoracaodemaria\/"},"modified":"2018-11-28T19:26:08","modified_gmt":"2018-11-28T19:26:08","slug":"aparicoes-de-fatima","status":"publish","type":"page","link":"https:\/\/blog.cancaonova.com\/imaculadocoracaodemaria\/aparicoes-de-fatima\/","title":{"rendered":"Apari\u00e7\u00f5es de F\u00e1tima"},"content":{"rendered":"<p><span style=\"font-family: Tahoma, sans-serif;\"><span style=\"font-size: small;\"><a href=\"http:\/\/blog.cancaonova.com\/imaculadocoracaodemaria\/files\/2011\/07\/nsenhora-2.jpg\"><img loading=\"lazy\" decoding=\"async\" class=\"alignleft size-thumbnail wp-image-173\" src=\"http:\/\/blog.cancaonova.com\/imaculadocoracaodemaria\/files\/2011\/07\/nsenhora-2-150x150.jpg\" alt=\"\" width=\"150\" height=\"150\" srcset=\"https:\/\/blog.cancaonova.com\/imaculadocoracaodemaria\/files\/2011\/07\/nsenhora-2-150x150.jpg 150w, https:\/\/blog.cancaonova.com\/imaculadocoracaodemaria\/files\/2011\/07\/nsenhora-2-144x144.jpg 144w\" sizes=\"(max-width: 150px) 100vw, 150px\" \/><\/a>Em 1916 um anjo aparece \u00e0s tr\u00eas crian\u00e7as para lhes preparar as visitas de Nossa Senhora. O Anjo diz-se &#8220;Anjo da Guarda&#8221; e o &#8220;Anjo de Portugal&#8221;. Na primeira apari\u00e7\u00e3o fala-lhes do esp\u00edrito de repara\u00e7\u00e3o e ensina-lhes uma pequena ora\u00e7\u00e3o. Na terceira apari\u00e7\u00e3o d\u00e1-lhes a comunh\u00e3o. <\/span><\/span><\/p>\n<p><span style=\"font-family: Tahoma, sans-serif;\"><span style=\"font-size: small;\">Foi no decorrer da primeira guerra mundial, de Maio a Outubro de 1917, que aconteceram as celebres apari\u00e7\u00f5es da Virgem \u00e0s crian\u00e7as de F\u00e1tima. Esta pequena aldeia, situada na diocese de Leiria, era habitada por gente pobre, agricultores e criadores de gado; as crian\u00e7as eram tradicionalmente pastores de rebanhos. Na Cova da Iria, Nossa Senhora apareceu a tr\u00eas crian\u00e7as de fam\u00edlias humildes de Aljustrel: L\u00facia de Jesus Santos, que tinha dez anos; Francisco Marto, com nove anos e Jacinta Marto, sua irm\u00e3, com sete anos. As tr\u00eas crian\u00e7as n\u00e3o possu\u00edam forma\u00e7\u00e3o escolar mas adquiriram forma\u00e7\u00e3o religiosa na catequese paroquial.<br \/>\n<\/span><\/span><\/p>\n<p>&nbsp;<\/p>\n<p><iframe loading=\"lazy\" title=\"AS 6 APARI\u00c3\u0087\u00c3\u0095ES DE NOSSA SENHORA DE F\u00c3\u0081TIMA\" width=\"600\" height=\"338\" src=\"https:\/\/www.youtube.com\/embed\/GZppMEgWDDw?feature=oembed&amp;rel=0\" frameborder=\"0\" allow=\"accelerometer; autoplay; clipboard-write; encrypted-media; gyroscope; picture-in-picture; web-share\" referrerpolicy=\"strict-origin-when-cross-origin\" allowfullscreen><\/iframe><\/p>\n","protected":false},"excerpt":{"rendered":"<p>Em 1916 um anjo aparece \u00e0s tr\u00eas crian\u00e7as para lhes preparar as visitas de Nossa Senhora. O Anjo diz-se &#8220;Anjo da Guarda&#8221; e o &#8220;Anjo de Portugal&#8221;. Na primeira apari\u00e7\u00e3o fala-lhes do esp\u00edrito de repara\u00e7\u00e3o e ensina-lhes uma pequena ora\u00e7\u00e3o&#8230;.<\/p>\n","protected":false},"author":4549,"featured_media":0,"parent":0,"menu_order":0,"comment_status":"open","ping_status":"open","template":"","meta":{"footnotes":""},"_links":{"self":[{"href":"https:\/\/blog.cancaonova.com\/imaculadocoracaodemaria\/wp-json\/wp\/v2\/pages\/114"}],"collection":[{"href":"https:\/\/blog.cancaonova.com\/imaculadocoracaodemaria\/wp-json\/wp\/v2\/pages"}],"about":[{"href":"https:\/\/blog.cancaonova.com\/imaculadocoracaodemaria\/wp-json\/wp\/v2\/types\/page"}],"author":[{"embeddable":true,"href":"https:\/\/blog.cancaonova.com\/imaculadocoracaodemaria\/wp-json\/wp\/v2\/users\/4549"}],"replies":[{"embeddable":true,"href":"https:\/\/blog.cancaonova.com\/imaculadocoracaodemaria\/wp-json\/wp\/v2\/comments?post=114"}],"version-history":[{"count":9,"href":"https:\/\/blog.cancaonova.com\/imaculadocoracaodemaria\/wp-json\/wp\/v2\/pages\/114\/revisions"}],"predecessor-version":[{"id":2089,"href":"https:\/\/blog.cancaonova.com\/imaculadocoracaodemaria\/wp-json\/wp\/v2\/pages\/114\/revisions\/2089"}],"wp:attachment":[{"href":"https:\/\/blog.cancaonova.com\/imaculadocoracaodemaria\/wp-json\/wp\/v2\/media?parent=114"}],"curies":[{"name":"wp","href":"https:\/\/api.w.org\/{rel}","templated":true}]}}