{"id":118,"date":"2011-07-27T18:03:30","date_gmt":"2011-07-27T18:03:30","guid":{"rendered":"http:\/\/blog.cancaonova.com\/imaculadocoracaodemaria\/"},"modified":"2011-07-27T18:10:42","modified_gmt":"2011-07-27T18:10:42","slug":"pedido-de-oracao","status":"publish","type":"page","link":"https:\/\/blog.cancaonova.com\/imaculadocoracaodemaria\/pedido-de-oracao\/","title":{"rendered":"Pedido de Ora\u00e7\u00e3o"},"content":{"rendered":"<p><a href=\"http:\/\/blog.cancaonova.com\/imaculadocoracaodemaria\/files\/2011\/07\/fotos-0491.jpg\"><img loading=\"lazy\" decoding=\"async\" class=\"alignleft size-thumbnail wp-image-164\" src=\"http:\/\/blog.cancaonova.com\/imaculadocoracaodemaria\/files\/2011\/07\/fotos-0491-150x150.jpg\" alt=\"\" width=\"150\" height=\"150\" \/><\/a>Nas Apari\u00e7\u00f5es de F\u00e1tima, antecederam as Apari\u00e7\u00f5es de Nossa Senhora as do Anjo de Portugal aos tr\u00eas pastorinhos: Lucia, Francisco e Jacinta. As apari\u00e7\u00f5es de F\u00e1tima \u00e9 marcada pelo sacrif\u00edcio, penitencia, ora\u00e7\u00e3o de repara\u00e7\u00e3o aos cora\u00e7\u00e3o de Jesus e de Maria. Na primeira ora\u00e7\u00e3o do Anjo aos Pastorinhos ele ensinou, reze todos os dias conosco:<\/p>\n<p style=\"text-align: center\">\u00a0<br \/>\n<em><strong><span style=\"color: #ff9900\">&#8216;Meu Deus! Eu creio, adoro, espero e amo-Vos.<br \/>\nPe\u00e7o-Vos perd\u00e3o para os que n\u00e3o cr\u00eaem, n\u00e3o adoram, n\u00e3o esperam e Vos n\u00e3o amam.<\/span><\/strong><\/em><\/p>\n<p>Deixe o seu pedido de ora\u00e7\u00e3o, quem n\u00e3o precisa de um milagre de convers\u00e3o em sua fam\u00edlia?<\/p>\n","protected":false},"excerpt":{"rendered":"<p>Nas Apari\u00e7\u00f5es de F\u00e1tima, antecederam as Apari\u00e7\u00f5es de Nossa Senhora as do Anjo de Portugal aos tr\u00eas pastorinhos: Lucia, Francisco e Jacinta. As apari\u00e7\u00f5es de F\u00e1tima \u00e9 marcada pelo sacrif\u00edcio, penitencia, ora\u00e7\u00e3o de repara\u00e7\u00e3o aos cora\u00e7\u00e3o de Jesus e de&#8230;<\/p>\n","protected":false},"author":4549,"featured_media":0,"parent":0,"menu_order":0,"comment_status":"open","ping_status":"open","template":"","meta":{"footnotes":""},"_links":{"self":[{"href":"https:\/\/blog.cancaonova.com\/imaculadocoracaodemaria\/wp-json\/wp\/v2\/pages\/118"}],"collection":[{"href":"https:\/\/blog.cancaonova.com\/imaculadocoracaodemaria\/wp-json\/wp\/v2\/pages"}],"about":[{"href":"https:\/\/blog.cancaonova.com\/imaculadocoracaodemaria\/wp-json\/wp\/v2\/types\/page"}],"author":[{"embeddable":true,"href":"https:\/\/blog.cancaonova.com\/imaculadocoracaodemaria\/wp-json\/wp\/v2\/users\/4549"}],"replies":[{"embeddable":true,"href":"https:\/\/blog.cancaonova.com\/imaculadocoracaodemaria\/wp-json\/wp\/v2\/comments?post=118"}],"version-history":[{"count":6,"href":"https:\/\/blog.cancaonova.com\/imaculadocoracaodemaria\/wp-json\/wp\/v2\/pages\/118\/revisions"}],"predecessor-version":[{"id":161,"href":"https:\/\/blog.cancaonova.com\/imaculadocoracaodemaria\/wp-json\/wp\/v2\/pages\/118\/revisions\/161"}],"wp:attachment":[{"href":"https:\/\/blog.cancaonova.com\/imaculadocoracaodemaria\/wp-json\/wp\/v2\/media?parent=118"}],"curies":[{"name":"wp","href":"https:\/\/api.w.org\/{rel}","templated":true}]}}