{"id":2,"date":"2011-01-06T14:06:23","date_gmt":"2011-01-06T16:06:23","guid":{"rendered":""},"modified":"2014-01-14T12:28:23","modified_gmt":"2014-01-14T14:28:23","slug":"about","status":"publish","type":"page","link":"https:\/\/blog.cancaonova.com\/junioralves\/about\/","title":{"rendered":"Apresenta\u00e7\u00e3o"},"content":{"rendered":"<p>A Paz de Cristo!<\/p>\n<p>Que alegria poder te receber no meu blog.<\/p>\n<p>Sou Junior Alves, membro da Comunidade Can\u00e7\u00e3o Nova. Casado, pai de 3 filhos e m\u00fasico da comunidade. Nasci em Recife(PE) em 23 de novembro de 1973.<\/p>\n<p>Estou na miss\u00e3o Rio de Janeiro e tenho mais de 25 anos de RCC, sendo que destes, sou consagrado na Can\u00e7\u00e3o Nova h\u00e1 mais de 10 anos.<\/p>\n<p>Amo minha Igreja e atrav\u00e9s deste blog desejo partilhar com voc\u00eas a alegria de servir Nosso Senhor Jesus Cristo seja cantando, compondo, tocando, pregando, seja sendo eu mesmo, no dia-a-dia, como pai, mission\u00e1rio, esposo, filho ou irm\u00e3o.<\/p>\n<p>Deus os aben\u00e7oe e aproveitem!<\/p>\n<p>Contatos:<br \/>\n+ 55.21.3171.1060<br \/>\n@JuniorAlvesCN<br \/>\nwww.cancaonova.com<br \/>\nblog.cancaonova.com\/junioralves<\/p>\n","protected":false},"excerpt":{"rendered":"<p>A Paz de Cristo! Que alegria poder te receber no meu blog. Sou Junior Alves, membro da Comunidade Can\u00e7\u00e3o Nova. Casado, pai de 3 filhos e m\u00fasico da comunidade. Nasci em Recife(PE) em 23 de novembro de 1973. Estou na&#8230;<\/p>\n","protected":false},"author":4499,"featured_media":0,"parent":0,"menu_order":4,"comment_status":"closed","ping_status":"open","template":"","meta":{"_mi_skip_tracking":false,"_monsterinsights_sitenote_active":false,"_monsterinsights_sitenote_note":"","_monsterinsights_sitenote_category":0,"footnotes":""},"_links":{"self":[{"href":"https:\/\/blog.cancaonova.com\/junioralves\/wp-json\/wp\/v2\/pages\/2"}],"collection":[{"href":"https:\/\/blog.cancaonova.com\/junioralves\/wp-json\/wp\/v2\/pages"}],"about":[{"href":"https:\/\/blog.cancaonova.com\/junioralves\/wp-json\/wp\/v2\/types\/page"}],"author":[{"embeddable":true,"href":"https:\/\/blog.cancaonova.com\/junioralves\/wp-json\/wp\/v2\/users\/4499"}],"replies":[{"embeddable":true,"href":"https:\/\/blog.cancaonova.com\/junioralves\/wp-json\/wp\/v2\/comments?post=2"}],"version-history":[{"count":9,"href":"https:\/\/blog.cancaonova.com\/junioralves\/wp-json\/wp\/v2\/pages\/2\/revisions"}],"predecessor-version":[{"id":3123,"href":"https:\/\/blog.cancaonova.com\/junioralves\/wp-json\/wp\/v2\/pages\/2\/revisions\/3123"}],"wp:attachment":[{"href":"https:\/\/blog.cancaonova.com\/junioralves\/wp-json\/wp\/v2\/media?parent=2"}],"curies":[{"name":"wp","href":"https:\/\/api.w.org\/{rel}","templated":true}]}}