{"id":1117,"date":"2009-10-28T19:51:52","date_gmt":"2009-10-28T22:51:52","guid":{"rendered":"http:\/\/blog.cancaonova.com\/lavrinhas\/?page_id=1117"},"modified":"2013-10-31T15:29:29","modified_gmt":"2013-10-31T18:29:29","slug":"2-os-salesianos-no-brasil","status":"publish","type":"page","link":"https:\/\/blog.cancaonova.com\/lavrinhas\/2-os-salesianos-no-brasil\/","title":{"rendered":"Os Salesianos no Brasil"},"content":{"rendered":"<p><a href=\"http:\/\/blog.cancaonova.com\/lavrinhas\/files\/2009\/10\/04-s_giovanni_bosco-1.jpg\"><img loading=\"lazy\" decoding=\"async\" class=\"alignleft size-medium wp-image-1118\" src=\"http:\/\/blog.cancaonova.com\/lavrinhas\/files\/2009\/10\/04-s_giovanni_bosco-1-242x300.jpg\" alt=\"\" width=\"242\" height=\"300\" \/><\/a><\/p>\n<p class=\"MsoNormal\" style=\"text-align: justify\">A Obra de Dom Bosco em Terras brasileiras desenvolveu-se de forma prodigiosa e continua, desde o ano de 1883, com impulso irresist\u00edvel. Em 77 anos de exist\u00eancia, at\u00e9 \u00e0 inaugura\u00e7\u00e3o do Col\u00e9gio Dom Bosco de Brasilia, as funda\u00e7\u00f5es chegaram exatamente a duzentas, comprindo-se de forma aceleradora a profecia de Dom Bosco sobre seus mission\u00e1rios no Brasil: <em>\u201cDia Vir\u00e1 em que no Brasil haver\u00e1 duzentos col\u00e9gios salesianos\u201d<\/em>.<\/p>\n<p class=\"MsoNormal\" style=\"text-align: justify\">O ent\u00e3o bispo do Rio de Janeiro, Dom Pedro Maria de Lacerda foi o instrumento da provid\u00eancia para decidir Dom Bosco a enviar seus filhos espirituais ao ent\u00e3o Imp\u00e9rio do Brasil. Juntamente com ele, quis insistentemente a vinda dos mission\u00e1rios Sua Alteza Imperial Dom Pedro II.<\/p>\n<p class=\"MsoNormal\" style=\"text-align: justify\">Tudo se faria, havia dito Dom Bosco <em>\u201ccom grandes sacrif\u00edcios, mas com total confian\u00e7a na Divina Provid\u00eancia\u201d<\/em>.<\/p>\n<p class=\"MsoNormal\" style=\"text-align: justify\"><span style=\"color: #ffffff\">Por sinal que ao despedir-se de seus filhos espirituais dissera, pouco antes, na partida da primeira expedi\u00e7\u00e3o para a Am\u00e9rica: <em>\u201cLembrai-vos que estais iniciando uma Grande Obra!\u201d<\/em><\/span><\/p>\n<p class=\"MsoNormal\" style=\"text-align: justify\">O Primeiro Col\u00e9gio foi o de Santa Rosa, em Niter\u00f3i.<\/p>\n<p class=\"MsoNormal\" style=\"text-align: justify\">At\u00e9 o ano de 1914 (ano em que foi inaugurado o Col\u00e9gio S\u00e3o Manuel em Lavrinhas) j\u00e1 eram 40 col\u00e9gios fundados, na m\u00e9dia de um por ano, em terras do Brasil<\/p>\n<p class=\"MsoNormal\" style=\"text-align: justify\"><span style=\"color: #ffffff\"> <\/span><\/p>\n<p style=\"text-align: justify\">\n<p style=\"text-align: justify\">\n<p class=\"MsoNormal\"><strong><span style=\"font-size: 18pt;font-family: Georgia;color: #ffffff\">2 &#8211; O \u201cgigante\u201d S\u00e3o Manuel<\/span><\/strong><\/p>\n<p class=\"MsoNormal\"><strong> <\/strong><span style=\"color: #ffffff\"> <\/span><\/p>\n<p><span style=\"color: #ffffff\"> <\/span><\/p>\n<p class=\"MsoNormal\"><strong><span style=\"font-size: 18pt;font-family: Georgia;color: #ffffff\"><a href=\"http:\/\/blog.cancaonova.com\/lavrinhas\/files\/2010\/02\/colegio-sao-manoel.jpg\"><img loading=\"lazy\" decoding=\"async\" class=\"size-full wp-image-1266     alignleft\" src=\"http:\/\/blog.cancaonova.com\/lavrinhas\/files\/2010\/02\/colegio-sao-manoel.jpg\" alt=\"\" width=\"500\" height=\"414\" \/><\/a><\/span><\/strong><\/p>\n<p><span style=\"color: #ffffff\"> <\/span><\/p>\n<p><span style=\"font-size: small\"><span style=\"color: #000000\">O Col\u00e9gio S\u00e3o Manuel, onde a Can\u00e7\u00e3o Nova est\u00e1 instalada como casa de forma\u00e7\u00e3o, nasceu da antiga \u201cFazenda Santo Ant\u00f4nio\u201d de Lavrinhas, uma fazenda de caf\u00e9 com uma \u00e1rea de 315.119 metros quadrados e que prosperou at\u00e9 1914, foi ent\u00e3o cedida aos Salesianos pelo cooperador Coronel Horta. <\/span><\/span><\/p>\n<p class=\"MsoNormal\"><span style=\"font-family: Verdana\"><span style=\"font-size: small\"><span style=\"color: #000000\">Os Salesianos na \u00e9poca cresciam consideravelmente no Brasil, mas ainda n\u00e3o tinham uma casa onde se pudesse reunir suas voca\u00e7\u00f5es, a grande Obra salesiana carecia de uma casa de forma\u00e7\u00e3o, ainda n\u00e3o existia um semin\u00e1rio. Foi ent\u00e3o que no dia 17 de dezembro de 1913 o Pe. Angelo Alberti e o Pe. Le\u00e3o Muzzarello foram at\u00e9 a cidade de Lavrinhas para examinar a ent\u00e3o fazenda do Coronel Horta e assim fechar o neg\u00f3cio.<\/span><\/span><\/span><\/p>\n<p class=\"MsoNormal\"><span style=\"font-family: Verdana\"><span style=\"font-size: small\"><span style=\"color: #000000\">O Irm\u00e3o Salesiano, engenheiro Domingos Delpiano, fazia as adapta\u00e7\u00f5es mais urgentes e assim no dia de S\u00e3o Jos\u00e9, 19 de mar\u00e7o de 1914, inaugura-se o Semin\u00e1rio Menor com o nome de \u201cCol\u00e9gio S\u00e3o Manuel\u201d em homenagem ao santo de devo\u00e7\u00e3o do ent\u00e3o benfeitor Coronel Horta.<\/span><\/span><\/span><\/p>\n<p class=\"MsoNormal\"><span style=\"font-family: Verdana\"><span style=\"font-size: small\"><span style=\"color: #000000\">O Col\u00e9gio foi edificado exclusivamente para a forma\u00e7\u00e3o, ele foi a c\u00e9lula-mater das Casas de Forma\u00e7\u00e3o salesiana do Brasil, \u00e9 chamada ainda hoje de o ber\u00e7o dos Salesianos no Brasil. <\/span><\/span><\/span><\/p>\n<p class=\"MsoNormal\"><span style=\"color: #000000\"> <\/span><\/p>\n<p class=\"MsoNormal\"><span style=\"color: #000000\"> <\/span><\/p>\n<p><span style=\"color: #000000\"> <\/span><\/p>\n<p class=\"MsoNormal\"><strong><span style=\"font-size: 18pt\"><span style=\"color: #000000\">3 &#8211; A linda hist\u00f3ria da Imagem de Nossa senhora Auxiliadora<\/span><\/span><\/strong><\/p>\n<p class=\"MsoNormal\"><span style=\"color: #000000\"><strong> <\/strong> <\/span><\/p>\n<p><span style=\"color: #000000\"> <\/span><\/p>\n<p class=\"MsoNormal\"><strong><span style=\"font-size: 18pt;font-family: Georgia;color: #ffffff\"><a href=\"http:\/\/blog.cancaonova.com\/lavrinhas\/files\/2010\/02\/tunel.jpg\"><span style=\"color: #000000\"><img loading=\"lazy\" decoding=\"async\" class=\"alignnone size-full wp-image-1267\" src=\"http:\/\/blog.cancaonova.com\/lavrinhas\/files\/2010\/02\/tunel.jpg\" alt=\"\" width=\"435\" height=\"280\" \/><\/span><\/a><\/span><\/strong><\/p>\n<p><span style=\"color: #000000\"> <\/span><\/p>\n<p><span style=\"color: #000000\"><a href=\"http:\/\/blog.cancaonova.com\/lavrinhas\/files\/2009\/10\/tunel_1932.jpg\"><\/a><\/span><\/p>\n<p><span style=\"font-size: small\"><span style=\"color: #000000\">A Revolu\u00e7\u00e3o Constitucionalista de 1932 atinge o Col\u00e9gio S\u00e3o Manuel que na ocasi\u00e3o servira de hospital para as tropas de S\u00e3o Paulo que lutavam bravamente contra as tropas federais no Vale do Para\u00edba. Chega ent\u00e3o uma ordem por parte das tropas federais para que derrubassem o col\u00e9gio. Mas o S\u00e3o Manuel j\u00e1 tinha a sua M\u00e3e Protetora! Podemos entender o ocorrido pelos escritos do pe. Antonio Corso:<\/span><\/span><\/p>\n<p class=\"MsoNormal\"><span style=\"font-family: Verdana\"><span style=\"font-size: small\"><span style=\"color: #000000\">\u201cUma bomba de canh\u00e3o cai certeira sobre o alvo! Deixando intacto o casar\u00e3o do Col\u00e9gio, busca a capelinha, o antigo engenho da fazenda, e vai explodir em meio ao presbit\u00e9rio, bem diante da maravilhosa imagem de Nossa Senhora Auxiliadora. O efeito da explos\u00e3o foi um grande rombo no ch\u00e3o e a lembran\u00e7a da passagem da bomba pelo teto e\u2026nada mais!<\/span><\/span><\/span><\/p>\n<p class=\"MsoNormal\"><span style=\"color: #000000\"> <\/span><\/p>\n<p class=\"MsoNormal\"><span style=\"font-family: Verdana\"><span style=\"font-size: small;color: #ffffff\"><a href=\"http:\/\/blog.cancaonova.com\/lavrinhas\/files\/2010\/02\/nossa-senhora-auxiliadora.jpg\"><span style=\"color: #000000\"><img loading=\"lazy\" decoding=\"async\" class=\"size-full wp-image-1268 alignleft\" src=\"http:\/\/blog.cancaonova.com\/lavrinhas\/files\/2010\/02\/nossa-senhora-auxiliadora.jpg\" alt=\"\" width=\"217\" height=\"252\" \/><\/span><\/a><\/span><\/span><\/p>\n<p class=\"MsoNormal\"><span style=\"color: #000000\"> <\/span><\/p>\n<p class=\"MsoNormal\"><span style=\"font-size: small\"><span style=\"color: #000000\">No dia seguinte um jornal de S\u00e3o Paulo se perguntava em grande manchete: \u2018Ainda existem milagres?\u2019. E narrava a prote\u00e7\u00e3o celeste de Nossa Senhora \u00e0quele col\u00e9gio salesiano na fonteira do Estado de S\u00e3o Paulo\u201d. Ou seja, a Imagem ficou intacta depois de uma bala de canh\u00e3o cair muito pr\u00f3ximo a ela. <\/span><\/span><\/p>\n<p class=\"MsoNormal\"><span style=\"font-family: Verdana\"><span style=\"font-size: small\"><span style=\"color: #000000\">Trata-se de uma imagem vinda da Espanha em 1917 com um metro e oitenta cent\u00edmetros, artisticamente esculpida em madeira, em Sarri\u00e1, Barcelona. O escultor, irm\u00e3o Salesiano, Mestre Crsit\u00f3v\u00e3o, f\u00ea-la de joelhos, pois para ele esculpir aquela imagem n\u00e3o era um trabalho e sim uma ora\u00e7\u00e3o. <\/span><\/span><\/span><\/p>\n<p class=\"MsoNormal\"><span style=\"color: #ffffff\"> <\/span><\/p>\n<p class=\"MsoNormal\"><span style=\"color: #ffffff\"> <\/span><\/p>\n<p class=\"MsoNormal\"><span style=\"color: #ffffff\"> <\/span><\/p>\n<p><span style=\"color: #ffffff\"> <\/span><\/p>\n<p class=\"MsoNormal\"><span style=\"color: #ffffff\"> <\/span><\/p>\n<p class=\"MsoNormal\">\n<p class=\"MsoNormal\">\n<p class=\"MsoNormal\" style=\"text-align: justify\">\n<p class=\"MsoNormal\" style=\"text-align: justify\">\n<p style=\"text-align: justify\">\n<p class=\"MsoNormal\" style=\"text-align: justify\">\n","protected":false},"excerpt":{"rendered":"<p>A Obra de Dom Bosco em Terras brasileiras desenvolveu-se de forma prodigiosa e continua, desde o ano de 1883, com impulso irresist\u00edvel. Em 77 anos de exist\u00eancia, at\u00e9 \u00e0 inaugura\u00e7\u00e3o do Col\u00e9gio Dom Bosco de Brasilia, as funda\u00e7\u00f5es chegaram exatamente&#8230;<\/p>\n","protected":false},"author":3291,"featured_media":0,"parent":0,"menu_order":4,"comment_status":"open","ping_status":"closed","template":"","meta":{"_mi_skip_tracking":false,"_monsterinsights_sitenote_active":false,"_monsterinsights_sitenote_note":"","_monsterinsights_sitenote_category":0,"footnotes":""},"_links":{"self":[{"href":"https:\/\/blog.cancaonova.com\/lavrinhas\/wp-json\/wp\/v2\/pages\/1117"}],"collection":[{"href":"https:\/\/blog.cancaonova.com\/lavrinhas\/wp-json\/wp\/v2\/pages"}],"about":[{"href":"https:\/\/blog.cancaonova.com\/lavrinhas\/wp-json\/wp\/v2\/types\/page"}],"author":[{"embeddable":true,"href":"https:\/\/blog.cancaonova.com\/lavrinhas\/wp-json\/wp\/v2\/users\/3291"}],"replies":[{"embeddable":true,"href":"https:\/\/blog.cancaonova.com\/lavrinhas\/wp-json\/wp\/v2\/comments?post=1117"}],"version-history":[{"count":25,"href":"https:\/\/blog.cancaonova.com\/lavrinhas\/wp-json\/wp\/v2\/pages\/1117\/revisions"}],"predecessor-version":[{"id":1265,"href":"https:\/\/blog.cancaonova.com\/lavrinhas\/wp-json\/wp\/v2\/pages\/1117\/revisions\/1265"}],"wp:attachment":[{"href":"https:\/\/blog.cancaonova.com\/lavrinhas\/wp-json\/wp\/v2\/media?parent=1117"}],"curies":[{"name":"wp","href":"https:\/\/api.w.org\/{rel}","templated":true}]}}