{"id":1169,"date":"2009-10-31T13:09:13","date_gmt":"2009-10-31T16:09:13","guid":{"rendered":"http:\/\/blog.cancaonova.com\/lavrinhas\/?page_id=1169"},"modified":"2013-02-21T12:45:38","modified_gmt":"2013-02-21T15:45:38","slug":"3-a-historia-de-monsenhor-jonas-em-lavrinhas","status":"publish","type":"page","link":"https:\/\/blog.cancaonova.com\/lavrinhas\/comunidade-cancao-nova-chega-na-cidade-de-lavrinhas\/3-a-historia-de-monsenhor-jonas-em-lavrinhas\/","title":{"rendered":"Monsenhor Jonas em Lavrinhas"},"content":{"rendered":"<p class=\"MsoNormal\" style=\"text-align: justify;\"><a href=\"http:\/\/blog.cancaonova.com\/lavrinhas\/files\/2009\/10\/jonas-e-sergio.jpg\"><img loading=\"lazy\" decoding=\"async\" class=\"alignleft size-medium wp-image-1170\" src=\"http:\/\/blog.cancaonova.com\/lavrinhas\/files\/2009\/10\/jonas-e-sergio-300x164.jpg\" alt=\"\" width=\"300\" height=\"164\" \/><\/a><span>A hist\u00f3ria da Can\u00e7\u00e3o Nova com o Col\u00e9gio S\u00e3o Manoel (hoje a casa de forma\u00e7\u00e3o da Can\u00e7\u00e3o Nova) \u00e9 anterior inclusive \u00e0 sua funda\u00e7\u00e3o. Ela estava guardada no cora\u00e7\u00e3o de Deus que, preparava neste solo, um menino, que se tornaria um grande homem, um grande sacerdote. <\/span><\/p>\n<p class=\"MsoNormal\" style=\"text-align: justify;\"><span>O menino Jonas chegava ao Col\u00e9gio S\u00e3o Manoel no dia 3 de Setembro de 1949 (data esta que a casa comemora todos os anos at\u00e9 hoje) para in\u00edciar os seus estudos no semin\u00e1rio menor Salesiano. Nesta casa, al\u00e9m da saudade de seus pais, o menino Jonas teve de se superar nos seus lim\u00edtes, ele mesmo nos conta:<\/span><\/p>\n<p class=\"MsoNormal\" style=\"text-align: justify;\"><em><span>\u201cEu queria muito ser padre. E, como padre, eu precisava ser pregador. E eu tinha um problema: quando menino, em casa, sofri de gagueira por um tempo. Quando fui para o semin\u00e1rio, voltei a gaguejar. Certamente por falta da fam\u00edlia, porque em casa \u00e9ramos muito unidos. Claro que eu aguentava firme, pois queria ser padre. Mas sentia muita saudade, e gaguejava bastante.<\/span><\/em><\/p>\n<p class=\"MsoNormal\" style=\"text-align: justify;\"><strong><em><span>*<\/span><\/em><\/strong><em><span>\u201cPara me livrar daquilo, me ensinaram a trainar a fala, ler em voz alta. E mais; o gago quando canta n\u00e3o gagueja. Eu fazia essas coisas nos intervalos de recreio. Muitas vezes sacrificava o esporte para pegar um livro e ficar andando pelos p\u00e1tios, lendo em voz alta. Fazia isso porque precisava ser padre, e n\u00e3o podia ser o padre que eu gostaria de ser, sendo gago. Tamb\u00e9m pegava aqueles livros de m\u00fasica e ficava solfejando, cantando as notas. N\u00e3o queria e n\u00e3o podia ter essa limita\u00e7\u00e3o, e por isso precisava corrigir minha gagueira. Hoje eu mesmo admiro minha garra de menino. Lutei contra minha limita\u00e7\u00e3o na base da busca, do esfor\u00e7o. <\/span><\/em><\/p>\n<p class=\"MsoNormal\" style=\"text-align: justify;\"><span>A musica na vida do Monsenhor Jonas aconteceu nesta casa, ele tamb\u00e9m nos conta:<\/span><\/p>\n<p class=\"MsoNormal\" style=\"text-align: justify;\"><a href=\"http:\/\/blog.cancaonova.com\/lavrinhas\/files\/2009\/10\/banda-1.jpg\"><img loading=\"lazy\" decoding=\"async\" class=\"alignleft size-medium wp-image-1171\" src=\"http:\/\/blog.cancaonova.com\/lavrinhas\/files\/2009\/10\/banda-1-300x181.jpg\" alt=\"\" width=\"300\" height=\"181\" \/><\/a><strong><em><span>*<\/span><\/em><\/strong><em><span>\u201cUm das coisas que me sensibilizaram no semin\u00e1rio, foi a m\u00fasica. Os garotos iam aprendendo a tocar piano, a cantar em coral. Havia aulas de m\u00fasica, aprend\u00edamos a ler partituras, e tudo aquilo me encantou. <\/span><\/em><\/p>\n<p class=\"MsoNormal\" style=\"text-align: justify;\"><em><span>Chegou o 22 de novembro, festa de Santa Cec\u00edlia, padroeira da m\u00fasica. O ar do col\u00e9gio ficou tomado, o dia inteiro, de notas musicais. A missa era solene, com muitos hinos e can\u00e7\u00f5es. M\u00fasica o dia inteiro. A banda tocava no p\u00e1tio; a\u00f3s o almo\u00e7o, fazia retreta. Depois havia a ben\u00e7\u00e3o do Sant\u00edssimo, no come\u00e7o da noite. Mais tarde, no teatro, com recitais de canto, de piano, outros instrumentos. Ent\u00e3o, na b\u00ean\u00e7\u00e3o do Sant\u00edssimo, justamente na hora em que o padre estava dando a b\u00ean\u00e7\u00e3o, meu pedido de menino foi este:<\/span><\/em><\/p>\n<p class=\"MsoNormal\" style=\"text-align: justify;\"><em><span>&#8211; <strong>Jesus, se a musica for \u00fatil para meu sacerd\u00f3cio, me ajude a aprender m\u00fasica.<\/strong><\/span><\/em><\/p>\n<p class=\"MsoNormal\" style=\"text-align: justify;\"><em><span>Eu n\u00e3o imaginava o alcance daquele pedido.<\/span><\/em><\/p>\n<p class=\"MsoNormal\" style=\"text-align: justify;\"><em><span>Pass\u00e1vamos as f\u00e9rias no pr\u00f3prio semin\u00e1rio, n\u00e3o sa\u00edamos dali. Nas ferias, padre J\u00falio Comba anunciou vagas, para aprender piano. Fiz a inscri\u00e7\u00e3o, o teste, e comecei. Menino nem liguei uma coisa a outra, embora me alegrasse com tudo isso. Foi depois na vida, que percebi o pronto atendimento de Deus no meu pedido. Vejo, hoje, o que foi amusica na minha vida\u201d<\/span><\/em><\/p>\n<p class=\"MsoNormal\" style=\"text-align: justify;\"><a href=\"http:\/\/blog.cancaonova.com\/lavrinhas\/files\/2009\/10\/jovem-jonas.jpg\"><img loading=\"lazy\" decoding=\"async\" class=\"alignright size-medium wp-image-1172\" src=\"http:\/\/blog.cancaonova.com\/lavrinhas\/files\/2009\/10\/jovem-jonas-300x168.jpg\" alt=\"\" width=\"300\" height=\"168\" \/><\/a><span>Tantas outras hist\u00f3rias Monsenhor Jonas viveu nesta casa. Trata-se de sua adolesc\u00eancia e uma boa parte da sua juventude inteira correndo por estes p\u00e1tios, estudando, aprendendo o jeito Salesiano de pertencer a Deus. Sem d\u00favida nenhuma Pe. Jonas p\u00f4de colocar em pr\u00e1tica, no seu minist\u00e9rio e no seu apostolado com os jovens, o que aprendeu neste Col\u00e9gio. Muitas destas regras e comportamentos salesianos que o menino Jonas aprendeu neste col\u00e9gio, s\u00e3o passados tamb\u00e9m hoje para os jovens da Can\u00e7\u00e3o Nova, s\u00e3o valores eternos que ensinados por Dom Bosco, passando por Pe. Jonas, chegam \u00e0 juventude de hoje.<\/span><\/p>\n<p class=\"MsoNormal\" style=\"text-align: center;\"><strong><span>\u201cLavrinhas ficou para sempre na minha mem\u00f3ria\u201d<\/span><\/strong><\/p>\n<p class=\"MsoNormal\" style=\"text-align: center;\"><strong><span>(Monsenhor Jonas Abib)<\/span><\/strong><\/p>\n<div id=\"attachment_1178\" style=\"width: 510px\" class=\"wp-caption aligncenter\"><a href=\"http:\/\/blog.cancaonova.com\/lavrinhas\/files\/2009\/10\/colegio11.jpg\"><img loading=\"lazy\" decoding=\"async\" aria-describedby=\"caption-attachment-1178\" class=\"size-full wp-image-1178\" src=\"http:\/\/blog.cancaonova.com\/lavrinhas\/files\/2009\/10\/colegio11.jpg\" alt=\"\" width=\"500\" height=\"278\" \/><\/a><p id=\"caption-attachment-1178\" class=\"wp-caption-text\">Foto do col\u00e9gio na \u00e9poca em que chegava o &quot;menino&quot; Jonas<\/p><\/div>\n<p class=\"MsoNormal\" style=\"text-align: center;\">Voc\u00ea pode encontrar muitas outras hist\u00f3rias do \u201cmeninos Jonas\u201d na casa de Lavrinhas adquirindo o livro \u201cEu acredito em Milagres\u201d <a href=\"http:\/\/shopping.cancaonova.com\/Livraria\/Testemunhos\/Eu-acredito-em-milagres.html?acao=DT&amp;prod_id=65573&amp;dep=692&amp;secao=3827&amp;pedido=11108221\" target=\"_blank\">Adquira agora<\/a>.<\/p>\n","protected":false},"excerpt":{"rendered":"<p>A hist\u00f3ria da Can\u00e7\u00e3o Nova com o Col\u00e9gio S\u00e3o Manoel (hoje a casa de forma\u00e7\u00e3o da Can\u00e7\u00e3o Nova) \u00e9 anterior inclusive \u00e0 sua funda\u00e7\u00e3o. Ela estava guardada no cora\u00e7\u00e3o de Deus que, preparava neste solo, um menino, que se tornaria&#8230;<\/p>\n","protected":false},"author":3291,"featured_media":0,"parent":1180,"menu_order":0,"comment_status":"open","ping_status":"closed","template":"","meta":{"_mi_skip_tracking":false,"_monsterinsights_sitenote_active":false,"_monsterinsights_sitenote_note":"","_monsterinsights_sitenote_category":0,"footnotes":""},"_links":{"self":[{"href":"https:\/\/blog.cancaonova.com\/lavrinhas\/wp-json\/wp\/v2\/pages\/1169"}],"collection":[{"href":"https:\/\/blog.cancaonova.com\/lavrinhas\/wp-json\/wp\/v2\/pages"}],"about":[{"href":"https:\/\/blog.cancaonova.com\/lavrinhas\/wp-json\/wp\/v2\/types\/page"}],"author":[{"embeddable":true,"href":"https:\/\/blog.cancaonova.com\/lavrinhas\/wp-json\/wp\/v2\/users\/3291"}],"replies":[{"embeddable":true,"href":"https:\/\/blog.cancaonova.com\/lavrinhas\/wp-json\/wp\/v2\/comments?post=1169"}],"version-history":[{"count":14,"href":"https:\/\/blog.cancaonova.com\/lavrinhas\/wp-json\/wp\/v2\/pages\/1169\/revisions"}],"predecessor-version":[{"id":1176,"href":"https:\/\/blog.cancaonova.com\/lavrinhas\/wp-json\/wp\/v2\/pages\/1169\/revisions\/1176"}],"up":[{"embeddable":true,"href":"https:\/\/blog.cancaonova.com\/lavrinhas\/wp-json\/wp\/v2\/pages\/1180"}],"wp:attachment":[{"href":"https:\/\/blog.cancaonova.com\/lavrinhas\/wp-json\/wp\/v2\/media?parent=1169"}],"curies":[{"name":"wp","href":"https:\/\/api.w.org\/{rel}","templated":true}]}}