{"id":1180,"date":"2009-10-31T13:33:47","date_gmt":"2009-10-31T16:33:47","guid":{"rendered":"http:\/\/blog.cancaonova.com\/lavrinhas\/?page_id=1180"},"modified":"2024-03-28T14:46:43","modified_gmt":"2024-03-28T17:46:43","slug":"comunidade-cancao-nova-chega-na-cidade-de-lavrinhas","status":"publish","type":"page","link":"https:\/\/blog.cancaonova.com\/lavrinhas\/comunidade-cancao-nova-chega-na-cidade-de-lavrinhas\/","title":{"rendered":"Comunidade Can\u00e7\u00e3o Nova chega na cidade de Lavrinhas"},"content":{"rendered":"<p style=\"text-align: center\"><strong>A Comunidade Can\u00e7\u00e3o Nova chega na cidade de Lavrinhas.<\/strong><\/p>\n<p><img loading=\"lazy\" decoding=\"async\" class=\"aligncenter wp-image-3180\" title=\"Comunidade Can\u00e7\u00e3o Nova chega a cidade de Lavrinhas\" src=\"http:\/\/blog.cancaonova.com\/lavrinhas\/files\/2014\/12\/IMG_5043-300x200.jpg\" alt=\"Comunidade Can\u00e7\u00e3o Nova chega a cidade de Lavrinhas\" width=\"600\" height=\"400\" srcset=\"https:\/\/blog.cancaonova.com\/lavrinhas\/files\/2014\/12\/IMG_5043-300x200.jpg 300w, https:\/\/blog.cancaonova.com\/lavrinhas\/files\/2014\/12\/IMG_5043-768x512.jpg 768w\" sizes=\"(max-width: 600px) 100vw, 600px\" \/><\/p>\n<p>&nbsp;<\/p>\n<p class=\"MsoNormal\" style=\"text-align: justify\">Em 2000, o \u201cgigante\u201d Col\u00e9gio S\u00e3o Manuel, ber\u00e7o dos Salesianos no Brasil, passou a ser administrado pela <a href=\"https:\/\/comunidade.cancaonova.com\/\" target=\"_blank\" rel=\"noopener\">Comunidade Can\u00e7\u00e3o Nova<\/a> e tendo em seus p\u00e1tios &#8211; como que uma continua\u00e7\u00e3o da obra de Dom Bosco &#8211; os jovens que se sentem chamados \u00e0 Can\u00e7\u00e3o Nova. Neste solo sagrado passou-se ent\u00e3o a funcionar o discipulado (<a href=\"https:\/\/blog.cancaonova.com\/vocacional\/\" target=\"_blank\" rel=\"noopener\">etapa de forma\u00e7\u00e3o inicial<\/a>) da Can\u00e7\u00e3o Nova.<\/p>\n<p class=\"MsoNormal\" style=\"text-align: justify\">A primeira turma de discipulado aqui chegou em janeiro do ano 2001, tendo como mestra de forma\u00e7\u00e3o Elzinha. No mesmo ano a partir do m\u00eas de julho a casa passou a ter como respons\u00e1vel o Di\u00e1cono Nelsinho Corr\u00eaa e sua esposa M\u00e1rcia Corr\u00eaa, assumindo a forma\u00e7\u00e3o dos novos disc\u00edpulos da comunidade at\u00e9 o ano de 2005. Com o Di\u00e1cono Nelsinho Corr\u00eaa deram-se in\u00edcio os retiros para casais e outros retiros para o povo de Deus, era ent\u00e3o uma nova fase desta casa de forma\u00e7\u00e3o, n\u00e3o s\u00f3 formar os mission\u00e1rios da Can\u00e7\u00e3o Nova, mas tamb\u00e9m o povo de Deus, a grande fam\u00edlia Can\u00e7\u00e3o Nova.<\/p>\n<p class=\"MsoNormal\" style=\"text-align: justify\">Em 2005 o casal Rubens e T\u00e2nia, assume a forma\u00e7\u00e3o e a dire\u00e7\u00e3o da Can\u00e7\u00e3o Nova em Lavrinhas, dando continuidade ao trabalho aqui realizado desde o ano 2000.<\/p>\n<p class=\"MsoNormal\" style=\"text-align: justify\">A casa de Lavrinhas no ano de 2009 recebe 47 pr\u00e9-disc\u00edpulos que passam um ano em intensa forma\u00e7\u00e3o sobre o Carisma Can\u00e7\u00e3o Nova. Al\u00e9m dos retiros para casais e outros retiros de aprofundamento da f\u00e9, a Can\u00e7\u00e3o Nova em Lavrinhas realiza trabalhos sociais e pastorais como \u00e9 o caso do \u201cOrat\u00f3rio festivo de Dom Bosco\u201d, um trabalho pastoral catequ\u00e9tico com as crian\u00e7as da cidade de Lavrinhas e regi\u00e3o. O Orat\u00f3rio \u00e9 realizado todos os domingos com jogos, brincadeiras, teatro e o t\u00e3o esperado lanche da tarde. Os pr\u00e9 &#8211; disc\u00edpulos tamb\u00e9m realizam trabalhos de visita \u00e0s fam\u00edlias da cidade, com a ora\u00e7\u00e3o do ter\u00e7o a medita\u00e7\u00e3o da palavra, tudo com o objetivo de reincluir as fam\u00edlias \u00e0 vida comunit\u00e1ria e paroquial.<\/p>\n<p><img loading=\"lazy\" decoding=\"async\" class=\"aligncenter wp-image-4008\" title=\"Comunidade Can\u00e7\u00e3o Nova chega a cidade de Lavrinhas\" src=\"http:\/\/blog.cancaonova.com\/lavrinhas\/files\/2015\/10\/DSC01890-Copy-300x225.jpg\" alt=\"\" width=\"599\" height=\"449\" \/><\/p>\n","protected":false},"excerpt":{"rendered":"<p>A Comunidade Can\u00e7\u00e3o Nova chega na cidade de Lavrinhas. &nbsp; Em 2000, o \u201cgigante\u201d Col\u00e9gio S\u00e3o Manuel, ber\u00e7o dos Salesianos no Brasil, passou a ser administrado pela Comunidade Can\u00e7\u00e3o Nova e tendo em seus p\u00e1tios &#8211; como que uma continua\u00e7\u00e3o&#8230;<\/p>\n","protected":false},"author":3291,"featured_media":0,"parent":0,"menu_order":1,"comment_status":"open","ping_status":"closed","template":"","meta":{"_mi_skip_tracking":false,"_monsterinsights_sitenote_active":false,"_monsterinsights_sitenote_note":"","_monsterinsights_sitenote_category":0,"footnotes":""},"_links":{"self":[{"href":"https:\/\/blog.cancaonova.com\/lavrinhas\/wp-json\/wp\/v2\/pages\/1180"}],"collection":[{"href":"https:\/\/blog.cancaonova.com\/lavrinhas\/wp-json\/wp\/v2\/pages"}],"about":[{"href":"https:\/\/blog.cancaonova.com\/lavrinhas\/wp-json\/wp\/v2\/types\/page"}],"author":[{"embeddable":true,"href":"https:\/\/blog.cancaonova.com\/lavrinhas\/wp-json\/wp\/v2\/users\/3291"}],"replies":[{"embeddable":true,"href":"https:\/\/blog.cancaonova.com\/lavrinhas\/wp-json\/wp\/v2\/comments?post=1180"}],"version-history":[{"count":20,"href":"https:\/\/blog.cancaonova.com\/lavrinhas\/wp-json\/wp\/v2\/pages\/1180\/revisions"}],"predecessor-version":[{"id":4488,"href":"https:\/\/blog.cancaonova.com\/lavrinhas\/wp-json\/wp\/v2\/pages\/1180\/revisions\/4488"}],"wp:attachment":[{"href":"https:\/\/blog.cancaonova.com\/lavrinhas\/wp-json\/wp\/v2\/media?parent=1180"}],"curies":[{"name":"wp","href":"https:\/\/api.w.org\/{rel}","templated":true}]}}