{"id":1184,"date":"2009-10-31T13:56:26","date_gmt":"2009-10-31T16:56:26","guid":{"rendered":"http:\/\/blog.cancaonova.com\/lavrinhas\/?page_id=1184"},"modified":"2019-02-13T11:05:54","modified_gmt":"2019-02-13T14:05:54","slug":"prediscipulado","status":"publish","type":"page","link":"https:\/\/blog.cancaonova.com\/lavrinhas\/prediscipulado\/","title":{"rendered":"O Pr\u00e9-discipulado - Voca\u00e7\u00f5es"},"content":{"rendered":"<p class=\"MsoNormal\" style=\"text-align: justify\"><strong>O que \u00e9 o Pr\u00e9-discipulado?<\/strong><\/p>\n<p class=\"MsoNormal\" style=\"text-align: center\"><a href=\"http:\/\/blog.cancaonova.com\/lavrinhas\/files\/2019\/01\/WhatsApp-Image-2019-01-23-at-14.06.32-e1548260951703.jpeg\"><img loading=\"lazy\" decoding=\"async\" class=\"aligncenter wp-image-4245 size-large\" src=\"http:\/\/blog.cancaonova.com\/lavrinhas\/files\/2019\/01\/WhatsApp-Image-2019-01-23-at-14.06.32-e1548260951703-600x300.jpeg\" alt=\"\" width=\"600\" height=\"300\" srcset=\"https:\/\/blog.cancaonova.com\/lavrinhas\/files\/2019\/01\/WhatsApp-Image-2019-01-23-at-14.06.32-e1548260951703-600x300.jpeg 600w, https:\/\/blog.cancaonova.com\/lavrinhas\/files\/2019\/01\/WhatsApp-Image-2019-01-23-at-14.06.32-e1548260951703-300x150.jpeg 300w, https:\/\/blog.cancaonova.com\/lavrinhas\/files\/2019\/01\/WhatsApp-Image-2019-01-23-at-14.06.32-e1548260951703-150x75.jpeg 150w, https:\/\/blog.cancaonova.com\/lavrinhas\/files\/2019\/01\/WhatsApp-Image-2019-01-23-at-14.06.32-e1548260951703-1280x640.jpeg 1280w\" sizes=\"(max-width: 600px) 100vw, 600px\" \/><\/a><\/p>\n<p style=\"text-align: center\">&nbsp;&#8220;<strong>Ser pr\u00e9-disc\u00edpulo \u00e9 experimentar o carisma Can\u00e7\u00e3o Nova<\/strong>\u201d<br \/>\n<em>(Monsenhor Jonas Abib)<\/em><\/p>\n<p>O pr\u00e9-discipulado \u00e9 a primeira etapa de forma\u00e7\u00e3o quando se entra para a Comunidade Can\u00e7\u00e3o Nova. Este per\u00edodo inicia-se ap\u00f3s o candidato ter feito aproximadamente dois anos de um acompanhamento e discernimento vocacional, no qual \u00e9 verificado tra\u00e7os de identidade da pessoa com o carisma.<\/p>\n<p>A Casa propicia este ambiente mais retirado, pois se trata de um tempo especial de intimidade com Deus onde o candidato vai construir as bases da sua voca\u00e7\u00e3o. Para isso o pr\u00e9-disc\u00edpulo conta com uma equipe de forma\u00e7\u00e3o que o acompanha neste processo de discernimento vocacional. Esta equipe \u00e9 composta por um mestre de forma\u00e7\u00e3o, um assistente espiritual, um coordenador e os auxiliares de forma\u00e7\u00e3o.<\/p>\n<p>Num per\u00edodo que varia de um a dois anos o candidato come\u00e7a a se aprofundar na hist\u00f3ria da Can\u00e7\u00e3o Nova, na sua hist\u00f3ria de salva\u00e7\u00e3o pessoal, na doutrina da Igreja Cat\u00f3lica, na vida de ora\u00e7\u00e3o, al\u00e9m dos v\u00e1rios trabalhos pastorais propostos.<\/p>\n<p>Para a viv\u00eancia desta etapa existe uma rotina di\u00e1ria de forma\u00e7\u00e3o e trabalho. \u00c9 importante destacar que tudo se inicia e termina com o sino, que \u00e9 a voz de Deus. Toca-se o sino ao acordar, para o caf\u00e9 da manh\u00e3, para o jantar, para cada forma\u00e7\u00e3o e depois para o recolhimento.<\/p>\n<p>Cada pr\u00e9-disc\u00edpulo atua num setor de trabalho diariamente. E duas vezes por semana realizam atividades esportivas, como v\u00f4lei, futebol, nata\u00e7\u00e3o, caminhada, alongamentos, exerc\u00edcios aer\u00f3bicos e tamb\u00e9m alguns tipos de jogos em equipe.<\/p>\n<p><iframe loading=\"lazy\" title=\"Conhe\u00c3\u00a7a um pouco mais sobre o pr\u00c3\u00a9-discipulado da Can\u00c3\u00a7\u00c3\u00a3o Nova\" width=\"600\" height=\"450\" src=\"https:\/\/www.youtube.com\/embed\/qyqfSEXOOIk?feature=oembed&amp;rel=0\" frameborder=\"0\" allow=\"accelerometer; autoplay; clipboard-write; encrypted-media; gyroscope; picture-in-picture; web-share\" referrerpolicy=\"strict-origin-when-cross-origin\" allowfullscreen><\/iframe><\/p>\n","protected":false},"excerpt":{"rendered":"<p>O que \u00e9 o Pr\u00e9-discipulado? &nbsp;&#8220;Ser pr\u00e9-disc\u00edpulo \u00e9 experimentar o carisma Can\u00e7\u00e3o Nova\u201d (Monsenhor Jonas Abib) O pr\u00e9-discipulado \u00e9 a primeira etapa de forma\u00e7\u00e3o quando se entra para a Comunidade Can\u00e7\u00e3o Nova. Este per\u00edodo inicia-se ap\u00f3s o candidato ter feito&#8230;<\/p>\n","protected":false},"author":3291,"featured_media":0,"parent":0,"menu_order":3,"comment_status":"open","ping_status":"closed","template":"","meta":{"_mi_skip_tracking":false,"_monsterinsights_sitenote_active":false,"_monsterinsights_sitenote_note":"","_monsterinsights_sitenote_category":0,"footnotes":""},"_links":{"self":[{"href":"https:\/\/blog.cancaonova.com\/lavrinhas\/wp-json\/wp\/v2\/pages\/1184"}],"collection":[{"href":"https:\/\/blog.cancaonova.com\/lavrinhas\/wp-json\/wp\/v2\/pages"}],"about":[{"href":"https:\/\/blog.cancaonova.com\/lavrinhas\/wp-json\/wp\/v2\/types\/page"}],"author":[{"embeddable":true,"href":"https:\/\/blog.cancaonova.com\/lavrinhas\/wp-json\/wp\/v2\/users\/3291"}],"replies":[{"embeddable":true,"href":"https:\/\/blog.cancaonova.com\/lavrinhas\/wp-json\/wp\/v2\/comments?post=1184"}],"version-history":[{"count":16,"href":"https:\/\/blog.cancaonova.com\/lavrinhas\/wp-json\/wp\/v2\/pages\/1184\/revisions"}],"predecessor-version":[{"id":4272,"href":"https:\/\/blog.cancaonova.com\/lavrinhas\/wp-json\/wp\/v2\/pages\/1184\/revisions\/4272"}],"wp:attachment":[{"href":"https:\/\/blog.cancaonova.com\/lavrinhas\/wp-json\/wp\/v2\/media?parent=1184"}],"curies":[{"name":"wp","href":"https:\/\/api.w.org\/{rel}","templated":true}]}}