{"id":3176,"date":"2022-04-29T12:00:01","date_gmt":"2022-04-29T15:00:01","guid":{"rendered":"http:\/\/blog.cancaonova.com\/lavrinhas\/?page_id=3176"},"modified":"2024-03-28T14:21:14","modified_gmt":"2024-03-28T17:21:14","slug":"agenda-2024","status":"publish","type":"page","link":"https:\/\/blog.cancaonova.com\/lavrinhas\/comunidade-cancao-nova-chega-na-cidade-de-lavrinhas\/agenda-2024\/","title":{"rendered":"AGENDA 2024"},"content":{"rendered":"<p style=\"text-align: center\"><strong>AGENDA 2024<\/strong><\/p>\n<p><img loading=\"lazy\" decoding=\"async\" class=\"aligncenter wp-image-4248 size-full\" title=\"Agenda 2024\" src=\"http:\/\/blog.cancaonova.com\/lavrinhas\/files\/2014\/12\/Lugar-de-encontro-com-Deus-blog.png\" alt=\"Agenda 2022\" width=\"695\" height=\"312\" srcset=\"https:\/\/blog.cancaonova.com\/lavrinhas\/files\/2014\/12\/Lugar-de-encontro-com-Deus-blog.png 695w, https:\/\/blog.cancaonova.com\/lavrinhas\/files\/2014\/12\/Lugar-de-encontro-com-Deus-blog-300x135.png 300w\" sizes=\"(max-width: 695px) 100vw, 695px\" \/><\/p>\n<p style=\"text-align: left\">\u00a0A Miss\u00e3o da Can\u00e7\u00e3o Nova em Lavrinhas &#8211; SP tem como voca\u00e7\u00e3o fundamental a forma\u00e7\u00e3o inicial, per\u00edodo em que jovens, depois de no m\u00ednimo dois anos de vocacional, entram para o pr\u00e9 discipulado para um ano de averigua\u00e7\u00e3o. Este trabalho da forma\u00e7\u00e3o inicial j\u00e1 era realizado aqui pelos Salesianos mesmo antes de o nosso \u00a0pai fundador, <a href=\"https:\/\/padrejonas.cancaonova.com\/biografia\/\" target=\"_blank\" rel=\"noopener\">Padre Jonas Abib<\/a>,\u00a0 ter ingressado nesta mesma casa aos 12 anos como seminarista Salesiano.<\/p>\n<p style=\"text-align: left\">No ano de 2024 a casa comemora 109 anos \u00a0de constru\u00e7\u00e3o, podemos dizer que \u00e9\u00a0<strong><em>\u201cUm pedacinho do c\u00e9u, casa de Maria!\u201d<\/em><\/strong><br \/>\nEm vista da miss\u00e3o de evangelizar da comunidade Can\u00e7\u00e3o Nova, esta \u00e9 tamb\u00e9m uma casa de retiros. Acontece aqui os tradicionais\u00a0<a href=\"https:\/\/blog.cancaonova.com\/lavrinhas\/1o-encontro-de-casais-2024\/\" target=\"_blank\" rel=\"noopener\">Retiros de Casais<\/a>, fam\u00edlias do Brasil inteiro vem a nossa casa para viver um final de semana de retiro espec\u00edfico.<\/p>\n<p style=\"text-align: left\">Disponibilizamos abaixo algumas atividades que acontecem na casa:<\/p>\n<p style=\"text-align: left\">Desde j\u00e1 seja muito bem-vindo (a)!<\/p>\n<p style=\"text-align: center\"><strong>*** ABRIL<\/strong><\/p>\n<p style=\"text-align: center\"><strong><span style=\"color: #ff0000\">Reabertura do Orat\u00f3rio\u00a0 &#8211; 07\/04<\/span><\/strong><\/p>\n<p style=\"text-align: center\"><strong><span style=\"color: #ff0000\">14:30<\/span><\/strong><\/p>\n<p style=\"text-align: center\"><strong>Informa\u00e7\u00f5es pelo telefone (12) 3146-1122 \u00a0<\/strong><strong>\u00a0<\/strong><\/p>\n<p><img loading=\"lazy\" decoding=\"async\" class=\"aligncenter wp-image-4479\" title=\"Agenda 2024\" src=\"http:\/\/blog.cancaonova.com\/lavrinhas\/files\/2022\/04\/ORATORIO.jpg\" alt=\"Agenda 2024\" width=\"600\" height=\"480\" srcset=\"https:\/\/blog.cancaonova.com\/lavrinhas\/files\/2022\/04\/ORATORIO.jpg 2000w, https:\/\/blog.cancaonova.com\/lavrinhas\/files\/2022\/04\/ORATORIO-300x240.jpg 300w, https:\/\/blog.cancaonova.com\/lavrinhas\/files\/2022\/04\/ORATORIO-768x614.jpg 768w\" sizes=\"(max-width: 600px) 100vw, 600px\" \/><\/p>\n<p>&nbsp;<\/p>\n<p style=\"text-align: center\"><strong>*** MISSA DOMINICAL<\/strong><\/p>\n<p style=\"text-align: center\"><strong><span style=\"color: #ff0000\">TODOS OS DOMINGOS \u00c0S 9:00\u00a0<\/span><\/strong><\/p>\n<p style=\"text-align: center\"><strong>*** MISSA PELO CLUBE DA EVANGELIZA\u00c7\u00c3O<\/strong><\/p>\n<p style=\"text-align: center\"><span style=\"color: #ff0000\"><strong>PRIMEIRA QUINTA DO M\u00caS \u00c0S 20:00<\/strong><\/span><\/p>\n<p style=\"text-align: center\"><strong>*** GRUPO DE ORA\u00c7\u00c3O<\/strong><\/p>\n<p style=\"text-align: center\"><span style=\"color: #ff0000\"><strong>TODAS AS QUINTAS \u00c0S 20:00<\/strong><\/span><\/p>\n<p style=\"text-align: center\"><strong>*** BAZAR<\/strong><\/p>\n<p style=\"text-align: center\"><strong><span style=\"color: #ff0000\">TER\u00c7A, QUARTA E QUINTA \u00c0S 14:00<\/span><\/strong><\/p>\n<p>&nbsp;<\/p>\n<p>&nbsp;<\/p>\n<p>&nbsp;<\/p>\n","protected":false},"excerpt":{"rendered":"<p>AGENDA 2024 \u00a0A Miss\u00e3o da Can\u00e7\u00e3o Nova em Lavrinhas &#8211; SP tem como voca\u00e7\u00e3o fundamental a forma\u00e7\u00e3o inicial, per\u00edodo em que jovens, depois de no m\u00ednimo dois anos de vocacional, entram para o pr\u00e9 discipulado para um ano de averigua\u00e7\u00e3o&#8230;.<\/p>\n","protected":false},"author":3291,"featured_media":4248,"parent":1180,"menu_order":6,"comment_status":"open","ping_status":"closed","template":"","meta":{"_mi_skip_tracking":false,"_monsterinsights_sitenote_active":false,"_monsterinsights_sitenote_note":"","_monsterinsights_sitenote_category":0,"footnotes":""},"_links":{"self":[{"href":"https:\/\/blog.cancaonova.com\/lavrinhas\/wp-json\/wp\/v2\/pages\/3176"}],"collection":[{"href":"https:\/\/blog.cancaonova.com\/lavrinhas\/wp-json\/wp\/v2\/pages"}],"about":[{"href":"https:\/\/blog.cancaonova.com\/lavrinhas\/wp-json\/wp\/v2\/types\/page"}],"author":[{"embeddable":true,"href":"https:\/\/blog.cancaonova.com\/lavrinhas\/wp-json\/wp\/v2\/users\/3291"}],"replies":[{"embeddable":true,"href":"https:\/\/blog.cancaonova.com\/lavrinhas\/wp-json\/wp\/v2\/comments?post=3176"}],"version-history":[{"count":22,"href":"https:\/\/blog.cancaonova.com\/lavrinhas\/wp-json\/wp\/v2\/pages\/3176\/revisions"}],"predecessor-version":[{"id":4486,"href":"https:\/\/blog.cancaonova.com\/lavrinhas\/wp-json\/wp\/v2\/pages\/3176\/revisions\/4486"}],"up":[{"embeddable":true,"href":"https:\/\/blog.cancaonova.com\/lavrinhas\/wp-json\/wp\/v2\/pages\/1180"}],"wp:featuredmedia":[{"embeddable":true,"href":"https:\/\/blog.cancaonova.com\/lavrinhas\/wp-json\/wp\/v2\/media\/4248"}],"wp:attachment":[{"href":"https:\/\/blog.cancaonova.com\/lavrinhas\/wp-json\/wp\/v2\/media?parent=3176"}],"curies":[{"name":"wp","href":"https:\/\/api.w.org\/{rel}","templated":true}]}}