{"id":969,"date":"2008-09-25T16:26:10","date_gmt":"2008-09-25T19:26:10","guid":{"rendered":"http:\/\/blog.cancaonova.com\/lavrinhas\/como-chegar\/"},"modified":"2022-09-12T18:11:53","modified_gmt":"2022-09-12T21:11:53","slug":"7-como-chegar","status":"publish","type":"page","link":"https:\/\/blog.cancaonova.com\/lavrinhas\/7-como-chegar\/","title":{"rendered":"Como chegar?"},"content":{"rendered":"<p><strong>Casa de encontros da Can\u00e7\u00e3o Nova Lavrinhas<br \/>\nObra Social S\u00e3o Manoel<br \/>\nRodovia J\u00falio Fortes, km 3 &#8211; Lavrinhas &#8211; SP \/ CEP 12760-000<br \/>\nInforma\u00e7\u00f5es: (12) 31461122 \/ 31461130 (FAX)<br \/>\n<\/strong><a href=\"mailto:lavrin&#104;&#97;&#115;&#64;&#99;&#x61;&#x6e;&#x63;&#x61;&#x6f;&#x6e;&#x6f;&#x76;&#x61;&#x2e;&#x63;&#x6f;&#x6d;\"><strong>reserv&#97;&#115;&#108;&#x61;&#x76;&#x72;&#x69;&#x6e;&#x68;&#x61;s&#64;canca&#111;&#110;&#x6f;&#x76;&#x61;&#x2e;&#x63;&#x6f;&#x6d;<\/strong><\/a><\/p>\n<hr \/>\n<p><strong><em>Clique na cidade e veja como chegar<br \/>\n<\/em><\/strong><\/p>\n<p><strong><a href=\"http:\/\/blog.cancaonova.com\/lavrinhas\/2008\/01\/01\/riode-janeiro-rj-lavrinhas-sp\/\">Rio de Janeiro (RJ) &#8211; Lavrinhas (SP)<\/a><br \/>\n216 km \u2013 aprox. 2 horas 35 minutos<\/strong><\/p>\n<p><img decoding=\"async\" src=\"http:\/\/blog.cancaonova.com\/lavrinhas\/files\/2008\/09\/rio1.jpg\" alt=\"rio1.jpg\" \/><\/p>\n<p><strong><a href=\"http:\/\/blog.cancaonova.com\/lavrinhas\/2008\/01\/01\/sao-paulo-sp-lavrinhas-sp-2\/\">S\u00e3o Paulo (SP) &#8211; Lavrinhas (SP)<br \/>\n<\/a>235 km \u2013 aprox. 2 horas 54 minutos<\/strong><\/p>\n<p><img decoding=\"async\" src=\"http:\/\/blog.cancaonova.com\/lavrinhas\/files\/2008\/09\/sp1.jpg\" alt=\"sp1.jpg\" \/><\/p>\n","protected":false},"excerpt":{"rendered":"<p>Casa de encontros da Can\u00e7\u00e3o Nova Lavrinhas Obra Social S\u00e3o Manoel Rodovia J\u00falio Fortes, km 3 &#8211; Lavrinhas &#8211; SP \/ CEP 12760-000 Informa\u00e7\u00f5es: (12) 31461122 \/ 31461130 (FAX) &#114;&#x65;s&#x65;r&#x76;a&#115;&#x6c;&#97;&#x76;r&#x69;n&#x68;a&#115;&#x40;c&#x61;n&#x63;a&#x6f;&#x6e;&#111;&#x76;a&#x2e;c&#x6f;m Clique na cidade e veja como chegar Rio de Janeiro&#8230;<\/p>\n","protected":false},"author":3291,"featured_media":0,"parent":0,"menu_order":7,"comment_status":"open","ping_status":"closed","template":"","meta":{"_mi_skip_tracking":false,"_monsterinsights_sitenote_active":false,"_monsterinsights_sitenote_note":"","_monsterinsights_sitenote_category":0,"footnotes":""},"_links":{"self":[{"href":"https:\/\/blog.cancaonova.com\/lavrinhas\/wp-json\/wp\/v2\/pages\/969"}],"collection":[{"href":"https:\/\/blog.cancaonova.com\/lavrinhas\/wp-json\/wp\/v2\/pages"}],"about":[{"href":"https:\/\/blog.cancaonova.com\/lavrinhas\/wp-json\/wp\/v2\/types\/page"}],"author":[{"embeddable":true,"href":"https:\/\/blog.cancaonova.com\/lavrinhas\/wp-json\/wp\/v2\/users\/3291"}],"replies":[{"embeddable":true,"href":"https:\/\/blog.cancaonova.com\/lavrinhas\/wp-json\/wp\/v2\/comments?post=969"}],"version-history":[{"count":10,"href":"https:\/\/blog.cancaonova.com\/lavrinhas\/wp-json\/wp\/v2\/pages\/969\/revisions"}],"predecessor-version":[{"id":4315,"href":"https:\/\/blog.cancaonova.com\/lavrinhas\/wp-json\/wp\/v2\/pages\/969\/revisions\/4315"}],"wp:attachment":[{"href":"https:\/\/blog.cancaonova.com\/lavrinhas\/wp-json\/wp\/v2\/media?parent=969"}],"curies":[{"name":"wp","href":"https:\/\/api.w.org\/{rel}","templated":true}]}}