{"id":1695,"date":"2011-11-17T15:44:01","date_gmt":"2011-11-17T17:44:01","guid":{"rendered":"http:\/\/blog.cancaonova.com\/livresdetodomal\/"},"modified":"2016-11-22T10:44:38","modified_gmt":"2016-11-22T12:44:38","slug":"fale-comigo","status":"publish","type":"page","link":"https:\/\/blog.cancaonova.com\/livresdetodomal\/fale-comigo\/","title":{"rendered":"Fale Comigo"},"content":{"rendered":"<p><strong>Sejam desde j\u00e1 bem vindos!<\/strong><\/p>\n<p><a href=\"http:\/\/blog.cancaonova.com\/livresdetodomal\/files\/2011\/11\/Help-Livres-de-todo-Mal.jpg\"><img loading=\"lazy\" decoding=\"async\" class=\"alignleft size-medium wp-image-5336\" src=\"http:\/\/blog.cancaonova.com\/livresdetodomal\/files\/2011\/11\/Help-Livres-de-todo-Mal-300x300.jpg\" alt=\"Fale Comigo\" width=\"154\" height=\"154\" srcset=\"https:\/\/blog.cancaonova.com\/livresdetodomal\/files\/2011\/11\/Help-Livres-de-todo-Mal-300x300.jpg 300w, https:\/\/blog.cancaonova.com\/livresdetodomal\/files\/2011\/11\/Help-Livres-de-todo-Mal-150x150.jpg 150w, https:\/\/blog.cancaonova.com\/livresdetodomal\/files\/2011\/11\/Help-Livres-de-todo-Mal.jpg 400w\" sizes=\"(max-width: 154px) 100vw, 154px\" \/><\/a>Este canal \u00e9 direcionado para as pessoas que realmente se encontram com problemas voltados a \u00e1rea espiritual relacionado a <strong><em>Cura ou \u00e0 Liberta\u00e7\u00e3o<\/em><\/strong>, e que necessitam de uma ajuda mais direta no acompanhamento do seu caso.<br \/>\nPor isso ao me enviar um e-mail, \u00e9 preciso que ele seja muito pr\u00e1tico, claro e objetivo, para que com maior agilidade eu possa l\u00ea &#8211; lo. O endere\u00e7o de e-mail para contato \u00e9: <span style=\"color: #3366ff\"><em><strong>livresdetodomal@cancaonova.com<\/strong><\/em><\/span><\/p>\n<p><em><strong>Mas quero aqui j\u00e1 deixar algumas orienta\u00e7\u00f5es pr\u00e1ticas para me ajudar a responder com maior agilidade a sua solicita\u00e7\u00e3o:<\/strong><\/em><\/p>\n<p><em>&#8211; Deixe escrito seu nome completo, Idade e de onde voc\u00ea \u00e9&#8230;<\/em><\/p>\n<p><em>&#8211; Preciso que voc\u00ea seja bem concreto quando expor o seu problema. Ele precisa apresentar fatos que demonstrem ou que tenham uma co-rela\u00e7\u00e3o com alguma realidade espiritual, com algum tipo de comportamento ou situa\u00e7\u00e3o indique um problema espiritual.<\/em><\/p>\n<p><em>&#8211; J\u00e1 gostaria que em sua partilha voc\u00ea pudesse descrever se j\u00e1 houve algum tipo de envolvimento com o ocultismo, com pr\u00e1ticas exot\u00e9ricas ou bruxarias, e se voc\u00ea relaciona o problema apresentado ao seu contato com estas realidades. Quero dizer: O problema come\u00e7ou ap\u00f3s frequentar ou se envolver com estes tipos de realidade?<\/em><\/p>\n<p><em>&#8211; Dependendo de cada caso, poderemos sim marcar algum tipo de atendimento de ora\u00e7\u00e3o, mas isso ser\u00e1 analisado ap\u00f3s todo o discernimento. Somente lembrando que todo o atendimento de ora\u00e7\u00e3o \u00e9 realizado aqui na <strong>Sede da Comunidade Can\u00e7\u00e3o Nova <\/strong>em <strong>Cachoeira Paulista<\/strong>, e quase sempre aos finais de semana quando estamos tendo algum Acampamento de Ora\u00e7\u00e3o ou alguma atividade.<\/em><br \/>\n<em> &#8211; Uma coisa importante, \u00e9 que voc\u00ea sempre responda os e-mails deixando no &#8220;corpo do e-mail&#8221; todo o hist\u00f3rico das conversas, para que tudo possa ser acompanhado de maneira mais organizada.<\/em><\/p>\n<p>&#8211; Estou abrindo essa op\u00e7\u00e3o de atendimento de ora\u00e7\u00e3o diante de tantos e tantos casos que tem chegado a mim, e que verdadeiramente precisam de um acompanhamento mais de perto.<br \/>\nSomente pe\u00e7o um pouco de paci\u00eancia, pois s\u00e3o muitos e-mails a serem lidos.<\/p>\n<p><strong>Desde j\u00e1 Deus aben\u00e7oe voc\u00ea!<\/strong><\/p>\n<p><em><a href=\"http:\/\/www.mylivesignature.com\" target=\"_blank\"><img decoding=\"async\" style=\"border: 0 !important;background: transparent\" src=\"http:\/\/signatures.mylivesignature.com\/54491\/45\/EFB9864329F8DE170A020E5C11DB9261.png\" alt=\"\" \/><\/a><\/em><br \/>\nCom. Can\u00e7\u00e3o Nova.<\/p>\n<p><strong><br \/>\n<\/strong><\/p>\n<div role=\"form\" class=\"wpcf7\" id=\"wpcf7-f6374-o1\" dir=\"ltr\">\n<div class=\"screen-reader-response\"><\/div>\n<form action=\"\/livresdetodomal\/wp-json\/wp\/v2\/pages\/1695#wpcf7-f6374-o1\" method=\"post\" class=\"wpcf7-form\" novalidate=\"novalidate\">\n<div style=\"display: none;\">\n<input type=\"hidden\" name=\"_wpcf7\" value=\"6374\" \/>\n<input type=\"hidden\" name=\"_wpcf7_version\" value=\"4.7\" \/>\n<input type=\"hidden\" name=\"_wpcf7_locale\" value=\"\" \/>\n<input type=\"hidden\" name=\"_wpcf7_unit_tag\" value=\"wpcf7-f6374-o1\" \/>\n<input type=\"hidden\" name=\"_wpnonce\" value=\"c0f0bc9f06\" \/>\n<\/div>\n<p>Seu nome (obrigat\u00f3rio)<br \/>\n    <span class=\"wpcf7-form-control-wrap your-name\"><input type=\"text\" name=\"your-name\" value=\"\" size=\"40\" class=\"wpcf7-form-control wpcf7-text wpcf7-validates-as-required\" aria-required=\"true\" aria-invalid=\"false\" \/><\/span> <\/p>\n<p>Seu e-mail (obrigat\u00f3rio)<br \/>\n    <span class=\"wpcf7-form-control-wrap your-email\"><input type=\"email\" name=\"your-email\" value=\"\" size=\"40\" class=\"wpcf7-form-control wpcf7-text wpcf7-email wpcf7-validates-as-required wpcf7-validates-as-email\" aria-required=\"true\" aria-invalid=\"false\" \/><\/span> <\/p>\n<p>Assunto<br \/>\n    <span class=\"wpcf7-form-control-wrap your-subject\"><input type=\"text\" name=\"your-subject\" value=\"\" size=\"40\" class=\"wpcf7-form-control wpcf7-text\" aria-invalid=\"false\" \/><\/span> <\/p>\n<p>Sua mensagem<br \/>\n    <span class=\"wpcf7-form-control-wrap your-message\"><textarea name=\"your-message\" cols=\"40\" rows=\"10\" class=\"wpcf7-form-control wpcf7-textarea\" aria-invalid=\"false\"><\/textarea><\/span> <\/p>\n<p><input type=\"submit\" value=\"Enviar\" class=\"wpcf7-form-control wpcf7-submit\" \/><\/p>\n<div class=\"wpcf7-response-output wpcf7-display-none\"><\/div><\/form><\/div>\n","protected":false},"excerpt":{"rendered":"<p>Sejam desde j\u00e1 bem vindos! Este canal \u00e9 direcionado para as pessoas que realmente se encontram com problemas voltados a \u00e1rea espiritual relacionado a Cura ou \u00e0 Liberta\u00e7\u00e3o, e que necessitam de uma ajuda mais direta no acompanhamento do seu&#8230;<\/p>\n","protected":false},"author":4498,"featured_media":0,"parent":0,"menu_order":4,"comment_status":"open","ping_status":"open","template":"","meta":{"_mi_skip_tracking":false,"_monsterinsights_sitenote_active":false,"_monsterinsights_sitenote_note":"","_monsterinsights_sitenote_category":0,"footnotes":""},"_links":{"self":[{"href":"https:\/\/blog.cancaonova.com\/livresdetodomal\/wp-json\/wp\/v2\/pages\/1695"}],"collection":[{"href":"https:\/\/blog.cancaonova.com\/livresdetodomal\/wp-json\/wp\/v2\/pages"}],"about":[{"href":"https:\/\/blog.cancaonova.com\/livresdetodomal\/wp-json\/wp\/v2\/types\/page"}],"author":[{"embeddable":true,"href":"https:\/\/blog.cancaonova.com\/livresdetodomal\/wp-json\/wp\/v2\/users\/4498"}],"replies":[{"embeddable":true,"href":"https:\/\/blog.cancaonova.com\/livresdetodomal\/wp-json\/wp\/v2\/comments?post=1695"}],"version-history":[{"count":18,"href":"https:\/\/blog.cancaonova.com\/livresdetodomal\/wp-json\/wp\/v2\/pages\/1695\/revisions"}],"predecessor-version":[{"id":7942,"href":"https:\/\/blog.cancaonova.com\/livresdetodomal\/wp-json\/wp\/v2\/pages\/1695\/revisions\/7942"}],"wp:attachment":[{"href":"https:\/\/blog.cancaonova.com\/livresdetodomal\/wp-json\/wp\/v2\/media?parent=1695"}],"curies":[{"name":"wp","href":"https:\/\/api.w.org\/{rel}","templated":true}]}}