{"id":2,"date":"2010-12-29T13:48:59","date_gmt":"2010-12-29T16:48:59","guid":{"rendered":""},"modified":"2023-07-15T00:49:24","modified_gmt":"2023-07-15T03:49:24","slug":"about","status":"publish","type":"page","link":"https:\/\/blog.cancaonova.com\/livresdetodomal\/about\/","title":{"rendered":"O Autor"},"content":{"rendered":"<p><img loading=\"lazy\" decoding=\"async\" class=\"size-medium wp-image-427 alignleft\" src=\"http:\/\/blog.cancaonova.com\/livresdetodomal\/files\/2010\/12\/P11403201-300x227.jpg\" alt=\"\" width=\"300\" height=\"227\" srcset=\"https:\/\/blog.cancaonova.com\/livresdetodomal\/files\/2010\/12\/P11403201-300x227.jpg 300w, https:\/\/blog.cancaonova.com\/livresdetodomal\/files\/2010\/12\/P11403201-1024x777.jpg 1024w\" sizes=\"(max-width: 300px) 100vw, 300px\" \/><\/p>\n<p>Me chamo <strong>Danilo Gesualdo<\/strong>, sou natural da Capital de S\u00e3o Paulo.<\/p>\n<p>Sou Mission\u00e1rio da Comunidade Can\u00e7\u00e3o Nova h\u00e1 20 anos, residindo hoje em nossa miss\u00e3o de Cachoeira Paulista, S\u00e3o Paulo. Escritor, comunicador, cursando Filosofia.<\/p>\n<p>Casado com a Jennifer R. tamb\u00e9m Mission\u00e1ria da Comunidade Can\u00e7\u00e3o Nova. Temos duas filhas lindas.<\/p>\n<p>Atuei por 16 anos dentro do Departamento de Engenharia da TV Can\u00e7\u00e3o Nova, na qual fui respons\u00e1vel pelo setor de TI que est\u00e1 ligado a este Departamento.<\/p>\n<p>Por 3 anos fui o respons\u00e1vel pela Casa de Maria em Cachoeira Paulista, onde realizava atendimentos de Ora\u00e7\u00e3o e aconselhamento aqueles que \u00e0 n\u00f3s recorriam.<\/p>\n<p>Venho de uma fam\u00edlia de tradi\u00e7\u00e3o Cat\u00f3lica, mas que n\u00e3o eram praticantes da f\u00e9.<br \/>\nNa verdade meus pais \u2013 <strong>e de maneira mais aprofundada ainda, o meu pai <\/strong>\u2013 tinham um alto v\u00ednculo com a <strong>Umbanda<\/strong> e o <strong>Candombl\u00e9<\/strong>. O meu pai chegou a fazer todos os ritos de inicia\u00e7\u00e3o e consagra\u00e7\u00e3o do Candombl\u00e9, chegando quase a ser \u201c<strong>pai de santo<\/strong>\u201d, nome este designado \u00e0 autoridade m\u00e1xima dentro do Candombl\u00e9.<\/p>\n<p>Por gra\u00e7a de Deus no ano de 1994 posso dizer que todos da minha fam\u00edlia tiveram o seu encontro pessoal com Deus, renunciando a tais\u00a0praticas; e iniciando a partir de ent\u00e3o um caminho de apostolado e total entrega \u00e0 Deus.<\/p>\n<p>Ap\u00f3s este meu encontro pessoal com Deus e ao longo do caminho; o pr\u00f3prio Deus foi colocando em meu cora\u00e7\u00e3o uma dire\u00e7\u00e3o espec\u00edfica na qual Ele se utilizaria de mim e do Minist\u00e9rio que Ele me dava, para que, de alguma forma a Evangeliza\u00e7\u00e3o acontecesse e as pessoas fossem libertas do Mal e tivessem seu encontro com Jesus Cristo!<\/p>\n<p><strong>A minha hist\u00f3ria comprova de que Deus pode tirar de um mal, o bem!<\/strong><\/p>\n<p><em>Pude por 8 anos consecutivos acompanhar de modo direto a visita do <strong>Padre Rufus\u00a0Pereira<\/strong> aqui na Can\u00e7\u00e3o Nova, com quem pude aprender um pouco mais.<\/em><\/p>\n<p>Deus tamb\u00e9m me deu a gra\u00e7a de colocar uma pessoa que se tornou meu amigo e gra\u00e7as a Deus tenho aprendido muito com ele, que \u00e9 o <strong>Padre Jos\u00e9 Fortea<\/strong>, Exorcista da Espanha, respons\u00e1vel por acompanhar um dos casos mais dif\u00edceis de possess\u00e3o Diab\u00f3lica da Espanha, e j\u00e1 esteve algumas vezes aqui na Can\u00e7\u00e3o Nova, em Acampamentos de Cura e Liberta\u00e7\u00e3o.<br \/>\nAtualmente <strong>Padre Jos\u00e9 Fortea<\/strong> me encaminha todos os casos que chegam do Brasil \u00e0 ele, e\u00a0 dentro das minhas possibilidades posso dar algum tipo de ajuda e acompanhamento.<\/p>\n<p>Posso dizer que tenho o privil\u00e9gio de ter como amigo, o <strong>Padre Duarte Sousa Lara<\/strong>, tamb\u00e9m exorcista em Portugal, e na qual se tornou realmente um amigo especial&#8230;Privil\u00e9gio, sem orgulho algum, pois Padre Duarte n\u00e3o precisa dizer nada para ensinar o caminho de santidade, a vida dele no dia a dia j\u00e1 \u00e9 o suficiente&#8230;<\/p>\n<p><strong>Posso dizer que estou ainda no come\u00e7o de uma longa jornada para o qual Deus me chama, mas com a certeza de que Deus quer que eu e voc\u00ea sejamos de uma vez por todas LIVRES DE TODO MAL!<\/strong><\/p>\n<p>Deus aben\u00e7oe voc\u00ea!<\/p>\n<p>&nbsp;<\/p>\n<p><em><a href=\"http:\/\/www.mylivesignature.com\" target=\"_blank\" rel=\"noopener\"><img decoding=\"async\" style=\"border: 0 !important;background: transparent\" src=\"http:\/\/signatures.mylivesignature.com\/54491\/45\/EFB9864329F8DE170A020E5C11DB9261.png\" alt=\"\" \/><\/a><\/em><\/p>\n","protected":false},"excerpt":{"rendered":"<p>Me chamo Danilo Gesualdo, sou natural da Capital de S\u00e3o Paulo. Sou Mission\u00e1rio da Comunidade Can\u00e7\u00e3o Nova h\u00e1 20 anos, residindo hoje em nossa miss\u00e3o de Cachoeira Paulista, S\u00e3o Paulo. Escritor, comunicador, cursando Filosofia. Casado com a Jennifer R. tamb\u00e9m&#8230;<\/p>\n","protected":false},"author":4498,"featured_media":0,"parent":0,"menu_order":2,"comment_status":"open","ping_status":"closed","template":"","meta":{"_mi_skip_tracking":false,"_monsterinsights_sitenote_active":false,"_monsterinsights_sitenote_note":"","_monsterinsights_sitenote_category":0,"footnotes":""},"_links":{"self":[{"href":"https:\/\/blog.cancaonova.com\/livresdetodomal\/wp-json\/wp\/v2\/pages\/2"}],"collection":[{"href":"https:\/\/blog.cancaonova.com\/livresdetodomal\/wp-json\/wp\/v2\/pages"}],"about":[{"href":"https:\/\/blog.cancaonova.com\/livresdetodomal\/wp-json\/wp\/v2\/types\/page"}],"author":[{"embeddable":true,"href":"https:\/\/blog.cancaonova.com\/livresdetodomal\/wp-json\/wp\/v2\/users\/4498"}],"replies":[{"embeddable":true,"href":"https:\/\/blog.cancaonova.com\/livresdetodomal\/wp-json\/wp\/v2\/comments?post=2"}],"version-history":[{"count":29,"href":"https:\/\/blog.cancaonova.com\/livresdetodomal\/wp-json\/wp\/v2\/pages\/2\/revisions"}],"predecessor-version":[{"id":9614,"href":"https:\/\/blog.cancaonova.com\/livresdetodomal\/wp-json\/wp\/v2\/pages\/2\/revisions\/9614"}],"wp:attachment":[{"href":"https:\/\/blog.cancaonova.com\/livresdetodomal\/wp-json\/wp\/v2\/media?parent=2"}],"curies":[{"name":"wp","href":"https:\/\/api.w.org\/{rel}","templated":true}]}}