{"id":7944,"date":"2016-11-22T13:24:16","date_gmt":"2016-11-22T15:24:16","guid":{"rendered":"http:\/\/blog.cancaonova.com\/livresdetodomal\/?page_id=7944"},"modified":"2017-11-28T09:36:21","modified_gmt":"2017-11-28T11:36:21","slug":"pedidos-de-missao","status":"publish","type":"page","link":"https:\/\/blog.cancaonova.com\/livresdetodomal\/pedidos-de-missao\/","title":{"rendered":"PEDIDOS DE MISS\u00c3O"},"content":{"rendered":"<h2><strong>Agendamento para Miss\u00f5es<\/strong><\/h2>\n<p>Ol\u00e1, sejam desde j\u00e1 bem vindos!<a href=\"http:\/\/blog.cancaonova.com\/livresdetodomal\/files\/2016\/11\/Screen-Shot-24-10-16.png\"><img loading=\"lazy\" decoding=\"async\" class=\"alignleft size-medium wp-image-7945\" src=\"http:\/\/blog.cancaonova.com\/livresdetodomal\/files\/2016\/11\/Screen-Shot-24-10-16-229x300.png\" alt=\"DANILO GESUALDO\" width=\"229\" height=\"300\" srcset=\"https:\/\/blog.cancaonova.com\/livresdetodomal\/files\/2016\/11\/Screen-Shot-24-10-16-229x300.png 229w, https:\/\/blog.cancaonova.com\/livresdetodomal\/files\/2016\/11\/Screen-Shot-24-10-16.png 680w\" sizes=\"(max-width: 229px) 100vw, 229px\" \/><\/a><\/p>\n<p>Ser\u00e1 uma grande alegria e uma gra\u00e7a poder estar visitando sua Cidade, sua paroquia, estar no seu Retiro ou Grupo de Ora\u00e7\u00e3o!<\/p>\n<p>Para o ano de 2018, eu,<em> Danilo Gesualdo<\/em>, <em>Mission\u00e1rio da Comunidade Can\u00e7\u00e3o Nova<\/em>, j\u00e1 estou com minha agenda aberta para miss\u00f5es e se Deus quiser poderemos nos encontrar neste ano de 2018 partilhar tudo o que o Senhor tem realizado em meio ao seu povo!<\/p>\n<p>Tamb\u00e9m trago uma novidade, que \u00e9 o lan\u00e7amento do meu livro <a href=\"http:\/\/loja.cancaonova.com\/livro-livres-de-todo-mal-desmascarando-o-inimigo\" target=\"_blank\" rel=\"noopener\"><span style=\"color: #3366ff\"><em>Livres de todo Mal &#8211; Desmascarando o Inimigo<\/em><\/span><\/a>, \u00e9 por meio deste livro e dos assuntos nele tratados, que poderemos trilhar um belo caminho de forma\u00e7\u00e3o e crescimento em nossos Grupos de Ora\u00e7\u00e3o e Retiros, com a tem\u00e1tica de Cura e Liberta\u00e7\u00e3o.<\/p>\n<p>Voc\u00ea pode enviar um e-mail solicitando um agendamento de Miss\u00e3o para:<\/p>\n<p>* <span style=\"color: #3366ff\">livresdetodomal@cancaonova.com<\/span><\/p>\n<p>* <span style=\"color: #3366ff\">agendaleigos@cancaonova.com<\/span><\/p>\n<p>Certamente o Senhor realizar\u00e1 grandes coisas em nosso meio!<\/p>\n<p>Deus aben\u00e7oe voc\u00ea!<\/p>\n<p style=\"text-align: justify\"><em><a href=\"http:\/\/www.mylivesignature.com\" target=\"_blank\" rel=\"noopener\"><img decoding=\"async\" style=\"border: 0 !important;background: transparent\" src=\"http:\/\/signatures.mylivesignature.com\/54491\/45\/EFB9864329F8DE170A020E5C11DB9261.png\" alt=\"\"\/><\/a><\/em><\/p>\n<p>&#8211; Nos siga no <a href=\"https:\/\/www.instagram.com\/livresdetodomal\" target=\"_blank\" rel=\"noopener\">Instagram<\/a><br \/>\n&#8211; Acompanhe tamb\u00e9m nossa Pagina no <a title=\"Acesse nossa Pagina no Facebook\" href=\"https:\/\/www.facebook.com\/livresdetodomal\" target=\"_blank\" rel=\"noopener\">Facebook<\/a><br \/>\n&#8211; Se inscreva em nosso canal no <a href=\"https:\/\/www.youtube.com\/channel\/UCtTV6_p58praRda6Thn9MGw\" target=\"_blank\" rel=\"noopener\">Youtube<\/a><br \/>\n&#8211; Me acompanhe diariamente pelo <a title=\"Acesse meu Twitter\" href=\"https:\/\/twitter.com\/danilogesualdo\" target=\"_blank\" rel=\"noopener\">Twitter<\/a><\/p>\n","protected":false},"excerpt":{"rendered":"<p>Agendamento para Miss\u00f5es Ol\u00e1, sejam desde j\u00e1 bem vindos! Ser\u00e1 uma grande alegria e uma gra\u00e7a poder estar visitando sua Cidade, sua paroquia, estar no seu Retiro ou Grupo de Ora\u00e7\u00e3o! Para o ano de 2018, eu, Danilo Gesualdo, Mission\u00e1rio&#8230;<\/p>\n","protected":false},"author":4498,"featured_media":0,"parent":0,"menu_order":0,"comment_status":"closed","ping_status":"closed","template":"","meta":{"_mi_skip_tracking":false,"_monsterinsights_sitenote_active":false,"_monsterinsights_sitenote_note":"","_monsterinsights_sitenote_category":0,"footnotes":""},"_links":{"self":[{"href":"https:\/\/blog.cancaonova.com\/livresdetodomal\/wp-json\/wp\/v2\/pages\/7944"}],"collection":[{"href":"https:\/\/blog.cancaonova.com\/livresdetodomal\/wp-json\/wp\/v2\/pages"}],"about":[{"href":"https:\/\/blog.cancaonova.com\/livresdetodomal\/wp-json\/wp\/v2\/types\/page"}],"author":[{"embeddable":true,"href":"https:\/\/blog.cancaonova.com\/livresdetodomal\/wp-json\/wp\/v2\/users\/4498"}],"replies":[{"embeddable":true,"href":"https:\/\/blog.cancaonova.com\/livresdetodomal\/wp-json\/wp\/v2\/comments?post=7944"}],"version-history":[{"count":5,"href":"https:\/\/blog.cancaonova.com\/livresdetodomal\/wp-json\/wp\/v2\/pages\/7944\/revisions"}],"predecessor-version":[{"id":8234,"href":"https:\/\/blog.cancaonova.com\/livresdetodomal\/wp-json\/wp\/v2\/pages\/7944\/revisions\/8234"}],"wp:attachment":[{"href":"https:\/\/blog.cancaonova.com\/livresdetodomal\/wp-json\/wp\/v2\/media?parent=7944"}],"curies":[{"name":"wp","href":"https:\/\/api.w.org\/{rel}","templated":true}]}}