{"id":1324,"date":"2016-10-18T15:48:32","date_gmt":"2016-10-18T17:48:32","guid":{"rendered":"http:\/\/blog.cancaonova.com\/lorena\/?page_id=1324"},"modified":"2021-07-30T18:04:17","modified_gmt":"2021-07-30T21:04:17","slug":"nossa-historia-em-lorena","status":"publish","type":"page","link":"https:\/\/blog.cancaonova.com\/lorena\/quem-somos\/nossa-historia-em-lorena\/","title":{"rendered":"Nossa hist\u00f3ria"},"content":{"rendered":"<h4>Nascente da Can\u00e7\u00e3o Nova<\/h4>\n<p><span style=\"font-weight: 400\">A Hist\u00f3ria da Can\u00e7\u00e3o Nova em Lorena est\u00e1 totalmente entrela\u00e7ada com a hist\u00f3ria do nosso querido fundador. Lorena foi o ventre que gerou Monsenhor Jonas Abib para a Comunidade Can\u00e7\u00e3o Nova. Foi o local onde O Pe. Jonas teve seu primeiro encontro pessoal com Jesus. Foi aqui tamb\u00e9m que ele realizou os primeiros encontros e Catecumenato com os jovens que originaram a Comunidade Can\u00e7\u00e3o Nova. Lorena \u00e9 o ber\u00e7o da Comunidade Can\u00e7\u00e3o Nova e a Sede da Mitra Diocesana. Assim, sempre houve um carinho e empenho por parte do Monsenhor Jonas em continuar sua miss\u00e3o evangelizadora na cidade.<\/span><\/p>\n<p>Dia 25 de janeiro de 1978, chegam os primeiros jovens na primeira casa da Can\u00e7\u00e3o Nova, na Rua Dom Bosco, 95. O primeiro compromisso\u00a0 como Comunidade foi no dia 02 de fevereiro do mesmo ano. Tamb\u00e9m \u00e9 inaugurada a livraria Can\u00e7\u00e3o Nova.<\/p>\n<h4>Casar\u00e3o da Can\u00e7\u00e3o Nova<\/h4>\n<p>A maior dificuldade da miss\u00e3o, na \u00e9poca, era n\u00e3o ter um lugar fixo para a realiza\u00e7\u00e3o das atividades. Por isso, em 1994, Cidinha Leite assumiu a miss\u00e3o e abriu a primeira Casa de Evangeliza\u00e7\u00e3o Santa M\u00e3e de Deus, na Rua Get\u00falio Vargas. Em 1997, o conhecido \u201cCasar\u00e3o da Can\u00e7\u00e3o Nova\u201d foi adquirido e se tornou a segunda Casa de Evangeliza\u00e7\u00e3o, pr\u00f3xima \u00e0 Catedral Nossa Senhora da Piedade. Em 2002, Silvia Novadsk assume a coordena\u00e7\u00e3o da miss\u00e3o e inaugura a terceira casa da Can\u00e7\u00e3o Nova, na Pra\u00e7a Gama Rodrigues.<\/p>\n<h4>Casa de Evangeliza\u00e7\u00e3o Santa M\u00e3e de Deus<\/h4>\n<p>Em 2007, a Funda\u00e7\u00e3o Jo\u00e3o Paulo II adquiriu um galp\u00e3o no centro da cidade. Foi reformado para ser a definitiva Casa de Evangeliza\u00e7\u00e3o Santa M\u00e3e de Deus. A casa hoje conta com uma estrutura que oferece ao povo de Deus: capela para ora\u00e7\u00e3o, loja Can\u00e7\u00e3o Nova, Clube da evangeliza\u00e7\u00e3o, bazar, salas para atendimento individual de ora\u00e7\u00e3o e confiss\u00e3o, salas para encontros, grupos de ora\u00e7\u00e3o e forma\u00e7\u00e3o, lanchonete e Rinc\u00e3o do Meu Senhor \u2013 onde s\u00e3o realizadas as Missas e eventos da frente de miss\u00e3o.<\/p>\n<p>Com esse espa\u00e7o definitivo, a miss\u00e3o de Lorena pode promover v\u00e1rias atividades, como adora\u00e7\u00e3o ao Sant\u00edssimo Sacramento, Missas, confiss\u00e3o, atendimento de ora\u00e7\u00e3o, eventos (Kair\u00f3s, encontros, aprofundamentos, noites oracionais, etc.), atendimento aos s\u00f3cios evangelizadores e arrecadadores, venda de materiais de evangeliza\u00e7\u00e3o, bazar, grupos de ora\u00e7\u00e3o, forma\u00e7\u00f5es, acompanhamento a candidatos do vocacional, feir\u00f5es da provid\u00eancia, al\u00e9m da comunh\u00e3o com as atividades paroquiais e diocesanas.<\/p>\n<h4>Muitos Avan\u00e7os<\/h4>\n<p>Desde sua inaugura\u00e7\u00e3o, a miss\u00e3o em Lorena avan\u00e7ou em tr\u00eas aspectos: estrutura f\u00edsica, para melhor acolher o povo de Deus; diversifica\u00e7\u00e3o de atividades, para todas as faixas et\u00e1rias; e efic\u00e1cia do Carisma Can\u00e7\u00e3o Nova nessas atividades. Um constante desafio para miss\u00e3o \u00e9 ser auto-sustent\u00e1vel. Por isso precisamos da ajuda do povo de Deus que sustenta essa Obra de Deus que \u00e9 a Can\u00e7\u00e3o Nova. Voc\u00ea pode contribuir tornando-se um S\u00f3cio Can\u00e7\u00e3o Nova ou por meio de doa\u00e7\u00f5es espont\u00e2neas, bazar, feir\u00f5es, ofert\u00f3rios, lanchonete e a\u00e7\u00f5es espec\u00edficas que promovemos.<\/p>\n<h4>A Miss\u00e3o Lorena Hoje<\/h4>\n<p>Hoje a miss\u00e3o de Lorena \u00e9 formada por 12 mission\u00e1rios da Comunidade de Vida\u00a0 e 26 mission\u00e1rios da Comunidade de Alian\u00e7a.<\/p>\n<p>&nbsp;<\/p>\n<!-- AddThis Advanced Settings generic via filter on the_content --><!-- AddThis Share Buttons generic via filter on the_content -->","protected":false},"excerpt":{"rendered":"<p>Nascente da Can\u00e7\u00e3o Nova A Hist\u00f3ria da Can\u00e7\u00e3o Nova em Lorena est\u00e1 totalmente entrela\u00e7ada com a hist\u00f3ria do nosso querido fundador. Lorena foi o ventre que gerou Monsenhor Jonas Abib para a Comunidade Can\u00e7\u00e3o Nova. Foi o local onde O&#8230;<!-- AddThis Advanced Settings generic via filter on get_the_excerpt --><!-- AddThis Share Buttons generic via filter on get_the_excerpt --><\/p>\n","protected":false},"author":4539,"featured_media":0,"parent":1322,"menu_order":0,"comment_status":"closed","ping_status":"closed","template":"","meta":{"_mi_skip_tracking":false,"_monsterinsights_sitenote_active":false,"_monsterinsights_sitenote_note":"","_monsterinsights_sitenote_category":0,"footnotes":""},"_links":{"self":[{"href":"https:\/\/blog.cancaonova.com\/lorena\/wp-json\/wp\/v2\/pages\/1324"}],"collection":[{"href":"https:\/\/blog.cancaonova.com\/lorena\/wp-json\/wp\/v2\/pages"}],"about":[{"href":"https:\/\/blog.cancaonova.com\/lorena\/wp-json\/wp\/v2\/types\/page"}],"author":[{"embeddable":true,"href":"https:\/\/blog.cancaonova.com\/lorena\/wp-json\/wp\/v2\/users\/4539"}],"replies":[{"embeddable":true,"href":"https:\/\/blog.cancaonova.com\/lorena\/wp-json\/wp\/v2\/comments?post=1324"}],"version-history":[{"count":11,"href":"https:\/\/blog.cancaonova.com\/lorena\/wp-json\/wp\/v2\/pages\/1324\/revisions"}],"predecessor-version":[{"id":1543,"href":"https:\/\/blog.cancaonova.com\/lorena\/wp-json\/wp\/v2\/pages\/1324\/revisions\/1543"}],"up":[{"embeddable":true,"href":"https:\/\/blog.cancaonova.com\/lorena\/wp-json\/wp\/v2\/pages\/1322"}],"wp:attachment":[{"href":"https:\/\/blog.cancaonova.com\/lorena\/wp-json\/wp\/v2\/media?parent=1324"}],"curies":[{"name":"wp","href":"https:\/\/api.w.org\/{rel}","templated":true}]}}