{"id":1326,"date":"2016-10-18T15:49:06","date_gmt":"2016-10-18T17:49:06","guid":{"rendered":"http:\/\/blog.cancaonova.com\/lorena\/?page_id=1326"},"modified":"2021-07-29T12:15:04","modified_gmt":"2021-07-29T15:15:04","slug":"vocacional","status":"publish","type":"page","link":"https:\/\/blog.cancaonova.com\/lorena\/quem-somos\/vocacional\/","title":{"rendered":"Vocacional"},"content":{"rendered":"<h4><img loading=\"lazy\" decoding=\"async\" class=\"aligncenter wp-image-1496 size-full\" src=\"http:\/\/blog.cancaonova.com\/lorena\/files\/2016\/10\/Vocacional-2021-e1627389342295.png\" alt=\"\" width=\"1280\" height=\"512\" srcset=\"https:\/\/blog.cancaonova.com\/lorena\/files\/2016\/10\/Vocacional-2021-e1627389342295.png 1280w, https:\/\/blog.cancaonova.com\/lorena\/files\/2016\/10\/Vocacional-2021-e1627389342295-300x120.png 300w, https:\/\/blog.cancaonova.com\/lorena\/files\/2016\/10\/Vocacional-2021-e1627389342295-768x307.png 768w\" sizes=\"(max-width: 1280px) 100vw, 1280px\" \/><\/h4>\n<p>Todos somos chamados por Deus a uma voca\u00e7\u00e3o: a santidade e a felicidade eterna! Mas, diante dessa voca\u00e7\u00e3o universal, existem aqueles que o Senhor escolhe para estar mais pr\u00f3ximos Dele. \u00c9 o pr\u00f3prio Senhor que chama e escolhe a cada um de n\u00f3s:<\/p>\n<blockquote>\n<p style=\"text-align: center\">&#8220;N\u00e3o fostes v\u00f3s que me escolhestes, mas eu que vos escolhi&#8221; (Jo 15,16)<\/p>\n<\/blockquote>\n<p>Correspondendo a este apelo, a pessoa chamada entrega-se por amor ao amor de Deus.<\/p>\n<p>Na Igreja existem muitas maneiras diferentes de corresponder ao chamado de Deus e uma delas \u00e9 o Carisma Can\u00e7\u00e3o Nova.<\/p>\n<h4>E SE VOC\u00ca FOR CAN\u00c7\u00c3O NOVA?<\/h4>\n<p>Para responder a essa pergunta \u00e9 preciso um caminho de Discernimento Vocacional. \u00c9 o processo de conhecimento para averiguar se a pessoa \u00e9 realmente chamada por Deus a esse Carisma.<\/p>\n<p>Se voc\u00ea deseja viver um caminho de Discernimento vocacional conosco, entre em contato conosco atrav\u00e9s do e-mail:\u00a0<a href=\"mailto:vocacional@comunidadecancaonova.com\">vocacional@comunidadecancaonova.com<\/a><\/p>\n<p>Se aqui for o seu lugar, n\u00e3o hesite em se aproximar para, juntos, fazermos esta linda descoberta!<\/p>\n<p style=\"text-align: left\">Esperamos por voc\u00ea! Deus o Aben\u00e7oe!<\/p>\n<blockquote>\n<p style=\"text-align: left\"><span style=\"text-align: center\">&#8220;\u00c9 feliz quem realiza sua voca\u00e7\u00e3o!&#8221; <\/span><\/p>\n<p style=\"text-align: left\"><span style=\"text-align: center\">Mons. Jonas Abib<\/span><\/p>\n<\/blockquote>\n<p>&nbsp;<\/p>\n<p>&nbsp;<\/p>\n<p>&nbsp;<\/p>\n<p>&nbsp;<\/p>\n<p><span style=\"color: #0082c0\">Ver tamb\u00e9m:<\/span><\/p>\n<ul>\n<li><a href=\"http:\/\/comunidade.cancaonova.com\/vocacional\/discernimento-vocacional\/\">Como realizar o discernimento vocacional com a Comunidade Can\u00e7\u00e3o Nova<\/a><\/li>\n<li><a href=\"https:\/\/comunidade.cancaonova.com\/vocacional\/procedimentos\/\">Procedimentos necess\u00e1rios<\/a><\/li>\n<li><a href=\"https:\/\/comunidade.cancaonova.com\/vocacional\/equipe-vocacional\/\">Entre em contato com a Equipe Vocacional<\/a><\/li>\n<\/ul>\n<!-- AddThis Advanced Settings generic via filter on the_content --><!-- AddThis Share Buttons generic via filter on the_content -->","protected":false},"excerpt":{"rendered":"<p>Todos somos chamados por Deus a uma voca\u00e7\u00e3o: a santidade e a felicidade eterna! Mas, diante dessa voca\u00e7\u00e3o universal, existem aqueles que o Senhor escolhe para estar mais pr\u00f3ximos Dele. \u00c9 o pr\u00f3prio Senhor que chama e escolhe a cada&#8230;<!-- AddThis Advanced Settings generic via filter on get_the_excerpt --><!-- AddThis Share Buttons generic via filter on get_the_excerpt --><\/p>\n","protected":false},"author":4539,"featured_media":0,"parent":1322,"menu_order":0,"comment_status":"closed","ping_status":"closed","template":"","meta":{"_mi_skip_tracking":false,"_monsterinsights_sitenote_active":false,"_monsterinsights_sitenote_note":"","_monsterinsights_sitenote_category":0,"footnotes":""},"_links":{"self":[{"href":"https:\/\/blog.cancaonova.com\/lorena\/wp-json\/wp\/v2\/pages\/1326"}],"collection":[{"href":"https:\/\/blog.cancaonova.com\/lorena\/wp-json\/wp\/v2\/pages"}],"about":[{"href":"https:\/\/blog.cancaonova.com\/lorena\/wp-json\/wp\/v2\/types\/page"}],"author":[{"embeddable":true,"href":"https:\/\/blog.cancaonova.com\/lorena\/wp-json\/wp\/v2\/users\/4539"}],"replies":[{"embeddable":true,"href":"https:\/\/blog.cancaonova.com\/lorena\/wp-json\/wp\/v2\/comments?post=1326"}],"version-history":[{"count":10,"href":"https:\/\/blog.cancaonova.com\/lorena\/wp-json\/wp\/v2\/pages\/1326\/revisions"}],"predecessor-version":[{"id":1505,"href":"https:\/\/blog.cancaonova.com\/lorena\/wp-json\/wp\/v2\/pages\/1326\/revisions\/1505"}],"up":[{"embeddable":true,"href":"https:\/\/blog.cancaonova.com\/lorena\/wp-json\/wp\/v2\/pages\/1322"}],"wp:attachment":[{"href":"https:\/\/blog.cancaonova.com\/lorena\/wp-json\/wp\/v2\/media?parent=1326"}],"curies":[{"name":"wp","href":"https:\/\/api.w.org\/{rel}","templated":true}]}}