{"id":1353,"date":"2016-12-29T18:30:09","date_gmt":"2016-12-29T20:30:09","guid":{"rendered":"http:\/\/blog.cancaonova.com\/lorena\/?page_id=1353"},"modified":"2021-07-27T18:14:41","modified_gmt":"2021-07-27T21:14:41","slug":"como-chegar","status":"publish","type":"page","link":"https:\/\/blog.cancaonova.com\/lorena\/como-chegar\/","title":{"rendered":"Onde Estamos"},"content":{"rendered":"<h4><strong>Comunidade Can\u00e7\u00e3o Nova &#8211; Lorena\/SP<\/strong><\/h4>\n<ul>\n<li><strong>Casa de Evangeliza\u00e7\u00e3o Santa M\u00e3e de Deus<\/strong><\/li>\n<\/ul>\n<p style=\"padding-left: 30px\">Rua Candel\u00e1ria Ferreira, 22 &#8211; Centro, Lorena &#8211; SP<\/p>\n<p style=\"padding-left: 30px\">CEP:12600-070<\/p>\n<p style=\"padding-left: 30px\">Telefone: (12) 3157-1910<\/p>\n<p style=\"padding-left: 30px\">Whatsapp: (12) 99622-0694<\/p>\n<ul>\n<li><strong>Loja Can\u00e7\u00e3o Nova\u00a0<\/strong><\/li>\n<\/ul>\n<p style=\"padding-left: 30px\">Rua Doutor Jos\u00e9 Machado Coelho de Castro,272 &#8211; Centro, Lorena &#8211; SP<\/p>\n<p style=\"padding-left: 30px\">CEP: 12600-050<\/p>\n<p style=\"padding-left: 30px\">Telefone: (12) 3157-1910<\/p>\n<p style=\"padding-left: 30px\">Whatsapp: (12) 99714-6699<\/p>\n<p style=\"padding-left: 30px\">Hor\u00e1rio de atendimento: Segunda a sexta das 9h00 \u00e0s 18h00<\/p>\n<p style=\"padding-left: 210px\">\u00a0 S\u00e1bado 9h00 \u00e0s 13h00<\/p>\n<p style=\"padding-left: 30px\">Site: <a href=\"http:\/\/loja.cancaonova.com\">loja.cancaonova.com<\/a><\/p>\n<p>Esperamos por voc\u00ea!<\/p>\n<!-- AddThis Advanced Settings generic via filter on the_content --><!-- AddThis Share Buttons generic via filter on the_content -->","protected":false},"excerpt":{"rendered":"<p>Comunidade Can\u00e7\u00e3o Nova &#8211; Lorena\/SP Casa de Evangeliza\u00e7\u00e3o Santa M\u00e3e de Deus Rua Candel\u00e1ria Ferreira, 22 &#8211; Centro, Lorena &#8211; SP CEP:12600-070 Telefone: (12) 3157-1910 Whatsapp: (12) 99622-0694 Loja Can\u00e7\u00e3o Nova\u00a0 Rua Doutor Jos\u00e9 Machado Coelho de Castro,272 &#8211; Centro,&#8230;<!-- AddThis Advanced Settings generic via filter on get_the_excerpt --><!-- AddThis Share Buttons generic via filter on get_the_excerpt --><\/p>\n","protected":false},"author":4539,"featured_media":0,"parent":0,"menu_order":0,"comment_status":"closed","ping_status":"closed","template":"","meta":{"_mi_skip_tracking":false,"_monsterinsights_sitenote_active":false,"_monsterinsights_sitenote_note":"","_monsterinsights_sitenote_category":0,"footnotes":""},"_links":{"self":[{"href":"https:\/\/blog.cancaonova.com\/lorena\/wp-json\/wp\/v2\/pages\/1353"}],"collection":[{"href":"https:\/\/blog.cancaonova.com\/lorena\/wp-json\/wp\/v2\/pages"}],"about":[{"href":"https:\/\/blog.cancaonova.com\/lorena\/wp-json\/wp\/v2\/types\/page"}],"author":[{"embeddable":true,"href":"https:\/\/blog.cancaonova.com\/lorena\/wp-json\/wp\/v2\/users\/4539"}],"replies":[{"embeddable":true,"href":"https:\/\/blog.cancaonova.com\/lorena\/wp-json\/wp\/v2\/comments?post=1353"}],"version-history":[{"count":7,"href":"https:\/\/blog.cancaonova.com\/lorena\/wp-json\/wp\/v2\/pages\/1353\/revisions"}],"predecessor-version":[{"id":1509,"href":"https:\/\/blog.cancaonova.com\/lorena\/wp-json\/wp\/v2\/pages\/1353\/revisions\/1509"}],"wp:attachment":[{"href":"https:\/\/blog.cancaonova.com\/lorena\/wp-json\/wp\/v2\/media?parent=1353"}],"curies":[{"name":"wp","href":"https:\/\/api.w.org\/{rel}","templated":true}]}}