{"id":1527,"date":"2021-07-29T12:00:16","date_gmt":"2021-07-29T15:00:16","guid":{"rendered":"http:\/\/blog.cancaonova.com\/lorena\/?page_id=1527"},"modified":"2022-08-31T11:43:54","modified_gmt":"2022-08-31T14:43:54","slug":"missionarios","status":"publish","type":"page","link":"https:\/\/blog.cancaonova.com\/lorena\/quem-somos\/missionarios\/","title":{"rendered":"Mission\u00e1rios"},"content":{"rendered":"<p>Confira quem s\u00e3o os mission\u00e1rios da Comunidade Can\u00e7\u00e3o Nova que comp\u00f5em a frente de miss\u00e3o de Lorena:<\/p>\n<h5><span style=\"color: #003366\"><strong>N\u00daCLEO<\/strong><\/span><\/h5>\n<p>Adriana de Jesus Santos<\/p>\n<p>Gl\u00e1ucio da Silva Santos<\/p>\n<p>L\u00edvia Stefany Santos Louren\u00e7o<\/p>\n<p>Luc\u00e9lia Aparecida da Silva Santos<\/p>\n<p>Maria Cristina de Souza<\/p>\n<p>Maria da Concei\u00e7\u00e3o Lima<\/p>\n<p>Maria Izabel Guatura<\/p>\n<p>Matheus Porfirio Cesario<\/p>\n<p>Pe. Sandro Magalh\u00e3es<\/p>\n<h5><span style=\"color: #003366\"><strong>SEGUNDO ELO<\/strong><\/span><\/h5>\n<p>Ana L\u00facia de Almeida da Rosa<\/p>\n<p>Ant\u00f4nio Celso Ferreira Ferraz<\/p>\n<p>Carlos Eduardo Gallego<\/p>\n<p>Carlos Gomes Machado Filho<\/p>\n<p>Carlos Henrique da Silva Santos<\/p>\n<p>Denise de Oliveira Souza Machado<\/p>\n<p>Emanuel Souza Machado<\/p>\n<p>Firmino Ferreira Sobrinho<\/p>\n<p>Jean Marcel Capuzzi<\/p>\n<p>Jo\u00e3o Bosco Moreira<\/p>\n<p>Jos\u00e9 Ant\u00f4nio da Rosa<\/p>\n<p>Julio C\u00e9sar Brebal Hespa\u00f1a<\/p>\n<p>Karina Pereira Cavalcanti<\/p>\n<p>Kelly Cristina de Souza Gallego<\/p>\n<p>Leandro Augusto Bert\u00e3o<\/p>\n<p>Marcela Borges Cardoso<\/p>\n<p>Maria Cec\u00edlia Alves Ribeiro<\/p>\n<p>Maria de\u00a0F\u00e1tima Gon\u00e7alves Marcondes<\/p>\n<p>Maria Elena Rangel<\/p>\n<p>Maria Olga da Costa Frota<\/p>\n<p>Maria Tereza da Silva Ferraz<\/p>\n<p>Nellia Geisa Vieira Sampaio<\/p>\n<p>Rafaela Aparecida Moreira Santiago<\/p>\n<p>Rita de C\u00e1ssia Teixeira Machado<\/p>\n<p>Sandra Mara de Castro Capuzzi<\/p>\n<p>Sebasti\u00e3o Prudente do Nascimento<\/p>\n<p>Vagner Rodrigues de Lima<\/p>\n<p>Vera L\u00facia Didur Bernardo<\/p>\n<!-- AddThis Advanced Settings generic via filter on the_content --><!-- AddThis Share Buttons generic via filter on the_content -->","protected":false},"excerpt":{"rendered":"<p>Confira quem s\u00e3o os mission\u00e1rios da Comunidade Can\u00e7\u00e3o Nova que comp\u00f5em a frente de miss\u00e3o de Lorena: N\u00daCLEO Adriana de Jesus Santos Gl\u00e1ucio da Silva Santos L\u00edvia Stefany Santos Louren\u00e7o Luc\u00e9lia Aparecida da Silva Santos Maria Cristina de Souza Maria&#8230;<!-- AddThis Advanced Settings generic via filter on get_the_excerpt --><!-- AddThis Share Buttons generic via filter on get_the_excerpt --><\/p>\n","protected":false},"author":3997,"featured_media":0,"parent":1322,"menu_order":0,"comment_status":"closed","ping_status":"closed","template":"","meta":{"_mi_skip_tracking":false,"_monsterinsights_sitenote_active":false,"_monsterinsights_sitenote_note":"","_monsterinsights_sitenote_category":0,"footnotes":""},"_links":{"self":[{"href":"https:\/\/blog.cancaonova.com\/lorena\/wp-json\/wp\/v2\/pages\/1527"}],"collection":[{"href":"https:\/\/blog.cancaonova.com\/lorena\/wp-json\/wp\/v2\/pages"}],"about":[{"href":"https:\/\/blog.cancaonova.com\/lorena\/wp-json\/wp\/v2\/types\/page"}],"author":[{"embeddable":true,"href":"https:\/\/blog.cancaonova.com\/lorena\/wp-json\/wp\/v2\/users\/3997"}],"replies":[{"embeddable":true,"href":"https:\/\/blog.cancaonova.com\/lorena\/wp-json\/wp\/v2\/comments?post=1527"}],"version-history":[{"count":9,"href":"https:\/\/blog.cancaonova.com\/lorena\/wp-json\/wp\/v2\/pages\/1527\/revisions"}],"predecessor-version":[{"id":1551,"href":"https:\/\/blog.cancaonova.com\/lorena\/wp-json\/wp\/v2\/pages\/1527\/revisions\/1551"}],"up":[{"embeddable":true,"href":"https:\/\/blog.cancaonova.com\/lorena\/wp-json\/wp\/v2\/pages\/1322"}],"wp:attachment":[{"href":"https:\/\/blog.cancaonova.com\/lorena\/wp-json\/wp\/v2\/media?parent=1527"}],"curies":[{"name":"wp","href":"https:\/\/api.w.org\/{rel}","templated":true}]}}