{"id":432,"date":"2011-04-13T10:46:38","date_gmt":"2011-04-13T13:46:38","guid":{"rendered":"http:\/\/blog.cancaonova.com\/lorena\/"},"modified":"2021-07-30T09:48:56","modified_gmt":"2021-07-30T12:48:56","slug":"faleconosco","status":"publish","type":"page","link":"https:\/\/blog.cancaonova.com\/lorena\/faleconosco\/","title":{"rendered":"Fale conosco"},"content":{"rendered":"<h2>Casa de Evangeliza\u00e7\u00e3o Santa M\u00e3e de Deus<\/h2>\n<p>Rua Candel\u00e1ria Ferreira, 22<\/p>\n<p>Centro \u2013 Lorena\/SP<\/p>\n<p>CEP: 12600-070<\/p>\n<p>Telefone: (12) 3157-1910 \/ Whatsapp: (12) 99622-0694<\/p>\n<p>Ou se preferir preencha o formul\u00e1rio abaixo que assim que poss\u00edvel retornaremos.<\/p>\n<div role=\"form\" class=\"wpcf7\" id=\"wpcf7-f1223-o1\" dir=\"ltr\">\n<div class=\"screen-reader-response\"><\/div>\n<form action=\"\/lorena\/wp-json\/wp\/v2\/pages\/432#wpcf7-f1223-o1\" method=\"post\" class=\"wpcf7-form\" novalidate=\"novalidate\">\n<div style=\"display: none;\">\n<input type=\"hidden\" name=\"_wpcf7\" value=\"1223\" \/>\n<input type=\"hidden\" name=\"_wpcf7_version\" value=\"4.7\" \/>\n<input type=\"hidden\" name=\"_wpcf7_locale\" value=\"\" \/>\n<input type=\"hidden\" name=\"_wpcf7_unit_tag\" value=\"wpcf7-f1223-o1\" \/>\n<input type=\"hidden\" name=\"_wpnonce\" value=\"70aaf537d2\" \/>\n<\/div>\n<p>Seu nome (obrigat\u00f3rio)<br \/>\n    <span class=\"wpcf7-form-control-wrap your-name\"><input type=\"text\" name=\"your-name\" value=\"\" size=\"40\" class=\"wpcf7-form-control wpcf7-text wpcf7-validates-as-required\" aria-required=\"true\" aria-invalid=\"false\" \/><\/span> <\/p>\n<p>Seu e-mail (obrigat\u00f3rio)<br \/>\n    <span class=\"wpcf7-form-control-wrap your-email\"><input type=\"email\" name=\"your-email\" value=\"\" size=\"40\" class=\"wpcf7-form-control wpcf7-text wpcf7-email wpcf7-validates-as-required wpcf7-validates-as-email\" aria-required=\"true\" aria-invalid=\"false\" \/><\/span> <\/p>\n<p>Assunto<br \/>\n    <span class=\"wpcf7-form-control-wrap your-subject\"><input type=\"text\" name=\"your-subject\" value=\"\" size=\"40\" class=\"wpcf7-form-control wpcf7-text\" aria-invalid=\"false\" \/><\/span> <\/p>\n<p>Sua mensagem<br \/>\n    <span class=\"wpcf7-form-control-wrap your-message\"><textarea name=\"your-message\" cols=\"40\" rows=\"10\" class=\"wpcf7-form-control wpcf7-textarea\" aria-invalid=\"false\"><\/textarea><\/span> <\/p>\n<p><input type=\"submit\" value=\"Enviar\" class=\"wpcf7-form-control wpcf7-submit\" \/><\/p>\n<div class=\"wpcf7-response-output wpcf7-display-none\"><\/div><\/form><\/div>\n<!-- AddThis Advanced Settings generic via filter on the_content --><!-- AddThis Share Buttons generic via filter on the_content -->","protected":false},"excerpt":{"rendered":"<p>Casa de Evangeliza\u00e7\u00e3o Santa M\u00e3e de Deus Rua Candel\u00e1ria Ferreira, 22 Centro \u2013 Lorena\/SP CEP: 12600-070 Telefone: (12) 3157-1910 \/ Whatsapp: (12) 99622-0694 Ou se preferir preencha o formul\u00e1rio abaixo que assim que poss\u00edvel retornaremos.<!-- AddThis Advanced Settings generic via filter on get_the_excerpt --><!-- AddThis Share Buttons generic via filter on get_the_excerpt --><\/p>\n","protected":false},"author":3997,"featured_media":0,"parent":0,"menu_order":0,"comment_status":"open","ping_status":"open","template":"","meta":{"_mi_skip_tracking":false,"_monsterinsights_sitenote_active":false,"_monsterinsights_sitenote_note":"","_monsterinsights_sitenote_category":0,"footnotes":""},"_links":{"self":[{"href":"https:\/\/blog.cancaonova.com\/lorena\/wp-json\/wp\/v2\/pages\/432"}],"collection":[{"href":"https:\/\/blog.cancaonova.com\/lorena\/wp-json\/wp\/v2\/pages"}],"about":[{"href":"https:\/\/blog.cancaonova.com\/lorena\/wp-json\/wp\/v2\/types\/page"}],"author":[{"embeddable":true,"href":"https:\/\/blog.cancaonova.com\/lorena\/wp-json\/wp\/v2\/users\/3997"}],"replies":[{"embeddable":true,"href":"https:\/\/blog.cancaonova.com\/lorena\/wp-json\/wp\/v2\/comments?post=432"}],"version-history":[{"count":7,"href":"https:\/\/blog.cancaonova.com\/lorena\/wp-json\/wp\/v2\/pages\/432\/revisions"}],"predecessor-version":[{"id":1537,"href":"https:\/\/blog.cancaonova.com\/lorena\/wp-json\/wp\/v2\/pages\/432\/revisions\/1537"}],"wp:attachment":[{"href":"https:\/\/blog.cancaonova.com\/lorena\/wp-json\/wp\/v2\/media?parent=432"}],"curies":[{"name":"wp","href":"https:\/\/api.w.org\/{rel}","templated":true}]}}