{"id":412,"date":"2011-02-23T14:21:54","date_gmt":"2011-02-23T14:21:54","guid":{"rendered":"http:\/\/blog.cancaonova.com\/metanoia\/"},"modified":"2020-11-17T20:59:46","modified_gmt":"2020-11-17T23:59:46","slug":"quem-sou","status":"publish","type":"page","link":"https:\/\/blog.cancaonova.com\/metanoia\/quem-sou\/","title":{"rendered":"QUEM SOU?"},"content":{"rendered":"<p>Sou mission\u00e1rio Membro da Comunidade Can\u00e7\u00e3o Nova, desde o ano de 2009, graduado em Jornalismo. Atuo como Coordenador de Estrat\u00e9gias do portal\u00a0<a href=\"https:\/\/formacao.cancaonova.com\/downloads\/deixe-se-batizar-profundamente-no-espirito-santo\/cancaonova.com\" target=\"_blank\" rel=\"nofollow noopener\">cancaonova.com<\/a>\u00a0e m\u00eddias sociais.<\/p>\n<p>Sou apaixonado por &#8220;novas tecnologias&#8221; e as uso em prol da miss\u00e3o. Creio em um mundo novo e espero contribui para isso com o que escrevo e pelo testemunho pessoal.<\/p>\n<p>Trago comigo esta frase do Monsenhor Jonas: <span style=\"color: #ff0000;\"><em><span style=\"text-decoration: underline;\">\u201cSomos feitos para cantar a gl\u00f3ria de Deus. Precisamos ensaiar desde agora. H\u00e1 muito pouco tempo de ensaio. Logo, logo, o Maestro vir\u00e1 e n\u00e3o tardar\u00e1!\u201d<\/span> <\/em><\/span><\/p>\n<p>Maranat\u00e1! Vem Senhor Jesus!<\/p>\n<p><strong>Adailton Batista na M\u00eddia:<\/strong><\/p>\n<p><a href=\"http:\/\/www.gazetadigital.com.br\/conteudo\/show\/secao\/9\/materia\/318700\/t\/palavras-dardos-certeiros-no-coracao\" target=\"_blank\" rel=\"noopener\">gazetadigital.com.br<\/a>\u00a0\/\u00a0<a href=\"http:\/\/www.correiovacariense.com.br\/opiniao_artigo.php?id=1352\" target=\"_blank\" rel=\"noopener\">correiovacariense.com.br<\/a>\u00a0\/<a href=\"http:\/\/www.maxpressnet.com.br\/Conteudo\/1,482381,Palavras_dardos_certeiros_no_coracao_-_Por_Adailton_Batista_,482381,7.htm\" target=\"_blank\" rel=\"noopener\">\u00a0maxpressnet.com.br<\/a>\u00a0\/<\/p>\n<h2>Certificados<\/h2>\n<p><a href=\"https:\/\/blog.cancaonova.com\/metanoia\/files\/2011\/02\/Certificado_modelo__212-1.pdf\" target=\"_blank\" rel=\"noopener\">Certificado de Participa\u00e7\u00e3o do I Semin\u00e1rio de L\u00edderes Cat\u00f3licos Brasil.<\/a><\/p>\n<p>&nbsp;<\/p>\n<p>&nbsp;<\/p>\n","protected":false},"excerpt":{"rendered":"<p>Sou mission\u00e1rio Membro da Comunidade Can\u00e7\u00e3o Nova, desde o ano de 2009, graduado em Jornalismo. Atuo como Coordenador de Estrat\u00e9gias do portal\u00a0cancaonova.com\u00a0e m\u00eddias sociais. Sou apaixonado por &#8220;novas tecnologias&#8221; e as uso em prol da miss\u00e3o. Creio em um mundo&#8230;<\/p>\n","protected":false},"author":4719,"featured_media":0,"parent":0,"menu_order":1,"comment_status":"open","ping_status":"open","template":"","meta":{"_mi_skip_tracking":false,"_monsterinsights_sitenote_active":false,"_monsterinsights_sitenote_note":"","_monsterinsights_sitenote_category":0,"footnotes":""},"_links":{"self":[{"href":"https:\/\/blog.cancaonova.com\/metanoia\/wp-json\/wp\/v2\/pages\/412"}],"collection":[{"href":"https:\/\/blog.cancaonova.com\/metanoia\/wp-json\/wp\/v2\/pages"}],"about":[{"href":"https:\/\/blog.cancaonova.com\/metanoia\/wp-json\/wp\/v2\/types\/page"}],"author":[{"embeddable":true,"href":"https:\/\/blog.cancaonova.com\/metanoia\/wp-json\/wp\/v2\/users\/4719"}],"replies":[{"embeddable":true,"href":"https:\/\/blog.cancaonova.com\/metanoia\/wp-json\/wp\/v2\/comments?post=412"}],"version-history":[{"count":13,"href":"https:\/\/blog.cancaonova.com\/metanoia\/wp-json\/wp\/v2\/pages\/412\/revisions"}],"predecessor-version":[{"id":7761,"href":"https:\/\/blog.cancaonova.com\/metanoia\/wp-json\/wp\/v2\/pages\/412\/revisions\/7761"}],"wp:attachment":[{"href":"https:\/\/blog.cancaonova.com\/metanoia\/wp-json\/wp\/v2\/media?parent=412"}],"curies":[{"name":"wp","href":"https:\/\/api.w.org\/{rel}","templated":true}]}}