{"id":5860,"date":"2015-05-15T12:31:31","date_gmt":"2015-05-15T15:31:31","guid":{"rendered":"http:\/\/blog.cancaonova.com\/metanoia\/?page_id=5860"},"modified":"2019-06-25T22:19:12","modified_gmt":"2019-06-26T01:19:12","slug":"ebook","status":"publish","type":"page","link":"https:\/\/blog.cancaonova.com\/metanoia\/ebook\/","title":{"rendered":"EBOOK"},"content":{"rendered":"<p style=\"text-align: left\"><a href=\"http:\/\/bit.ly\/ebookadailtonpdf\" target=\"_blank\" rel=\"noopener\">&nbsp;<\/a><a href=\"http:\/\/bit.ly\/ebookadailtonpdf\" target=\"_blank\" rel=\"noopener\"><img loading=\"lazy\" decoding=\"async\" class=\"alignnone wp-image-5861\" src=\"http:\/\/blog.cancaonova.com\/metanoia\/files\/2015\/05\/Caminha-na-vontade-de-Deus.jpg\" alt=\"Caminhar na vontade de Deus\" width=\"192\" height=\"256\" srcset=\"https:\/\/blog.cancaonova.com\/metanoia\/files\/2015\/05\/Caminha-na-vontade-de-Deus.jpg 720w, https:\/\/blog.cancaonova.com\/metanoia\/files\/2015\/05\/Caminha-na-vontade-de-Deus-225x300.jpg 225w, https:\/\/blog.cancaonova.com\/metanoia\/files\/2015\/05\/Caminha-na-vontade-de-Deus-150x200.jpg 150w\" sizes=\"(max-width: 192px) 100vw, 192px\" \/>&nbsp;<\/a><\/p>\n<p style=\"text-align: left\">Baixar em <a href=\"http:\/\/bit.ly\/ebookadailtonpdf\" target=\"_blank\" rel=\"noopener\">PDF&nbsp;<\/a>&nbsp;&nbsp;<em>474 downloads<\/em><\/p>\n<p style=\"text-align: left\">Baixar em &nbsp;<a href=\"http:\/\/bit.ly\/ebookadailtonepub\" target=\"_blank\" rel=\"noopener\">EPUB <\/a>&nbsp;<em>101 downloads&nbsp;<\/em><\/p>\n<p style=\"text-align: left\">&nbsp; &nbsp;<\/p>\n<p>&nbsp;<\/p>\n<p>&nbsp;<\/p>\n<p><strong><a href=\"https:\/\/goo.gl\/iYTi8h\" target=\"_blank\" rel=\"noopener\">Conhe\u00e7a os livros digitais da Can\u00e7\u00e3o Nova<\/a><\/strong><\/p>\n","protected":false},"excerpt":{"rendered":"<p>&nbsp;&nbsp; Baixar em PDF&nbsp;&nbsp;&nbsp;474 downloads Baixar em &nbsp;EPUB &nbsp;101 downloads&nbsp; &nbsp; &nbsp; &nbsp; &nbsp; Conhe\u00e7a os livros digitais da Can\u00e7\u00e3o Nova<\/p>\n","protected":false},"author":4719,"featured_media":0,"parent":0,"menu_order":12,"comment_status":"open","ping_status":"open","template":"","meta":{"_mi_skip_tracking":false,"_monsterinsights_sitenote_active":false,"_monsterinsights_sitenote_note":"","_monsterinsights_sitenote_category":0,"footnotes":""},"_links":{"self":[{"href":"https:\/\/blog.cancaonova.com\/metanoia\/wp-json\/wp\/v2\/pages\/5860"}],"collection":[{"href":"https:\/\/blog.cancaonova.com\/metanoia\/wp-json\/wp\/v2\/pages"}],"about":[{"href":"https:\/\/blog.cancaonova.com\/metanoia\/wp-json\/wp\/v2\/types\/page"}],"author":[{"embeddable":true,"href":"https:\/\/blog.cancaonova.com\/metanoia\/wp-json\/wp\/v2\/users\/4719"}],"replies":[{"embeddable":true,"href":"https:\/\/blog.cancaonova.com\/metanoia\/wp-json\/wp\/v2\/comments?post=5860"}],"version-history":[{"count":16,"href":"https:\/\/blog.cancaonova.com\/metanoia\/wp-json\/wp\/v2\/pages\/5860\/revisions"}],"predecessor-version":[{"id":7477,"href":"https:\/\/blog.cancaonova.com\/metanoia\/wp-json\/wp\/v2\/pages\/5860\/revisions\/7477"}],"wp:attachment":[{"href":"https:\/\/blog.cancaonova.com\/metanoia\/wp-json\/wp\/v2\/media?parent=5860"}],"curies":[{"name":"wp","href":"https:\/\/api.w.org\/{rel}","templated":true}]}}