{"id":2,"date":"2023-10-05T16:49:04","date_gmt":"2023-10-05T19:49:04","guid":{"rendered":"http:\/\/blog.cancaonova.com\/misericordia\/?page_id=2"},"modified":"2023-10-05T23:18:01","modified_gmt":"2023-10-06T02:18:01","slug":"quem-eu-sou","status":"publish","type":"page","link":"https:\/\/blog.cancaonova.com\/misericordia\/quem-eu-sou\/","title":{"rendered":"Quem eu Sou"},"content":{"rendered":"<p><img loading=\"lazy\" decoding=\"async\" class=\"size-medium wp-image-58 aligncenter\" src=\"http:\/\/blog.cancaonova.com\/misericordia\/files\/2023\/10\/Imagem-gravatar-233x300.jpeg\" alt=\"\" width=\"233\" height=\"300\" srcset=\"https:\/\/blog.cancaonova.com\/misericordia\/files\/2023\/10\/Imagem-gravatar-233x300.jpeg 233w, https:\/\/blog.cancaonova.com\/misericordia\/files\/2023\/10\/Imagem-gravatar-768x990.jpeg 768w, https:\/\/blog.cancaonova.com\/misericordia\/files\/2023\/10\/Imagem-gravatar.jpeg 794w\" sizes=\"(max-width: 233px) 100vw, 233px\" \/><\/p>\n<p><strong>Daniela Costa Miranda Camar\u00e3o<\/strong>, mineira, m\u00e3e da Helena e da Giovanna e esposa do tamb\u00e9m mission\u00e1rio Can\u00e7\u00e3o Nova, Augusto Camar\u00e3o. H\u00e1 15 anos deixou os pais, o trabalho como comerciante e as terras da Serra da Mantiqueira para servir a Deus na Can\u00e7\u00e3o Nova. \u00c9 formada em Comunica\u00e7\u00e3o Social &#8211; Publicidade e Propaganda. Na comunidade j\u00e1 atuou na Editora Can\u00e7\u00e3o Nova, no Marketing, e hoje atua na TV Can\u00e7\u00e3o Nova, e \u00e9 divulgadora da Divina Miseric\u00f3rdia.<\/p>\n","protected":false},"excerpt":{"rendered":"<p>Daniela Costa Miranda Camar\u00e3o, mineira, m\u00e3e da Helena e da Giovanna e esposa do tamb\u00e9m mission\u00e1rio Can\u00e7\u00e3o Nova, Augusto Camar\u00e3o. H\u00e1 15 anos deixou os pais, o trabalho como comerciante e as terras da Serra da Mantiqueira para servir a&#8230;<\/p>\n","protected":false},"author":4771,"featured_media":0,"parent":0,"menu_order":0,"comment_status":"closed","ping_status":"open","template":"","meta":{"footnotes":""},"_links":{"self":[{"href":"https:\/\/blog.cancaonova.com\/misericordia\/wp-json\/wp\/v2\/pages\/2"}],"collection":[{"href":"https:\/\/blog.cancaonova.com\/misericordia\/wp-json\/wp\/v2\/pages"}],"about":[{"href":"https:\/\/blog.cancaonova.com\/misericordia\/wp-json\/wp\/v2\/types\/page"}],"author":[{"embeddable":true,"href":"https:\/\/blog.cancaonova.com\/misericordia\/wp-json\/wp\/v2\/users\/4771"}],"replies":[{"embeddable":true,"href":"https:\/\/blog.cancaonova.com\/misericordia\/wp-json\/wp\/v2\/comments?post=2"}],"version-history":[{"count":5,"href":"https:\/\/blog.cancaonova.com\/misericordia\/wp-json\/wp\/v2\/pages\/2\/revisions"}],"predecessor-version":[{"id":61,"href":"https:\/\/blog.cancaonova.com\/misericordia\/wp-json\/wp\/v2\/pages\/2\/revisions\/61"}],"wp:attachment":[{"href":"https:\/\/blog.cancaonova.com\/misericordia\/wp-json\/wp\/v2\/media?parent=2"}],"curies":[{"name":"wp","href":"https:\/\/api.w.org\/{rel}","templated":true}]}}