{"id":22,"date":"2023-10-05T20:48:28","date_gmt":"2023-10-05T23:48:28","guid":{"rendered":"http:\/\/blog.cancaonova.com\/misericordia\/?page_id=22"},"modified":"2023-10-05T21:14:55","modified_gmt":"2023-10-06T00:14:55","slug":"trechos-do-diario","status":"publish","type":"page","link":"https:\/\/blog.cancaonova.com\/misericordia\/trechos-do-diario\/","title":{"rendered":"Trechos do Di\u00e1rio"},"content":{"rendered":"<p><img loading=\"lazy\" decoding=\"async\" class=\"aligncenter size-medium wp-image-37\" src=\"http:\/\/blog.cancaonova.com\/misericordia\/files\/2023\/10\/Trecho-01-300x225.jpeg\" alt=\"\" width=\"300\" height=\"225\" srcset=\"https:\/\/blog.cancaonova.com\/misericordia\/files\/2023\/10\/Trecho-01-300x225.jpeg 300w, https:\/\/blog.cancaonova.com\/misericordia\/files\/2023\/10\/Trecho-01-768x576.jpeg 768w, https:\/\/blog.cancaonova.com\/misericordia\/files\/2023\/10\/Trecho-01.jpeg 1024w\" sizes=\"(max-width: 300px) 100vw, 300px\" \/><\/p>\n<p><strong>D. 255\u200b\u200b\u2022\u00a0<\/strong>Serei como uma pequena violeta escondida na grama, que n\u00e3o fere o p\u00e9 humano que a pisa, mas exala perfume, esquecendo-se completamente de si, e procura agradar a pessoa pela qual \u00e9 pisada. Embora para a natureza humana isso seja muito dif\u00edcil, a gra\u00e7a de Deus vem em aux\u00edlio.<\/p>\n<hr \/>\n<hr \/>\n<p><img loading=\"lazy\" decoding=\"async\" class=\"aligncenter size-medium wp-image-40\" src=\"http:\/\/blog.cancaonova.com\/misericordia\/files\/2023\/10\/Familia-225x300.jpeg\" alt=\"\" width=\"225\" height=\"300\" srcset=\"https:\/\/blog.cancaonova.com\/misericordia\/files\/2023\/10\/Familia-225x300.jpeg 225w, https:\/\/blog.cancaonova.com\/misericordia\/files\/2023\/10\/Familia.jpeg 768w, https:\/\/blog.cancaonova.com\/misericordia\/files\/2023\/10\/Familia-150x200.jpeg 150w\" sizes=\"(max-width: 225px) 100vw, 225px\" \/><\/p>\n<p><strong>D.635-<\/strong> \u201cEnt\u00e3o, vi Nossa Senhora, que me disse: Oh! Como \u00e9 agrad\u00e1vel a Deus a alma que segue fielmente a inspira\u00e7\u00e3o da Sua gra\u00e7a! Eu dei o Salvador ao mundo e, quanto a ti, deves falar ao mundo da Sua grande miseric\u00f3rdia, preparando-o para a Sua Segunda vinda, quando vir\u00e1 n\u00e3o como Salvador misericordioso, mas como Justo Juiz. Oh! Qu\u00e3o terr\u00edvel ser\u00e1 esse dia! Est\u00e1 decidido o dia da justi\u00e7a, o dia da ira de Deus; os pr\u00f3prios Anjos tremem diante dele. Fala \u00e0s almas dessa grande miseric\u00f3rdia, enquanto \u00e9 tempo de compaix\u00e3o. Se tu te calares agora, ter\u00e1s de responder naquele dia terr\u00edvel por um grande n\u00famero de almas. Nada receies, s\u00ea fiel at\u00e9 o fim, Eu me compade\u00e7o de ti\u201d (Di\u00e1rio de Santa Faustina n\u00ba 635).<\/p>\n<hr \/>\n<hr \/>\n<p>&nbsp;<\/p>\n","protected":false},"excerpt":{"rendered":"<p>D. 255\u200b\u200b\u2022\u00a0Serei como uma pequena violeta escondida na grama, que n\u00e3o fere o p\u00e9 humano que a pisa, mas exala perfume, esquecendo-se completamente de si, e procura agradar a pessoa pela qual \u00e9 pisada. Embora para a natureza humana isso&#8230;<\/p>\n","protected":false},"author":4539,"featured_media":28,"parent":0,"menu_order":0,"comment_status":"closed","ping_status":"closed","template":"","meta":{"footnotes":""},"_links":{"self":[{"href":"https:\/\/blog.cancaonova.com\/misericordia\/wp-json\/wp\/v2\/pages\/22"}],"collection":[{"href":"https:\/\/blog.cancaonova.com\/misericordia\/wp-json\/wp\/v2\/pages"}],"about":[{"href":"https:\/\/blog.cancaonova.com\/misericordia\/wp-json\/wp\/v2\/types\/page"}],"author":[{"embeddable":true,"href":"https:\/\/blog.cancaonova.com\/misericordia\/wp-json\/wp\/v2\/users\/4539"}],"replies":[{"embeddable":true,"href":"https:\/\/blog.cancaonova.com\/misericordia\/wp-json\/wp\/v2\/comments?post=22"}],"version-history":[{"count":4,"href":"https:\/\/blog.cancaonova.com\/misericordia\/wp-json\/wp\/v2\/pages\/22\/revisions"}],"predecessor-version":[{"id":42,"href":"https:\/\/blog.cancaonova.com\/misericordia\/wp-json\/wp\/v2\/pages\/22\/revisions\/42"}],"wp:featuredmedia":[{"embeddable":true,"href":"https:\/\/blog.cancaonova.com\/misericordia\/wp-json\/wp\/v2\/media\/28"}],"wp:attachment":[{"href":"https:\/\/blog.cancaonova.com\/misericordia\/wp-json\/wp\/v2\/media?parent=22"}],"curies":[{"name":"wp","href":"https:\/\/api.w.org\/{rel}","templated":true}]}}