{"id":7,"date":"2023-10-05T19:42:15","date_gmt":"2023-10-05T22:42:15","guid":{"rendered":"http:\/\/blog.cancaonova.com\/misericordia\/tamanhos-de-imagem\/"},"modified":"2023-10-16T18:27:35","modified_gmt":"2023-10-16T21:27:35","slug":"biografia-de-santa-faustina","status":"publish","type":"page","link":"https:\/\/blog.cancaonova.com\/misericordia\/biografia-de-santa-faustina\/","title":{"rendered":"Biografia de Santa Faustina"},"content":{"rendered":"<p><img loading=\"lazy\" decoding=\"async\" class=\"wp-image-102 alignleft\" src=\"http:\/\/blog.cancaonova.com\/misericordia\/files\/2023\/10\/Helena-Kowaska-300x275.jpg\" alt=\"\" width=\"393\" height=\"360\" srcset=\"https:\/\/blog.cancaonova.com\/misericordia\/files\/2023\/10\/Helena-Kowaska-300x275.jpg 300w, https:\/\/blog.cancaonova.com\/misericordia\/files\/2023\/10\/Helena-Kowaska.jpg 425w\" sizes=\"(max-width: 393px) 100vw, 393px\" \/><\/p>\n<p>&nbsp;<\/p>\n<p>Helena Kowalska nasceu em 25 de Agosto de 1905 em Glogowice, na Pol\u00f4nia. Sua fam\u00edlia era pobre, mas profundamente religiosa. Helena era dotada de grande intelig\u00eancia, mem\u00f3ria privilegiada e muito estudiosa. Mas, s\u00f3 p\u00f4de freq\u00fcentar a escola durante tr\u00eas anos, pois necessitava ajudar a fam\u00edlia. Foi preparada para receber a primeira comunh\u00e3o com nove anos de idade. Orava muito e recebia a Eucaristia todas as semanas na missa dominical.<\/p>\n<p>Aos 15 anos parte para a cidade vizinha em busca de trabalho para ajudar a fam\u00edlia. Fica um ano e regressa com o prop\u00f3sito firme de dizer \u00e0 sua m\u00e3e que deseja abra\u00e7ar a vida religiosa. Sua m\u00e3e se op\u00f5e dizendo n\u00e3o possuir dinheiro para o dote exigido. A amargura invade seu cora\u00e7\u00e3o. Aos 18 anos tenta novamente convencer os pais, mas em v\u00e3o. Parte, ent\u00e3o, para a cidade industrial de L\u00f3dz, em busca de trabalho. L\u00e1 cumpre seus deveres de crist\u00e3 levando uma vida comum de vaidades como suas companheiras, por\u00e9m n\u00e3o encontrado satisfa\u00e7\u00e3o em nada, mas sempre recebendo o chamado interior do Senhor.<\/p>\n<p>Sofria muito com isso, como relata em seus escritos: Numa ocasi\u00e3o eu estava com minhas irm\u00e3s num baile. Quando todos se divertiam, minha alma sentia tormentos interiores. No momento que comecei a dan\u00e7ar, de repente dislumbrei Jesus ao meu lado, Jesus sofredor, despido de suas vestes, todo coberto de chagas, que me disse estas palavras:\u00a0<b>\u2018At\u00e9 quando te suportarei e at\u00e9 quando tu me enganar\u00e1s?\u2019<\/b><\/p>\n<p>Tentando disfar\u00e7ar o ocorrido, deixei dissimuladamente minhas irm\u00e3s e companheiras e fui \u00e0 Catedral de S\u00e3o Estanislau Kostka. Deixei-me cair diante do Sant\u00edssimo Sacramento e pedi ao Senhor que me desse a conhecer o que devia fazer. Ent\u00e3o ouvi estas palavras:\u00a0<b>\u2018Vai imediatamente \u00e0 Vars\u00f3via e l\u00e1 entrar\u00e1s no convento.<\/b>\u00a0Imediatamente contei as minhas irm\u00e3s que deveria partir para Vars\u00f3via, fiz minha mala e disse a elas que se despedissem por mim de meus pais. Desci do trem sem saber a quem me dirigir e disse \u00e0 Nossa Senhora:\u00a0<b>\u2018Maria, dirigi-me, guia-me\u2019<\/b>. Imediatamente ouvi em minha alma que sa\u00edsse da cidade e fosse a certa aldeia, onde poderia passar a noite em seguran\u00e7a. Foi o que fiz. No dia seguinte bem cedo, vim \u00e0 cidade e entrei na primeira igreja que encontrei e comecei a rezar. As missas se sucediam e em uma delas ouvi estas palavras:\u00a0<b>\u2018Vai falar com esse padre e ele te dir\u00e1 o que deves fazer em<\/b><b> seguida\u2019<\/b><\/p>\n<p>&nbsp;<\/p>\n<p>Fui \u00e0 sacristia e contei o ocorrido e pedi conselho para saber qual convento ingressar. Por enquanto, disse o padre: vou enviar-te a uma senhora piedosa com a qual ficar\u00e1s at\u00e9 ingressar no convento, a qual me recebeu muito bem. Depois de muito procurar e ser recusada, bati \u00e0 porta do convento onde a madre superiora me recebeu e depois de uma breve conversa\u00e7\u00e3o, disse-me que eu falasse com o Senhor da casa e perguntasse se ele me aceitaria. Fui at\u00e9 a capela e perguntei a Jesus: Senhor, V\u00f3s me aceitais? e logo ouvi esta voz:<b>\u00a0Eu te aceito, tu est\u00e1s em meu Cora\u00e7\u00e3o.<\/b>\u00a0Voltei e madre me aguardava. Ent\u00e3o perguntou se o Senhor me aceitava. Respondi que sim ela me disse: Se o Senhor aceita, ent\u00e3o eu tamb\u00e9m aceito.<\/p>\n<p><img loading=\"lazy\" decoding=\"async\" class=\"aligncenter wp-image-104\" src=\"http:\/\/blog.cancaonova.com\/misericordia\/files\/2023\/10\/Jezu-Ufam-tobie-300x148.jpg\" alt=\"\" width=\"628\" height=\"310\" srcset=\"https:\/\/blog.cancaonova.com\/misericordia\/files\/2023\/10\/Jezu-Ufam-tobie-300x148.jpg 300w, https:\/\/blog.cancaonova.com\/misericordia\/files\/2023\/10\/Jezu-Ufam-tobie-768x379.jpg 768w, https:\/\/blog.cancaonova.com\/misericordia\/files\/2023\/10\/Jezu-Ufam-tobie-150x75.jpg 150w, https:\/\/blog.cancaonova.com\/misericordia\/files\/2023\/10\/Jezu-Ufam-tobie.jpg 1024w\" sizes=\"(max-width: 628px) 100vw, 628px\" \/><\/p>\n<p>No convento pertencia \u00e0 Congrega\u00e7\u00e3o da M\u00e3e de Deus da Divina Miseric\u00f3rdia. Mas Helena n\u00e3o pode entrar imediatamente, pois n\u00e3o tinha o dote. Teve que trabalhar durante um ano e juntar o dinheiro. Em 1\u00ba de Agosto de 1925, Helena atravessou, cheia de alegria, o umbral do convento. Ap\u00f3s tr\u00eas semanas, Helena j\u00e1 n\u00e3o se achava t\u00e3o contente, pois percebeu que havia pouco tempo para as ora\u00e7\u00f5es. Come\u00e7ou a achar que devia ingressar em uma congrega\u00e7\u00e3o mais religiosa.<\/p>\n<p>Nos dias que se seguiram, este pensamento a atormentava e estava decidida a falar com a madre superiora, mas n\u00e3o conseguia. Certa noite entrou para a sua cela e as luzes estavam apagadas. Deitou-se no ch\u00e3o e rezou muito. Depois de um momento, sua cela clareou-se e viu o rosto de Nosso Senhor, muito triste. Chagas vivas em toda a face e grandes l\u00e1grimas caiam na colcha da cama. Ent\u00e3o perguntou a Jesus: Jesus, quem vos infligiu tanta dor? E Jesus respondeu:<b>\u2018Tu me infligir\u00e1s tamanha dor se sa\u00edres desta ordem! Chamei-te para c\u00e1 e n\u00e3o a outro lugar e preparei muitas gra\u00e7as para ti.\u2019<\/b><\/p>\n<p><img loading=\"lazy\" decoding=\"async\" class=\"aligncenter wp-image-107\" src=\"http:\/\/blog.cancaonova.com\/misericordia\/files\/2023\/10\/Santa-Faustina-1-282x300.png\" alt=\"\" width=\"357\" height=\"380\" srcset=\"https:\/\/blog.cancaonova.com\/misericordia\/files\/2023\/10\/Santa-Faustina-1-282x300.png 282w, https:\/\/blog.cancaonova.com\/misericordia\/files\/2023\/10\/Santa-Faustina-1.png 697w\" sizes=\"(max-width: 357px) 100vw, 357px\" \/><\/p>\n<p>Helena disse ter pedido perd\u00e3o a Ele e mudado a sua decis\u00e3o. No dia seguinte confessou-se e passou a sentir-se feliz e satisfeita.<\/p>\n<p>Depois de dois anos, em 30 de Abril de 1928, Ir. Maria Faustina faz os votos tempor\u00e1rios. \u00c9 enviada para Vars\u00f3via e trabalha na cozinha das irm\u00e3s e das alunas. No ano de 1931 \u00e9 enviada ao convento da cidade de Plock e permanece at\u00e9 1932.<br \/>\nEm 1933 regressa \u00e0 casa de Crac\u00f3via e em 1\u00ba de maio faz a profiss\u00e3o perp\u00e9tua. Poucos dias depois Ir. Faustina \u00e9 enviada \u00e0 cidade de Vilna e l\u00e1 permanece tr\u00eas anos. Esse per\u00edodo \u00e9 bastante importante em sua vida espiritual que encontra seu mentor espiritual o Padre Miguel Sopocko, confessor do convento, que ajuda no desenvolvimento do culto da \u2018Divina Miseric\u00f3rdia\u2019, juntamente com a superiora do convento.<\/p>\n<p>O artista \u2013 pintor Edmundo Kazimierowski \u2013 pinta a imagem \u2018Jesus, eu confio em v\u00f3s\u2019, de acordo com as indica\u00e7\u00f5es de Ir. Faustina. Em 11 de maio de 1936 ela regressa \u00e0 Crac\u00f3via. Sua sa\u00fade j\u00e1 enfraquecida desde 1932, decai at\u00e9 o ponto de n\u00e3o mais poder executar as tarefas. A superiora a envia a uma casa de sa\u00fade perto de Crac\u00f3via. Seu comportamento durante a doen\u00e7a \u00e9 um hino permanente \u00e0 Divina Miseric\u00f3rdia, bem como um exemplo de paci\u00eancia diante da dor, de humildade de completa entrega \u00e0 vontade divina. Em de Outubro de 1938, Ir. Faustina abandona esta terra, com a vista cravada no crucifixo, tranq\u00fcila, sem queixas.<\/p>\n<p>Fonte:\u00a0<strong><em>Di\u00e1rio \u2013 A Miseric\u00f3rdia Divina na minha alma<\/em><\/strong><\/p>\n","protected":false},"excerpt":{"rendered":"<p>&nbsp; Helena Kowalska nasceu em 25 de Agosto de 1905 em Glogowice, na Pol\u00f4nia. Sua fam\u00edlia era pobre, mas profundamente religiosa. Helena era dotada de grande intelig\u00eancia, mem\u00f3ria privilegiada e muito estudiosa. Mas, s\u00f3 p\u00f4de freq\u00fcentar a escola durante tr\u00eas&#8230;<\/p>\n","protected":false},"author":4539,"featured_media":0,"parent":0,"menu_order":0,"comment_status":"closed","ping_status":"closed","template":"","meta":{"footnotes":""},"_links":{"self":[{"href":"https:\/\/blog.cancaonova.com\/misericordia\/wp-json\/wp\/v2\/pages\/7"}],"collection":[{"href":"https:\/\/blog.cancaonova.com\/misericordia\/wp-json\/wp\/v2\/pages"}],"about":[{"href":"https:\/\/blog.cancaonova.com\/misericordia\/wp-json\/wp\/v2\/types\/page"}],"author":[{"embeddable":true,"href":"https:\/\/blog.cancaonova.com\/misericordia\/wp-json\/wp\/v2\/users\/4539"}],"replies":[{"embeddable":true,"href":"https:\/\/blog.cancaonova.com\/misericordia\/wp-json\/wp\/v2\/comments?post=7"}],"version-history":[{"count":5,"href":"https:\/\/blog.cancaonova.com\/misericordia\/wp-json\/wp\/v2\/pages\/7\/revisions"}],"predecessor-version":[{"id":109,"href":"https:\/\/blog.cancaonova.com\/misericordia\/wp-json\/wp\/v2\/pages\/7\/revisions\/109"}],"wp:attachment":[{"href":"https:\/\/blog.cancaonova.com\/misericordia\/wp-json\/wp\/v2\/media?parent=7"}],"curies":[{"name":"wp","href":"https:\/\/api.w.org\/{rel}","templated":true}]}}