{"id":93,"date":"2023-10-16T17:20:35","date_gmt":"2023-10-16T20:20:35","guid":{"rendered":"http:\/\/blog.cancaonova.com\/misericordia\/?page_id=93"},"modified":"2023-10-16T18:28:24","modified_gmt":"2023-10-16T21:28:24","slug":"rezar-o-terco-da-misericordia","status":"publish","type":"page","link":"https:\/\/blog.cancaonova.com\/misericordia\/rezar-o-terco-da-misericordia\/","title":{"rendered":"Rezar o Ter\u00e7o da  Miseric\u00f3rdia"},"content":{"rendered":"<h1 class=\"entry-title main_title\" style=\"text-align: center;\">Como rezar o ter\u00e7o da Divina Miseric\u00f3rdia<\/h1>\n<p><img loading=\"lazy\" decoding=\"async\" class=\"aligncenter wp-image-95\" src=\"http:\/\/blog.cancaonova.com\/misericordia\/files\/2023\/10\/Terco-da-Misericordia-como-rezar-300x300.png\" alt=\"\" width=\"549\" height=\"549\" srcset=\"https:\/\/blog.cancaonova.com\/misericordia\/files\/2023\/10\/Terco-da-Misericordia-como-rezar-300x300.png 300w, https:\/\/blog.cancaonova.com\/misericordia\/files\/2023\/10\/Terco-da-Misericordia-como-rezar-150x150.png 150w, https:\/\/blog.cancaonova.com\/misericordia\/files\/2023\/10\/Terco-da-Misericordia-como-rezar-768x768.png 768w, https:\/\/blog.cancaonova.com\/misericordia\/files\/2023\/10\/Terco-da-Misericordia-como-rezar-144x144.png 144w, https:\/\/blog.cancaonova.com\/misericordia\/files\/2023\/10\/Terco-da-Misericordia-como-rezar.png 1000w\" sizes=\"(max-width: 549px) 100vw, 549px\" \/><\/p>\n<div class=\"entry-content\">\n<div class=\"entry-content\">\n<h4><strong>Entre as diversas formas de culto \u00e0 divina miseric\u00f3rdia, a Festa e o Ter\u00e7o da Divina Miseric\u00f3rdia ocupam uma posi\u00e7\u00e3o de destaque.<\/strong><\/h4>\n<p>Em 14 revela\u00e7\u00f5es especiais Jesus oferece \u00e0\u00a0<a href=\"https:\/\/misericordia.org.br\/formacoes\/santa-maria-faustina-kowalska\/\" target=\"_blank\" rel=\"noopener noreferrer\">Santa Faustina<\/a>\u00a0esta nova forma de piedade, que hoje se encontra disseminada por todo o mundo. Assim como na vida da Igreja a Liturgia e a piedade intimamente se associam, na espiritualidade da divina miseric\u00f3rdia proposta por Santa Faustina se d\u00e1 igualmente o encontro destas duas dimens\u00f5es, particularmente atrav\u00e9s da Festa e do Ter\u00e7o.<\/p>\n<h4><strong>Voc\u00ea pode usar\u00a0o ter\u00e7o comum<\/strong><\/h4>\n<p><strong>Pai-Nosso<\/strong><br \/>\nPai Nosso, que estais no C\u00e9u, santificado seja o Vosso Nome; venha a n\u00f3s o Vosso Reino; seja feita a Vossa Vontade, assim na terra como no C\u00e9u; o\u00a0p\u00e3o nosso de cada dia nos dai hoje; perdoai-nos as nossas ofensas assim como n\u00f3s perdoamos a quem nos tem ofendido, e\u00a0n\u00e3o nos deixeis cair em tenta\u00e7\u00e3o, mas livrai-nos do mal.\u00a0Am\u00e9m.<\/p>\n<p><strong>Ave-Maria<em><br \/>\n<\/em><\/strong>Ave, Maria, cheia de gra\u00e7a, o\u00a0Senhor \u00e9 convosco; bendita sois v\u00f3s entre as mulheres e bendito \u00e9 o fruto do vosso ventre, Jesus.\u00a0Santa Maria, M\u00e3e de Deus, rogai por n\u00f3s os pecadores, agora e na hora de nossa morte. Am\u00e9m.<\/p>\n<p><strong>Creio<\/strong><br \/>\nCreio em Deus-Pai Todo Poderoso,\u00a0criador do c\u00e9u e da terra;\u00a0e em Jesus Cristo, seu \u00fanico Filho, Nosso Senhor,\u00a0que foi concebido pelo poder do Esp\u00edrito Santo;\u00a0nasceu da Virgem Maria;\u00a0Padeceu sob P\u00f4ncio Pilatos, foi crucificado, morto e sepultado;\u00a0desceu \u00e0 mans\u00e3o dos mortos,\u00a0ressuscitou ao terceiro dia, subiu aos c\u00e9us;\u00a0est\u00e1 sentado \u00e0 direita de Deus Pai Todo Poderoso,\u00a0de onde h\u00e1 de vir a julgar os vivos e os mortos; creio no Esp\u00edrito Santo,<br \/>\nna Santa Igreja Cat\u00f3lica,\u00a0na comunh\u00e3o dos santos, na remiss\u00e3o dos pecados,\u00a0na ressurrei\u00e7\u00e3o da carne,\u00a0na vida eterna.\u00a0Am\u00e9m.<\/p>\n<p><strong>Nas contas grandes<\/strong><br \/>\n<em>Eterno Pai, eu Vos ofere\u00e7o o Corpo e o Sangue, a Alma e a Divindade\u00a0do Vosso dilet\u00edssimo\u00a0Filho, Nosso Senhor Jesus Cristo,\u00a0em expia\u00e7\u00e3o dos nossos pecados e dos do mundo inteiro.<\/em><em><br \/>\n<\/em><br \/>\n<strong>Nas contas pequenas<\/strong><br \/>\n<em>Pela Sua dolorosa Paix\u00e3o, tende miseric\u00f3rdia de n\u00f3s e do mundo inteiro.<\/em><em><br \/>\n<\/em><br \/>\n<strong>No fim do Ter\u00e7o diz-se tr\u00eas vezes<\/strong><br \/>\n<em>Deus Santo, Deus Forte, Deus Imortal, tende piedade de n\u00f3s e do mundo inteiro.<\/em><\/p>\n<p>Os fi\u00e9is podem esperar o cumprimento das promessas de Cristo a Santa Faustina e a todos que rezam com justa inten\u00e7\u00e3o, aten\u00e7\u00e3o e devo\u00e7\u00e3o o Ter\u00e7o da Miseric\u00f3rdia:<\/p>\n<p><strong>1) Jesus promete acompanhar aquele que reza este Ter\u00e7o com Sua benevol\u00eancia durante toda a sua vida<\/strong>: \u201cAs almas que rezarem este Ter\u00e7o ser\u00e3o envolvidas pela Minha miseric\u00f3rdia, durante a sua vida \u2026 (D 754); Oh! que grandes gra\u00e7as concederei \u00e0s almas que recitarem este Ter\u00e7o. As entranhas da Minha miseric\u00f3rdia comovem-se por aqueles que recitam este Ter\u00e7o (D 848); Minha filha, exorta as almas a rezarem esse Ter\u00e7o que te dei. Pela recita\u00e7\u00e3o deste Ter\u00e7o agrada-Me dar tudo o que Me pe\u00e7am (D 1541) \u2013 se estiver conforme \u00e0 sua vontade (D 1731);<\/p>\n<p><strong>2)<\/strong><strong>Jesus promete particular assist\u00eancia na hora da morte<\/strong>: Todo aquele que o recitar alcan\u00e7ar\u00e1 grande miseric\u00f3rdia na hora da sua morte (D 687; cf. 754; 1541);<\/p>\n<p><strong>3)<\/strong><strong>Jesus promete olhar para toda a humanidade com compaix\u00e3o<\/strong>: Minha filha, agrada-Me a linguagem do teu cora\u00e7\u00e3o; pela recita\u00e7\u00e3o desse Ter\u00e7o aproximas a Humanidade de Mim (D 929);<\/p>\n<p><strong>4)<\/strong><strong>Jesus promete a gra\u00e7a da paz e da convers\u00e3o aos pecadores<\/strong>: Os sacerdotes o recomendar\u00e3o aos pecadores como a \u00faltima t\u00e1bua de salva\u00e7\u00e3o. Ainda que o pecador seja o mais endurecido, se recitar este Ter\u00e7o uma s\u00f3 vez, alcan\u00e7ar\u00e1 a gra\u00e7a da Minha infinita miseric\u00f3rdia. (D 687); Quando os pecadores empedernidos o recitarem, encherei de paz as suas almas \u2026(D 1541);<\/p>\n<p><strong>5)<\/strong><strong>Jesus promete particular socorro ao agonizante pelo qual rezamos<\/strong>: Defendo toda alma que recitar esse Ter\u00e7o na hora da morte, como se fosse a Minha pr\u00f3pria gl\u00f3ria, ou quando outros o recitarem junto a um agonizante, eles conseguir\u00e3o a mesma indulg\u00eancia. Quando recitam esse ter\u00e7o junto a um agonizante, aplaca-se a ira de Deus, a miseric\u00f3rdia insond\u00e1vel envolve a alma e abrem-se as entranhas da Minha miseric\u00f3rdia, movidas pela dolorosa Paix\u00e3o do Meu Filho (D 811; cf. 810; 834; 1035; 1036; 1541; 1565; 1797).<\/p>\n<p><strong>Fonte: <\/strong><a href=\"https:\/\/misericordia.org.br\/terco-da-divina-misericordia\/\">Santu\u00e1rio Divina misericordia<\/a><\/p>\n<\/div>\n<\/div>\n","protected":false},"excerpt":{"rendered":"<p>Como rezar o ter\u00e7o da Divina Miseric\u00f3rdia Entre as diversas formas de culto \u00e0 divina miseric\u00f3rdia, a Festa e o Ter\u00e7o da Divina Miseric\u00f3rdia ocupam uma posi\u00e7\u00e3o de destaque. Em 14 revela\u00e7\u00f5es especiais Jesus oferece \u00e0\u00a0Santa Faustina\u00a0esta nova forma de&#8230;<\/p>\n","protected":false},"author":4539,"featured_media":94,"parent":0,"menu_order":0,"comment_status":"closed","ping_status":"closed","template":"","meta":{"footnotes":""},"_links":{"self":[{"href":"https:\/\/blog.cancaonova.com\/misericordia\/wp-json\/wp\/v2\/pages\/93"}],"collection":[{"href":"https:\/\/blog.cancaonova.com\/misericordia\/wp-json\/wp\/v2\/pages"}],"about":[{"href":"https:\/\/blog.cancaonova.com\/misericordia\/wp-json\/wp\/v2\/types\/page"}],"author":[{"embeddable":true,"href":"https:\/\/blog.cancaonova.com\/misericordia\/wp-json\/wp\/v2\/users\/4539"}],"replies":[{"embeddable":true,"href":"https:\/\/blog.cancaonova.com\/misericordia\/wp-json\/wp\/v2\/comments?post=93"}],"version-history":[{"count":6,"href":"https:\/\/blog.cancaonova.com\/misericordia\/wp-json\/wp\/v2\/pages\/93\/revisions"}],"predecessor-version":[{"id":110,"href":"https:\/\/blog.cancaonova.com\/misericordia\/wp-json\/wp\/v2\/pages\/93\/revisions\/110"}],"wp:featuredmedia":[{"embeddable":true,"href":"https:\/\/blog.cancaonova.com\/misericordia\/wp-json\/wp\/v2\/media\/94"}],"wp:attachment":[{"href":"https:\/\/blog.cancaonova.com\/misericordia\/wp-json\/wp\/v2\/media?parent=93"}],"curies":[{"name":"wp","href":"https:\/\/api.w.org\/{rel}","templated":true}]}}