{"id":10038,"date":"2013-03-11T17:23:51","date_gmt":"2013-03-11T20:23:51","guid":{"rendered":"http:\/\/blog.cancaonova.com\/natal\/"},"modified":"2013-03-15T17:15:02","modified_gmt":"2013-03-15T20:15:02","slug":"formacao","status":"publish","type":"page","link":"https:\/\/blog.cancaonova.com\/natal\/jovenssarados\/formacao\/","title":{"rendered":"Forma\u00e7\u00e3o"},"content":{"rendered":"<p style=\"text-align: center\">\n<p style=\"text-align: justify\"><strong> o que \u00e9 forma\u00e7\u00e3o?<\/strong><\/p>\n<p style=\"text-align: justify\"><a href=\"http:\/\/blog.cancaonova.com\/natal\/files\/2013\/03\/lapidado.jpg\"><img loading=\"lazy\" decoding=\"async\" class=\"alignleft size-full wp-image-10205\" src=\"http:\/\/blog.cancaonova.com\/natal\/files\/2013\/03\/lapidado.jpg\" alt=\"\" width=\"194\" height=\"260\" \/><\/a> Ato, efeito ou modo de formar, constituir, caracter, modo por que se  constitui uma mentalidade, um caracter. O conjunto de elementos que  constitui um corpo ou tropas. Nome gen\u00e9tico de estrutura ou parte dela, e  que tem aspecto definido. Relativo a forma.(dicionario da lingua portuguesa).<\/p>\n<p style=\"text-align: justify\">Como pessoas estamos todos em processo de feitura, e esta se da atrav\u00e9s da minha decis\u00e3o em ser formado, ou melhor, de como, onde e quando tenho buscado esse moldar-me.<\/p>\n<p style=\"text-align: justify\">Como cidad\u00e3os do c\u00e9u( Filipenses 3;20) somos chamados a chegar a estatura do home perfeito que \u00e9 Cristo Jesus (Ef\u00e9sios 4;13) e para isso necessitamos de forma\u00e7\u00e3o, orienta\u00e7\u00e3o, auxilio.<\/p>\n<p style=\"text-align: justify\">E quando somos jovens ent\u00e3o essa sede de forma\u00e7\u00e3o aumenta, queremos saber de tudo um pouco. Mas ser\u00e1 que esse tudo \u00e9 o que realmente me forma? ou me deforma. N\u00e3o podemos beber de qualquer fonte. Somos chamados a algo mais, ao que realmente traz sentido a nossas vidas e nos ajuda a sermos melhores. Como filhos, amigos, estudantes, enfim, como gente.<\/p>\n<p style=\"text-align: justify\">\u00c9 isso que o <span style=\"color: #0000ff\">JS<\/span> quer ser para voc\u00ea. Uma m\u00e3o que lhe ajude a caminhar e assim juntos\u00a0 <span style=\"color: #000000\">trliharmos <\/span>desnudarmos esse belo processo de conhecimento e amor. A jesus, a n\u00f3s, e a vida.<\/p>\n<p style=\"text-align: justify\">Bora nos forma?<\/p>\n<p style=\"text-align: justify\"><a href=\"http:\/\/blog.cancaonova.com\/natal\/category\/jovens-sarados\/\" target=\"_self\">Se liga e Clica a\u00ea!!!<\/a><\/p>\n<p style=\"text-align: left\">\n<p style=\"text-align: left\">\n<p style=\"text-align: left\">\n","protected":false},"excerpt":{"rendered":"<p>o que \u00e9 forma\u00e7\u00e3o? Ato, efeito ou modo de formar, constituir, caracter, modo por que se constitui uma mentalidade, um caracter. O conjunto de elementos que constitui um corpo ou tropas. Nome gen\u00e9tico de estrutura ou parte dela, e que&#8230;<\/p>\n","protected":false},"author":3131,"featured_media":0,"parent":3960,"menu_order":2,"comment_status":"closed","ping_status":"closed","template":"","meta":{"_mi_skip_tracking":false,"_monsterinsights_sitenote_active":false,"_monsterinsights_sitenote_note":"","_monsterinsights_sitenote_category":0,"footnotes":""},"_links":{"self":[{"href":"https:\/\/blog.cancaonova.com\/natal\/wp-json\/wp\/v2\/pages\/10038"}],"collection":[{"href":"https:\/\/blog.cancaonova.com\/natal\/wp-json\/wp\/v2\/pages"}],"about":[{"href":"https:\/\/blog.cancaonova.com\/natal\/wp-json\/wp\/v2\/types\/page"}],"author":[{"embeddable":true,"href":"https:\/\/blog.cancaonova.com\/natal\/wp-json\/wp\/v2\/users\/3131"}],"replies":[{"embeddable":true,"href":"https:\/\/blog.cancaonova.com\/natal\/wp-json\/wp\/v2\/comments?post=10038"}],"version-history":[{"count":9,"href":"https:\/\/blog.cancaonova.com\/natal\/wp-json\/wp\/v2\/pages\/10038\/revisions"}],"predecessor-version":[{"id":10218,"href":"https:\/\/blog.cancaonova.com\/natal\/wp-json\/wp\/v2\/pages\/10038\/revisions\/10218"}],"up":[{"embeddable":true,"href":"https:\/\/blog.cancaonova.com\/natal\/wp-json\/wp\/v2\/pages\/3960"}],"wp:attachment":[{"href":"https:\/\/blog.cancaonova.com\/natal\/wp-json\/wp\/v2\/media?parent=10038"}],"curies":[{"name":"wp","href":"https:\/\/api.w.org\/{rel}","templated":true}]}}