{"id":10040,"date":"2013-03-11T17:24:47","date_gmt":"2013-03-11T20:24:47","guid":{"rendered":"http:\/\/blog.cancaonova.com\/natal\/"},"modified":"2013-05-10T17:55:21","modified_gmt":"2013-05-10T20:55:21","slug":"maranata","status":"publish","type":"page","link":"https:\/\/blog.cancaonova.com\/natal\/jovenssarados\/maranata\/","title":{"rendered":"Maranath\u00e1"},"content":{"rendered":"<p style=\"text-align: center\"><strong>MARANATH\u00c1 \u2013 JS RN <\/strong><\/p>\n<p style=\"text-align: justify\">O &#8220;Maranath\u00e1&#8221; para a Comunidade Can\u00e7\u00e3o Nova de Natal\/RN \u00e9 uma das mais lindas formas de Evangeliza\u00e7\u00e3o para a juventude. Veio como uma inspira\u00e7\u00e3o no Grupo Jovens Sarados RN como proposta de Retiro de Experi\u00eancia com Deus para Jovens, vem crescendo a cada dia e encontrando o seu lugar na miss\u00e3o como uma marca registrada da Juventude CN em terras potiguares.<\/p>\n<p style=\"text-align: justify\">A 1\u00aa edi\u00e7\u00e3o do retiro aconteceu em Jun\/2012 no Eremit\u00e9rio do Santo Lenho em Maca\u00edba\/RN e contou com a participa\u00e7\u00e3o de 51 jovens. \u201cFoi incr\u00edvel o que pudemos contemplar naqueles dias. Vimos e ouvimos dezenas de testemunhos de Jovens que estavam no fundo do po\u00e7o e que ali Deus pode literalmente retir\u00e1-los da lama como pudemos ver em uma das nossas din\u00e2micas&#8230;\u201d completa organizadores do retiro.<br \/>\nEsta foi a primeira edi\u00e7\u00e3o e n\u00e3o pretendemos parar mais!<\/p>\n<p style=\"text-align: justify\">Siga-nos nesta linda trilha rumo ao c\u00e9u&#8230;\u00e9 pra l\u00e1 que eu vou! E voc\u00ea?<\/p>\n<p><strong>I MARANATH\u00c1: <\/strong>Jovem, vem e segue-me<strong> <\/strong><\/p>\n<p><object classid=\"d27cdb6e-ae6d-11cf-96b8-444553540000\" width=\"600\" height=\"400\"><param name=\"flashvars\" value=\"host=picasaweb.google.com&amp;hl=pt_BR&amp;feat=flashalbum&amp;RGB=0x000000&amp;feed=https%3A%2F%2Fpicasaweb.google.com%2Fdata%2Ffeed%2Fapi%2Fuser%2F100641172039633767161%2Falbumid%2F5855205593829307633%3Falt%3Drss%26kind%3Dphoto%26authkey%3DGv1sRgCNyN3LHVwd2aQw%26hl%3Dpt_BR\" \/><param name=\"src\" value=\"https:\/\/picasaweb.google.com\/s\/c\/bin\/slideshow.swf\" \/><embed type=\"application\/x-shockwave-flash\" width=\"600\" height=\"400\" src=\"https:\/\/picasaweb.google.com\/s\/c\/bin\/slideshow.swf\" flashvars=\"host=picasaweb.google.com&amp;hl=pt_BR&amp;feat=flashalbum&amp;RGB=0x000000&amp;feed=https%3A%2F%2Fpicasaweb.google.com%2Fdata%2Ffeed%2Fapi%2Fuser%2F100641172039633767161%2Falbumid%2F5855205593829307633%3Falt%3Drss%26kind%3Dphoto%26authkey%3DGv1sRgCNyN3LHVwd2aQw%26hl%3Dpt_BR\"><\/embed><\/object><\/p>\n<p style=\"text-align: justify\"><strong>II MARANATH\u00c1: <\/strong>Jovem vai falar por mim<strong><br \/>\n<\/strong><\/p>\n<p><object classid=\"d27cdb6e-ae6d-11cf-96b8-444553540000\" width=\"600\" height=\"400\"><param name=\"flashvars\" value=\"host=picasaweb.google.com&amp;hl=pt_BR&amp;feat=flashalbum&amp;RGB=0x000000&amp;feed=https%3A%2F%2Fpicasaweb.google.com%2Fdata%2Ffeed%2Fapi%2Fuser%2F100641172039633767161%2Falbumid%2F5855284693739316721%3Falt%3Drss%26kind%3Dphoto%26authkey%3DGv1sRgCKjO_q_ijZHWcA%26hl%3Dpt_BR\" \/><param name=\"src\" value=\"https:\/\/picasaweb.google.com\/s\/c\/bin\/slideshow.swf\" \/><embed type=\"application\/x-shockwave-flash\" width=\"600\" height=\"400\" src=\"https:\/\/picasaweb.google.com\/s\/c\/bin\/slideshow.swf\" flashvars=\"host=picasaweb.google.com&amp;hl=pt_BR&amp;feat=flashalbum&amp;RGB=0x000000&amp;feed=https%3A%2F%2Fpicasaweb.google.com%2Fdata%2Ffeed%2Fapi%2Fuser%2F100641172039633767161%2Falbumid%2F5855284693739316721%3Falt%3Drss%26kind%3Dphoto%26authkey%3DGv1sRgCKjO_q_ijZHWcA%26hl%3Dpt_BR\"><\/embed><\/object><\/p>\n<p style=\"text-align: justify\">O QUE SIGNIFICA MARANATH\u00c1?<\/p>\n<p style=\"text-align: justify\">Maranath\u00e1 \u00e9 uma express\u00e3o aramaica que significa \u201cO Senhor vem, ele veio, ele est\u00e1 aqui\u201d. Ou ainda como narra o livro do Apocalipse 22,20 \u201cMaranath\u00e1, vem senhor Jesus!\u201d, \u00e9 um pedido cheio de confian\u00e7a neste Senhor que \u00e9 presente e que est\u00e1 no meio de n\u00f3s para que Ele realize e implante no meio de n\u00f3s definitivamente o seu Reino de Amor.<\/p>\n<p style=\"text-align: justify\">Clique <a href=\"http:\/\/blog.cancaonova.com\/natal\/category\/maranatha-2\/\" target=\"_self\">AQUI<\/a> e saiba quando ser\u00e1 o proximo Maranath\u00e1!!!<\/p>\n","protected":false},"excerpt":{"rendered":"<p>MARANATH\u00c1 \u2013 JS RN O &#8220;Maranath\u00e1&#8221; para a Comunidade Can\u00e7\u00e3o Nova de Natal\/RN \u00e9 uma das mais lindas formas de Evangeliza\u00e7\u00e3o para a juventude. Veio como uma inspira\u00e7\u00e3o no Grupo Jovens Sarados RN como proposta de Retiro de Experi\u00eancia com&#8230;<\/p>\n","protected":false},"author":3131,"featured_media":0,"parent":3960,"menu_order":3,"comment_status":"closed","ping_status":"closed","template":"","meta":{"_mi_skip_tracking":false,"_monsterinsights_sitenote_active":false,"_monsterinsights_sitenote_note":"","_monsterinsights_sitenote_category":0,"footnotes":""},"_links":{"self":[{"href":"https:\/\/blog.cancaonova.com\/natal\/wp-json\/wp\/v2\/pages\/10040"}],"collection":[{"href":"https:\/\/blog.cancaonova.com\/natal\/wp-json\/wp\/v2\/pages"}],"about":[{"href":"https:\/\/blog.cancaonova.com\/natal\/wp-json\/wp\/v2\/types\/page"}],"author":[{"embeddable":true,"href":"https:\/\/blog.cancaonova.com\/natal\/wp-json\/wp\/v2\/users\/3131"}],"replies":[{"embeddable":true,"href":"https:\/\/blog.cancaonova.com\/natal\/wp-json\/wp\/v2\/comments?post=10040"}],"version-history":[{"count":17,"href":"https:\/\/blog.cancaonova.com\/natal\/wp-json\/wp\/v2\/pages\/10040\/revisions"}],"predecessor-version":[{"id":10089,"href":"https:\/\/blog.cancaonova.com\/natal\/wp-json\/wp\/v2\/pages\/10040\/revisions\/10089"}],"up":[{"embeddable":true,"href":"https:\/\/blog.cancaonova.com\/natal\/wp-json\/wp\/v2\/pages\/3960"}],"wp:attachment":[{"href":"https:\/\/blog.cancaonova.com\/natal\/wp-json\/wp\/v2\/media?parent=10040"}],"curies":[{"name":"wp","href":"https:\/\/api.w.org\/{rel}","templated":true}]}}