{"id":10481,"date":"2013-05-13T12:01:49","date_gmt":"2013-05-13T15:01:49","guid":{"rendered":"http:\/\/blog.cancaonova.com\/natal\/"},"modified":"2016-04-04T15:57:31","modified_gmt":"2016-04-04T18:57:31","slug":"a-voz-do-pastor","status":"publish","type":"page","link":"https:\/\/blog.cancaonova.com\/natal\/a-voz-do-pastor\/","title":{"rendered":"A voz do pastor"},"content":{"rendered":"<p style=\"text-align: center\"><a href=\"http:\/\/blog.cancaonova.com\/natal\/files\/2013\/05\/Assembleia-300x200.jpg\"><img loading=\"lazy\" decoding=\"async\" class=\"aligncenter wp-image-12201\" src=\"http:\/\/blog.cancaonova.com\/natal\/files\/2013\/05\/Assembleia-300x200-280x187.jpg\" alt=\"Assembleia-300x200\" width=\"480\" height=\"320\" srcset=\"https:\/\/blog.cancaonova.com\/natal\/files\/2013\/05\/Assembleia-300x200-280x187.jpg 280w, https:\/\/blog.cancaonova.com\/natal\/files\/2013\/05\/Assembleia-300x200.jpg 300w\" sizes=\"(max-width: 480px) 100vw, 480px\" \/><\/a><a href=\"http:\/\/blog.cancaonova.com\/natal\/files\/2013\/05\/dom-jaime.jpg\"><br \/>\n<\/a>Somos Igreja e por isso nos colocamos totalmente ao seu servi\u00e7o! Queremos a cada dia levar ao povo portigu\u00e1 a mensagem de nosso querido Arcebispo Metropolitano Dom Jaime Vieira Rocha.<\/p>\n<p>Essa pagina a v\u00f3z do pastor tem como finalidade, divulgar os comunicados e artigos que nosso querido Dom jaime escreve. Suas oriente\u00e7\u00f5es para nossa Arquidiocese etc&#8230;<\/p>\n<p>Queremos estar unidos ao Pastor e ouvir a sua voz, para que assim possamos corresponder melhor a vontade de Deus!!!<\/p>\n<p>Clique<a href=\"http:\/\/blog.cancaonova.com\/natal\/category\/igreja\/a-voz-do-pastor\/\" target=\"_self\"> AQUI<\/a> e fique por dentro!!!<\/p>\n","protected":false},"excerpt":{"rendered":"<p>Somos Igreja e por isso nos colocamos totalmente ao seu servi\u00e7o! Queremos a cada dia levar ao povo portigu\u00e1 a mensagem de nosso querido Arcebispo Metropolitano Dom Jaime Vieira Rocha. Essa pagina a v\u00f3z do pastor tem como finalidade, divulgar&#8230;<\/p>\n","protected":false},"author":3131,"featured_media":0,"parent":0,"menu_order":9,"comment_status":"open","ping_status":"closed","template":"","meta":{"_mi_skip_tracking":false,"_monsterinsights_sitenote_active":false,"_monsterinsights_sitenote_note":"","_monsterinsights_sitenote_category":0,"footnotes":""},"_links":{"self":[{"href":"https:\/\/blog.cancaonova.com\/natal\/wp-json\/wp\/v2\/pages\/10481"}],"collection":[{"href":"https:\/\/blog.cancaonova.com\/natal\/wp-json\/wp\/v2\/pages"}],"about":[{"href":"https:\/\/blog.cancaonova.com\/natal\/wp-json\/wp\/v2\/types\/page"}],"author":[{"embeddable":true,"href":"https:\/\/blog.cancaonova.com\/natal\/wp-json\/wp\/v2\/users\/3131"}],"replies":[{"embeddable":true,"href":"https:\/\/blog.cancaonova.com\/natal\/wp-json\/wp\/v2\/comments?post=10481"}],"version-history":[{"count":7,"href":"https:\/\/blog.cancaonova.com\/natal\/wp-json\/wp\/v2\/pages\/10481\/revisions"}],"predecessor-version":[{"id":12202,"href":"https:\/\/blog.cancaonova.com\/natal\/wp-json\/wp\/v2\/pages\/10481\/revisions\/12202"}],"wp:attachment":[{"href":"https:\/\/blog.cancaonova.com\/natal\/wp-json\/wp\/v2\/media?parent=10481"}],"curies":[{"name":"wp","href":"https:\/\/api.w.org\/{rel}","templated":true}]}}