{"id":12332,"date":"2017-05-08T08:23:01","date_gmt":"2017-05-08T11:23:01","guid":{"rendered":"http:\/\/blog.cancaonova.com\/natal\/?page_id=12332"},"modified":"2017-05-08T08:23:01","modified_gmt":"2017-05-08T11:23:01","slug":"perfil-de-natal","status":"publish","type":"page","link":"https:\/\/blog.cancaonova.com\/natal\/perfil-de-natal\/","title":{"rendered":"Perfil de Natal"},"content":{"rendered":"<h1>NATAL<\/h1>\n<p>Natal, capital do Estado do Rio Grande do Norte, foi fundada em 1599 \u00e0s margens do Rio Potengi. Com uma \u00e1rea de 170,298 km\u00b2, e popula\u00e7\u00e3o de 817.590 habitantes, de acordo com dados do Instituto Brasileiro de Geografia e Est\u00e1ticas (IBGE), de 2012, \u00e9 conhecida por suas belezas naturais, lindas praias, dunas, lagoas e coqueiros.<\/p>\n<p><img loading=\"lazy\" decoding=\"async\" class=\"alignnone size-large wp-image-12334\" src=\"http:\/\/blog.cancaonova.com\/natal\/files\/2017\/05\/NATAL-PontaNegra-600x300.jpg\" alt=\"\" width=\"600\" height=\"300\" srcset=\"https:\/\/blog.cancaonova.com\/natal\/files\/2017\/05\/NATAL-PontaNegra-600x300.jpg 600w, https:\/\/blog.cancaonova.com\/natal\/files\/2017\/05\/NATAL-PontaNegra-300x150.jpg 300w, https:\/\/blog.cancaonova.com\/natal\/files\/2017\/05\/NATAL-PontaNegra-150x75.jpg 150w\" sizes=\"(max-width: 600px) 100vw, 600px\" \/><\/p>\n<p>\u00c9 tamb\u00e9m conhecida como Cidade do Sol, porque o sol brilha durante o ano todo e s\u00f3 descansa nos per\u00edodos de chuva entre mar\u00e7o e julho. Al\u00e9m dessas vantagens, Natal \u00e9 considerada a cidade que possui o ar mais puro da Am\u00e9rica do Sul el possui um dos mais belos litorais do Brasil, que se estende por mais de 400 Kms e um povo hospitaleiro que recebe os visitantes de bra\u00e7os abertos.<\/p>\n<p>Ponta Negra \u00e9 a praia mais \u00e9 a mais badalada da cidade, boa para banhos, com infra &#8211; estrutura de hot\u00e9is, restaurantes e vida noturna bem agitada. As praias mais paradis\u00edacas ficam nas cidades vizinhas, entre as praias destacam-se B\u00fazios e Barra de Tabatinga ao sul da capital, e as dunas de Genipabu, ao norte, al\u00e9m da Praia da Pipa que fica a 80 Km. A partir de Natal fica f\u00e1cil conhecer os mais belos lugares do Rio Grande do Norte.<\/p>\n<h2>\nFunda\u00e7\u00e3o da Cidade<\/h2>\n<p>Tudo come\u00e7ou com as Capitanias Heredit\u00e1rias quando o Rei de Portugal Dom Jo\u00e3o III, em 1530, dividiu o Brasil em lotes. As terras que hoje correspondem ao Rio Grande do Norte couberam a Jo\u00e3o de Barros e Aires da Cunha. A primeira expedi\u00e7\u00e3o portuguesa aconteceu cinco anos depois com o objetivo de colonizar as terras. Antes disso, os franceses j\u00e1 aportavam por aqui para contrabandear o pau-brasil. E esse foi o principal motivo do fracasso da primeira tentativa de coliniza\u00e7\u00e3o. Os \u00edndios potiguares, ajudavam os franceses a combater os colonizadores, impedindo, a fixa\u00e7\u00e3o dos portugueses em terras potiguares.<\/p>\n<p><img loading=\"lazy\" decoding=\"async\" class=\"alignnone size-large wp-image-12333\" src=\"http:\/\/blog.cancaonova.com\/natal\/files\/2017\/05\/NATAL-FortalezaReisMagos-600x300.jpg\" alt=\"\" width=\"600\" height=\"300\" srcset=\"https:\/\/blog.cancaonova.com\/natal\/files\/2017\/05\/NATAL-FortalezaReisMagos-600x300.jpg 600w, https:\/\/blog.cancaonova.com\/natal\/files\/2017\/05\/NATAL-FortalezaReisMagos-300x150.jpg 300w, https:\/\/blog.cancaonova.com\/natal\/files\/2017\/05\/NATAL-FortalezaReisMagos-150x75.jpg 150w\" sizes=\"(max-width: 600px) 100vw, 600px\" \/><\/p>\n<p>Passados 62 anos, em 25 de dezembro de 1597, uma nova expedi\u00e7\u00e3o portuguesa, desta vez comandada por Mascarenhas Homem e Jer\u00f4nimo de Albuquerque, chegou para expulsar os franceses e reconquistar a capitania. Como estrat\u00e9gia de defesa, contra o ataque dos \u00edndios e dos cors\u00e1rios franceses, doze dias depois os portugueses come\u00e7am a construir um forte que foi chamado de Fortaleza dos Reis Magos, por ter sido iniciada no dia dos Santos Reis. O forte foi projetado pelo Padre Gaspar de Samperes, o mesmo arquiteto que projetou a Igreja Matriz de Nossa Senhora da Apresenta\u00e7\u00e3o.<\/p>\n<p>Conclu\u00eddo o forte, logo se formou um povoado que, segundo alguns historiadores, foi chamado de Cidade dos Reis. Depois, Cidade do Natal. O nome da cidade \u00e9 explicado em duas vers\u00f5es: refere-se ao dia que a esquadra entrou na barra do Potengi ou a data da demarca\u00e7\u00e3o do s\u00edtio, realizada por Jer\u00f4nimo de Albuquerque no dia 25 de dezembro de 1599.<br \/>\nCom o dom\u00ednio holandes, em 1633, a rotina do povoado que come\u00e7a evoluir foi totalmente mudada. Durante 21 anos, o forte passou a se chamar Castelo de Keulen e Natal Nova Amsterd\u00e3. Com a sa\u00edda dos Holandeses, a cidade volta a normalidade. Nos primeiros 100 anos de sua exist\u00eancia, Natal apresentou crescimento lento. Por\u00e9m, no final do s\u00e9culo XIX, a cidade j\u00e1 possuia uma popuala\u00e7\u00e3o de mais de 16 mil habitantes.<\/p>\n<p>A partir de 1922, o desenvolvimento de Natal ganhou r\u00edtmo acelerado com o aparecimento das primeiras atividades urbanas. Pela sua posi\u00e7\u00e3o geogr\u00e1fica privilegiada \u00e9 o ponto das Am\u00e9ricas mais pr\u00f3ximo da Europa, na II\u00ba. Grande Guerra Mundial, j\u00e1 no s\u00e9culo XX, serviu de base militar para os nortes americanos, ganhando ares de metr\u00f3pole internacional, transformando definitivamente Natal e a cidade teve seu nome conhecido por milh\u00f5es de cidad\u00e3os pelo mundo.<br \/>\nNos anos p\u00f3s-guerra a cidade continuaria a se desenvolver e sua popula\u00e7\u00e3o cresceria, mas s\u00f3 alguns anos mais tarde \u00e9 que esse quadro mudaria definitivamente. Foi no inicio da d\u00e9cada dos anos 80 com a constru\u00e7\u00e3o da Via Costeira este um marco importante. S\u00e3o 10 km de praias com uma excelente rede de hot\u00e9is entre as Dunas e o Mar.<\/p>\n<p>Fonte:\u00a0<a href=\"https:\/\/natal.rn.gov.br\/\" target=\"_blank\">https:\/\/natal.rn.gov.br\/<\/a> (acessado em 08\/05\/2017)<\/p>\n","protected":false},"excerpt":{"rendered":"<p>NATAL Natal, capital do Estado do Rio Grande do Norte, foi fundada em 1599 \u00e0s margens do Rio Potengi. Com uma \u00e1rea de 170,298 km\u00b2, e popula\u00e7\u00e3o de 817.590 habitantes, de acordo com dados do Instituto Brasileiro de Geografia e&#8230;<\/p>\n","protected":false},"author":4645,"featured_media":0,"parent":0,"menu_order":0,"comment_status":"closed","ping_status":"closed","template":"","meta":{"_mi_skip_tracking":false,"_monsterinsights_sitenote_active":false,"_monsterinsights_sitenote_note":"","_monsterinsights_sitenote_category":0,"footnotes":""},"_links":{"self":[{"href":"https:\/\/blog.cancaonova.com\/natal\/wp-json\/wp\/v2\/pages\/12332"}],"collection":[{"href":"https:\/\/blog.cancaonova.com\/natal\/wp-json\/wp\/v2\/pages"}],"about":[{"href":"https:\/\/blog.cancaonova.com\/natal\/wp-json\/wp\/v2\/types\/page"}],"author":[{"embeddable":true,"href":"https:\/\/blog.cancaonova.com\/natal\/wp-json\/wp\/v2\/users\/4645"}],"replies":[{"embeddable":true,"href":"https:\/\/blog.cancaonova.com\/natal\/wp-json\/wp\/v2\/comments?post=12332"}],"version-history":[{"count":1,"href":"https:\/\/blog.cancaonova.com\/natal\/wp-json\/wp\/v2\/pages\/12332\/revisions"}],"predecessor-version":[{"id":12335,"href":"https:\/\/blog.cancaonova.com\/natal\/wp-json\/wp\/v2\/pages\/12332\/revisions\/12335"}],"wp:attachment":[{"href":"https:\/\/blog.cancaonova.com\/natal\/wp-json\/wp\/v2\/media?parent=12332"}],"curies":[{"name":"wp","href":"https:\/\/api.w.org\/{rel}","templated":true}]}}