{"id":12338,"date":"2017-05-08T08:25:46","date_gmt":"2017-05-08T11:25:46","guid":{"rendered":"http:\/\/blog.cancaonova.com\/natal\/?page_id=12338"},"modified":"2018-09-26T12:17:04","modified_gmt":"2018-09-26T15:17:04","slug":"radio-cancao-nova","status":"publish","type":"page","link":"https:\/\/blog.cancaonova.com\/natal\/radio-cancao-nova\/","title":{"rendered":"R\u00e1dio Can\u00e7\u00e3o Nova"},"content":{"rendered":"<p>A&nbsp;<strong>R\u00e1dio Can\u00e7\u00e3o Nova<\/strong> traz informa\u00e7\u00f5es, 24h&nbsp;por dia,&nbsp;sobre assuntos da Igreja e atualidade, entretenimento, variedade, sa\u00fade, educa\u00e7\u00e3o, cultura, compromisso social, cidadania; e em tudo, segue \u201cEspalhando o amor de Deus pelo ar\u201d que \u00e9 a marca da R\u00e1dio Can\u00e7\u00e3o Nova, levando o ouvinte ao encontro pessoal com Jesus.<\/p>\n<h4>Aplicativo<\/h4>\n<p class=\" \">Acompanhe diariamente toda a programa\u00e7\u00e3o da <strong>R\u00e1dio Can\u00e7\u00e3o Nova<\/strong> por meio do <strong>Aplicativo R\u00e1dios Can\u00e7\u00e3o Nova<\/strong>. O aplicativo disponibiliza o player e a programa\u00e7\u00e3o completa de toda a <strong>Rede Can\u00e7\u00e3o Nova de R\u00e1dio<\/strong>. Al\u00e9m disso, o usu\u00e1rio poder\u00e1 escolher qual R\u00e1dio ele pretende ouvir e interagir da melhor forma poss\u00edvel. O aplicativo foi desenvolvido pela <strong>Comunidade Can\u00e7\u00e3o Nova<\/strong> com o objetivo de anunciar a Boa Nova do Reino e revelar Seu imenso amor por cada um de n\u00f3s, \u201cfilhos amados e escolhidos\u201d.<\/p>\n<p><strong>Baixe o aplicativo \u201cR\u00e1dio Can\u00e7\u00e3o Nova\u201d<\/strong><\/p>\n<p><a href=\"https:\/\/itunes.apple.com\/br\/app\/radio-cancao-nova\/id998361007?mt=8\"><img loading=\"lazy\" decoding=\"async\" class=\"alignnone wp-image-12442\" src=\"http:\/\/blog.cancaonova.com\/natal\/files\/2017\/05\/IOS-280x280.png\" alt=\"\" width=\"94\" height=\"94\" srcset=\"https:\/\/blog.cancaonova.com\/natal\/files\/2017\/05\/IOS-280x280.png 280w, https:\/\/blog.cancaonova.com\/natal\/files\/2017\/05\/IOS-150x150.png 150w, https:\/\/blog.cancaonova.com\/natal\/files\/2017\/05\/IOS.png 300w\" sizes=\"(max-width: 94px) 100vw, 94px\" \/><\/a><a href=\"https:\/\/play.google.com\/store\/apps\/details?id=com.cancaonova.radios&amp;hl=pt\"><img loading=\"lazy\" decoding=\"async\" class=\"wp-image-12445 alignleft\" src=\"http:\/\/blog.cancaonova.com\/natal\/files\/2017\/05\/Androide-276x280.jpg\" alt=\"\" width=\"115\" height=\"116\" srcset=\"https:\/\/blog.cancaonova.com\/natal\/files\/2017\/05\/Androide-276x280.jpg 276w, https:\/\/blog.cancaonova.com\/natal\/files\/2017\/05\/Androide-150x150.jpg 150w, https:\/\/blog.cancaonova.com\/natal\/files\/2017\/05\/Androide.jpg 296w\" sizes=\"(max-width: 115px) 100vw, 115px\" \/><\/a><\/p>\n<p>&nbsp;<\/p>\n<p class=\" \">R\u00e1dio Can\u00e7\u00e3o Nova, espalhando o Amor pelo ar!<\/p>\n<p>&nbsp;<\/p>\n<p align=\"JUSTIFY\"><strong>Veja tamb\u00e9m:<\/strong><\/p>\n<p align=\"JUSTIFY\">\u25ba Acesse: <a href=\"http:\/\/radio.cancaonova.com\/\" target=\"_blank\" rel=\"noopener\">radio.cancaonova.com<\/a>&nbsp;<em>(link externo)<\/em><\/p>\n","protected":false},"excerpt":{"rendered":"<p>A&nbsp;R\u00e1dio Can\u00e7\u00e3o Nova traz informa\u00e7\u00f5es, 24h&nbsp;por dia,&nbsp;sobre assuntos da Igreja e atualidade, entretenimento, variedade, sa\u00fade, educa\u00e7\u00e3o, cultura, compromisso social, cidadania; e em tudo, segue \u201cEspalhando o amor de Deus pelo ar\u201d que \u00e9 a marca da R\u00e1dio Can\u00e7\u00e3o Nova, levando&#8230;<\/p>\n","protected":false},"author":4645,"featured_media":0,"parent":0,"menu_order":0,"comment_status":"closed","ping_status":"closed","template":"","meta":{"_mi_skip_tracking":false,"_monsterinsights_sitenote_active":false,"_monsterinsights_sitenote_note":"","_monsterinsights_sitenote_category":0,"footnotes":""},"_links":{"self":[{"href":"https:\/\/blog.cancaonova.com\/natal\/wp-json\/wp\/v2\/pages\/12338"}],"collection":[{"href":"https:\/\/blog.cancaonova.com\/natal\/wp-json\/wp\/v2\/pages"}],"about":[{"href":"https:\/\/blog.cancaonova.com\/natal\/wp-json\/wp\/v2\/types\/page"}],"author":[{"embeddable":true,"href":"https:\/\/blog.cancaonova.com\/natal\/wp-json\/wp\/v2\/users\/4645"}],"replies":[{"embeddable":true,"href":"https:\/\/blog.cancaonova.com\/natal\/wp-json\/wp\/v2\/comments?post=12338"}],"version-history":[{"count":11,"href":"https:\/\/blog.cancaonova.com\/natal\/wp-json\/wp\/v2\/pages\/12338\/revisions"}],"predecessor-version":[{"id":12450,"href":"https:\/\/blog.cancaonova.com\/natal\/wp-json\/wp\/v2\/pages\/12338\/revisions\/12450"}],"wp:attachment":[{"href":"https:\/\/blog.cancaonova.com\/natal\/wp-json\/wp\/v2\/media?parent=12338"}],"curies":[{"name":"wp","href":"https:\/\/api.w.org\/{rel}","templated":true}]}}