{"id":1476,"date":"2009-03-06T14:18:33","date_gmt":"2009-03-06T17:18:33","guid":{"rendered":"http:\/\/blog.cancaonova.com\/natal\/?page_id=1476"},"modified":"2016-11-19T00:30:42","modified_gmt":"2016-11-19T03:30:42","slug":"equipe-vocacional","status":"publish","type":"page","link":"https:\/\/blog.cancaonova.com\/natal\/nossas-atividades\/equipe-vocacional\/","title":{"rendered":"Vocacional"},"content":{"rendered":"<p><img loading=\"lazy\" decoding=\"async\" class=\"size-thumbnail wp-image-1477 alignleft\" src=\"http:\/\/blog.cancaonova.com\/natal\/files\/2009\/03\/prov17-150x150.jpg\" alt=\"\" width=\"150\" height=\"150\" \/><\/p>\n<p style=\"text-align: justify\">A Comunidade Can\u00e7\u00e3o Nova \u00e9 uma Associa\u00e7\u00e3o Internacional de Fi\u00e9is de Direito Pontif\u00edcio, que tem como carisma a forma\u00e7\u00e3o de homens e mulheres novos para um mundo novo. Evangelizamos atrav\u00e9s dos encontros e dos\u00a0meios de comunica\u00e7\u00e3o social (R\u00e1dio, TV, Internet). Nascemos da Exorta\u00e7\u00e3o Apost\u00f3lica Evangelli Nuntiandi, do Papa Paulo VI, que urge evangelizar o povo de Deus.<\/p>\n<p style=\"text-align: justify\">Voc\u00ea pode conhecer mais a Can\u00e7\u00e3o Nova. \u00c9 s\u00f3 clicar para conhecer mais: <a href=\"http:\/\/comunidade.cancaonova.com\" target=\"_blank\"><strong>Comunidade Can\u00e7\u00e3o Nova<\/strong><\/a><\/p>\n<p style=\"text-align: justify\">Muitas pessoas conhecem a Can\u00e7\u00e3o Nova, mas uma parcela dessas pessoas se encanta um pouco mais.\u00a0S\u00e3o pessoas que\u00a0se sentem impulsionadas a viver como n\u00f3s vivemos, em todos os aspectos. Se voc\u00ea se sente assim, e quer saber mais sobre a voca\u00e7\u00e3o Can\u00e7\u00e3o Nova, tome nota do passo que voc\u00ea precisa dar:<\/p>\n<p style=\"text-align: justify\">&#8211; Procure conhecer mais a Comunidade, atrav\u00e9s da Casa de Miss\u00e3o mais pr\u00f3xima de voc\u00ea. Sempre temos variadas atividades, hoje as nossas atividades em Natal s\u00e3o: Missa em honra a S\u00e3o Miguel Arcanjo toda a ter\u00e7a-feira \u00e0s 12h na Catedral, SOS ora\u00e7\u00e3o toda as te\u00e7a-feira ap\u00f3s a missa de S\u00e3o Miguel Arcanjo na Catedral, Forma\u00e7\u00e3o para Grupo de Amigos toda 2\u00ba Quinta-feira de cada m\u00eas na Col\u00e9gio Salesiano S\u00e3o Jos\u00e9 na Ribeira, Grupo de Jovens Sarados todo s\u00e1bado no Col\u00e9gio Salesiano da Ribeira \u00e0s 14h e Santa Missa todos os s\u00e1bados no\u00a0Col\u00e9gio Salesiano S\u00e3o Jos\u00e9 na Ribeira \u00e0s 17h.<\/p>\n<p style=\"text-align: justify\">Atrav\u00e9s deste primeiro contato voc\u00ea poder\u00e1 ter mais informa\u00e7\u00f5es sobre um poss\u00edvel discernimento da vontade de Deus atrav\u00e9s da voca\u00e7\u00e3o na Can\u00e7\u00e3o Nova. Desde j\u00e1, que Deus aben\u00e7oe voc\u00ea e sua voca\u00e7\u00e3o!<\/p>\n<p>Equipe Vocacional Can\u00e7\u00e3o Nova<\/p>\n<p>Miss\u00e3o de Natal &#8211; RN<\/p>\n<p>Suzanne Freitas de Moura<br \/>\n<a href=\"mailto:vocacionalnatal@cancaonova.com\" target=\"_blank\">vocacionalnatal@cancaonova.com<\/a><\/p>\n<p>&nbsp;<\/p>\n","protected":false},"excerpt":{"rendered":"<p>A Comunidade Can\u00e7\u00e3o Nova \u00e9 uma Associa\u00e7\u00e3o Internacional de Fi\u00e9is de Direito Pontif\u00edcio, que tem como carisma a forma\u00e7\u00e3o de homens e mulheres novos para um mundo novo. Evangelizamos atrav\u00e9s dos encontros e dos\u00a0meios de comunica\u00e7\u00e3o social (R\u00e1dio, TV, Internet)&#8230;.<\/p>\n","protected":false},"author":3131,"featured_media":0,"parent":9869,"menu_order":3,"comment_status":"closed","ping_status":"closed","template":"","meta":{"_mi_skip_tracking":false,"_monsterinsights_sitenote_active":false,"_monsterinsights_sitenote_note":"","_monsterinsights_sitenote_category":0,"footnotes":""},"_links":{"self":[{"href":"https:\/\/blog.cancaonova.com\/natal\/wp-json\/wp\/v2\/pages\/1476"}],"collection":[{"href":"https:\/\/blog.cancaonova.com\/natal\/wp-json\/wp\/v2\/pages"}],"about":[{"href":"https:\/\/blog.cancaonova.com\/natal\/wp-json\/wp\/v2\/types\/page"}],"author":[{"embeddable":true,"href":"https:\/\/blog.cancaonova.com\/natal\/wp-json\/wp\/v2\/users\/3131"}],"replies":[{"embeddable":true,"href":"https:\/\/blog.cancaonova.com\/natal\/wp-json\/wp\/v2\/comments?post=1476"}],"version-history":[{"count":17,"href":"https:\/\/blog.cancaonova.com\/natal\/wp-json\/wp\/v2\/pages\/1476\/revisions"}],"predecessor-version":[{"id":12252,"href":"https:\/\/blog.cancaonova.com\/natal\/wp-json\/wp\/v2\/pages\/1476\/revisions\/12252"}],"up":[{"embeddable":true,"href":"https:\/\/blog.cancaonova.com\/natal\/wp-json\/wp\/v2\/pages\/9869"}],"wp:attachment":[{"href":"https:\/\/blog.cancaonova.com\/natal\/wp-json\/wp\/v2\/media?parent=1476"}],"curies":[{"name":"wp","href":"https:\/\/api.w.org\/{rel}","templated":true}]}}